{"id":19977,"date":"2022-10-07T07:08:06","date_gmt":"2022-10-07T07:08:06","guid":{"rendered":"https:\/\/cultivers.es\/abonos\/graines-de-poivron-au-chocolat-sucre-bio\/"},"modified":"2025-09-22T05:25:35","modified_gmt":"2025-09-22T05:25:35","slug":"graines-de-poivron-chocolat-doux-ecologique","status":"publish","type":"product","link":"https:\/\/cultivers.es\/fr\/abonnements\/graines-de-poivron-chocolat-doux-ecologique\/","title":{"rendered":"Graines de poivron au chocolat doux"},"content":{"rendered":"","protected":false},"excerpt":{"rendered":"<p>Le <strong>poivron Sweet Chocolate<\/strong> se distingue par sa belle couleur brun chocolat \u00e0 maturit\u00e9, un aspect inhabituel qui apporte de l&rsquo;originalit\u00e9 \u00e0 tout potager. Sa saveur est <strong>douce et sucr\u00e9e<\/strong>, avec une chair <strong>\u00e9paisse et croquante<\/strong>, ce qui en fait un choix parfait pour les salades, les sauces, les saut\u00e9s ou pour manger frais. Outre sa couleur attrayante, ce poivron est tr\u00e8s <strong>productif<\/strong> et s&rsquo;adapte bien \u00e0 diff\u00e9rentes conditions de culture.  <\/p>\n<p><strong>Fruits couleur chocolat :<\/strong> Les poivrons prennent une couleur brun fonc\u00e9 en m\u00fbrissant, offrant une pr\u00e9sentation unique et accrocheuse dans vos plats.<\/p>\n<p><strong>Saveur douce et sucr\u00e9e :<\/strong> sa douceur naturelle et sa texture charnue ajoutent une touche particuli\u00e8re aux recettes fra\u00eeches et cuisin\u00e9es.<\/p>\n<p><strong>Productivit\u00e9 \u00e9lev\u00e9e :<\/strong> Cette vari\u00e9t\u00e9 se distingue par une <strong>r\u00e9colte abondante<\/strong>, assurant un approvisionnement constant en piments tout au long de la saison.<\/p>\n<p><strong>Riche en nutriments :<\/strong> Source de vitamines A et C et d&rsquo;antioxydants, contribuant \u00e0 une alimentation \u00e9quilibr\u00e9e et saine.<\/p>\n<p><strong>Facile \u00e0 cultiver :<\/strong> rustique et adaptable \u00e0 diff\u00e9rents types de sols et de climats, il convient aussi bien aux d\u00e9butants qu&rsquo;aux jardiniers exp\u00e9riment\u00e9s.<\/p>\n<p><strong>Culture biologique :<\/strong> Nos semences sont 100% <strong>biologiques<\/strong>, sans pesticides ni engrais chimiques, garantissant un jardin <strong>durable<\/strong> et respectueux de l&rsquo;environnement.<\/p>\n<p>Appr\u00e9ciez la saveur et l&rsquo;originalit\u00e9 du <strong>poivre doux au chocolat biologique<\/strong> cultiv\u00e9 directement dans votre jardin, et ajoutez de la vari\u00e9t\u00e9 et de la douceur \u00e0 vos plats avec cette vari\u00e9t\u00e9 surprenante.<\/p>\n","protected":false},"featured_media":15539,"comment_status":"open","ping_status":"closed","template":"","meta":{"_acf_changed":false},"product_brand":[],"product_cat":[424,430],"product_tag":[1579],"class_list":{"0":"post-19977","1":"product","2":"type-product","3":"status-publish","4":"has-post-thumbnail","6":"product_cat-semences-biologiques","7":"product_cat-semences-de-fruits-et-legumes-biologiques","8":"product_tag-eco","10":"first","11":"instock","12":"sale","13":"taxable","14":"shipping-taxable","15":"purchasable","16":"product-type-simple"},"acf":[],"_links":{"self":[{"href":"https:\/\/cultivers.es\/fr\/wp-json\/wp\/v2\/product\/19977","targetHints":{"allow":["GET"]}}],"collection":[{"href":"https:\/\/cultivers.es\/fr\/wp-json\/wp\/v2\/product"}],"about":[{"href":"https:\/\/cultivers.es\/fr\/wp-json\/wp\/v2\/types\/product"}],"replies":[{"embeddable":true,"href":"https:\/\/cultivers.es\/fr\/wp-json\/wp\/v2\/comments?post=19977"}],"wp:featuredmedia":[{"embeddable":true,"href":"https:\/\/cultivers.es\/fr\/wp-json\/wp\/v2\/media\/15539"}],"wp:attachment":[{"href":"https:\/\/cultivers.es\/fr\/wp-json\/wp\/v2\/media?parent=19977"}],"wp:term":[{"taxonomy":"product_brand","embeddable":true,"href":"https:\/\/cultivers.es\/fr\/wp-json\/wp\/v2\/product_brand?post=19977"},{"taxonomy":"product_cat","embeddable":true,"href":"https:\/\/cultivers.es\/fr\/wp-json\/wp\/v2\/product_cat?post=19977"},{"taxonomy":"product_tag","embeddable":true,"href":"https:\/\/cultivers.es\/fr\/wp-json\/wp\/v2\/product_tag?post=19977"}],"curies":[{"name":"wp","href":"https:\/\/api.w.org\/{rel}","templated":true}]}}