{"id":19978,"date":"2022-10-07T07:08:06","date_gmt":"2022-10-07T07:08:06","guid":{"rendered":"https:\/\/cultivers.es\/abonos\/di-nizza-organic-zucchini-seeds-graines-de-courgettes\/"},"modified":"2025-09-22T05:33:56","modified_gmt":"2025-09-22T05:33:56","slug":"zucchini-di-nizza-ecological-zucchini-seeds","status":"publish","type":"product","link":"https:\/\/cultivers.es\/fr\/abonnements\/zucchini-di-nizza-ecological-zucchini-seeds\/","title":{"rendered":"Graines de courgette Di Nizza"},"content":{"rendered":"","protected":false},"excerpt":{"rendered":"<p>La <strong>courgette Di Nizza<\/strong> est une vari\u00e9t\u00e9 italienne traditionnelle appr\u00e9ci\u00e9e pour ses fruits ronds, de couleur vert clair avec de l\u00e9g\u00e8res stries plus claires. Son go\u00fbt est <strong>doux et d\u00e9licat<\/strong>, avec une chair <strong>tendre et juteuse<\/strong>, id\u00e9ale pour les salades, les r\u00f4tis, les farces ou les saut\u00e9s. En outre, son cycle de culture est <strong>rapide<\/strong> et <strong>productif<\/strong>, garantissant des r\u00e9coltes abondantes pendant la saison.  <\/p>\n<p><strong>Fruits ronds attrayants :<\/strong> produit des courgettes rondes de taille moyenne, d&rsquo;une apparence attrayante, parfaites pour des pr\u00e9sentations originales dans la cuisine.<\/p>\n<p><strong>Saveur douce et d\u00e9licate :<\/strong> sa saveur l\u00e9g\u00e8re et sa texture tendre la rendent polyvalente et adaptable \u00e0 une grande vari\u00e9t\u00e9 de recettes.<\/p>\n<p><strong>Croissance rapide et productivit\u00e9 \u00e9lev\u00e9e :<\/strong> fournit des r\u00e9coltes g\u00e9n\u00e9reuses en peu de temps, assurant une production continue et satisfaisante.<\/p>\n<p><strong>Riche en nutriments :<\/strong> La courgette fournit des vitamines, des min\u00e9raux et des fibres, ce qui en fait une option saine et \u00e9quilibr\u00e9e pour votre r\u00e9gime alimentaire.<\/p>\n<p><strong>Facile \u00e0 cultiver :<\/strong> rustique et adaptable \u00e0 diff\u00e9rents climats et sols, il est id\u00e9al pour les jardiniers d\u00e9butants et exp\u00e9riment\u00e9s.<\/p>\n<p><strong>Culture biologique :<\/strong> Nos semences sont <strong>100% biologiques<\/strong>, exemptes de pesticides et de produits chimiques, favorisant un jardin durable et respectueux de l&rsquo;environnement.<\/p>\n<p>Profitez de la qualit\u00e9, de la saveur et de la polyvalence de la <strong>courgette biologique Di Nizza<\/strong> directement dans votre jardin. Ajoutez cette vari\u00e9t\u00e9 \u00e0 votre jardin et enrichissez vos plats avec sa fra\u00eecheur et sa pr\u00e9sentation unique. Commandez d\u00e8s aujourd&rsquo;hui et commencez \u00e0 r\u00e9colter !  <\/p>\n","protected":false},"featured_media":15399,"comment_status":"open","ping_status":"closed","template":"","meta":{"_acf_changed":false},"product_brand":[],"product_cat":[424,430],"product_tag":[1579],"woo-feed-brand":[],"class_list":{"0":"post-19978","1":"product","2":"type-product","3":"status-publish","4":"has-post-thumbnail","6":"product_cat-semences-biologiques","7":"product_cat-semences-de-fruits-et-legumes-biologiques","8":"product_tag-eco","10":"first","11":"instock","12":"taxable","13":"shipping-taxable","14":"purchasable","15":"product-type-simple"},"acf":[],"_links":{"self":[{"href":"https:\/\/cultivers.es\/fr\/wp-json\/wp\/v2\/product\/19978","targetHints":{"allow":["GET"]}}],"collection":[{"href":"https:\/\/cultivers.es\/fr\/wp-json\/wp\/v2\/product"}],"about":[{"href":"https:\/\/cultivers.es\/fr\/wp-json\/wp\/v2\/types\/product"}],"replies":[{"embeddable":true,"href":"https:\/\/cultivers.es\/fr\/wp-json\/wp\/v2\/comments?post=19978"}],"wp:featuredmedia":[{"embeddable":true,"href":"https:\/\/cultivers.es\/fr\/wp-json\/wp\/v2\/media\/15399"}],"wp:attachment":[{"href":"https:\/\/cultivers.es\/fr\/wp-json\/wp\/v2\/media?parent=19978"}],"wp:term":[{"taxonomy":"product_brand","embeddable":true,"href":"https:\/\/cultivers.es\/fr\/wp-json\/wp\/v2\/product_brand?post=19978"},{"taxonomy":"product_cat","embeddable":true,"href":"https:\/\/cultivers.es\/fr\/wp-json\/wp\/v2\/product_cat?post=19978"},{"taxonomy":"product_tag","embeddable":true,"href":"https:\/\/cultivers.es\/fr\/wp-json\/wp\/v2\/product_tag?post=19978"},{"taxonomy":"woo-feed-brand","embeddable":true,"href":"https:\/\/cultivers.es\/fr\/wp-json\/wp\/v2\/woo-feed-brand?post=19978"}],"curies":[{"name":"wp","href":"https:\/\/api.w.org\/{rel}","templated":true}]}}