{"id":19986,"date":"2022-10-07T07:08:06","date_gmt":"2022-10-07T07:08:06","guid":{"rendered":"https:\/\/cultivers.es\/abonos\/graines-de-courge-red-kuri-bio\/"},"modified":"2025-09-22T05:34:01","modified_gmt":"2025-09-22T05:34:01","slug":"graines-ecologiques-de-citrouille-rouge-kuri","status":"publish","type":"product","link":"https:\/\/cultivers.es\/fr\/abonnements\/graines-ecologiques-de-citrouille-rouge-kuri\/","title":{"rendered":"Graines de citrouille Red Kuri Biodynamic Red Kuri Demeter"},"content":{"rendered":"","protected":false},"excerpt":{"rendered":"<p>Le <strong>potiron Red Kuri<\/strong>, \u00e9galement connu sous le nom de Hokkaido, est une vari\u00e9t\u00e9 tr\u00e8s appr\u00e9ci\u00e9e pour sa couleur orange intense, son go\u00fbt sucr\u00e9 et sa texture cr\u00e9meuse. Id\u00e9ale pour les soupes, les pur\u00e9es, les rago\u00fbts et les p\u00e2tisseries, cette citrouille se distingue par sa polyvalence culinaire et sa valeur nutritionnelle. Certifi\u00e9e Demeter, sa culture respecte les principes de l&rsquo;agriculture biodynamique, garantissant ainsi une m\u00e9thode durable en harmonie avec la nature.  <\/p>\n<p><strong>Fruits moyens et attrayants :<\/strong> produit des citrouilles de taille moyenne, l\u00e9g\u00e8rement ovales, \u00e0 la peau orange fonc\u00e9, apportant une note chaleureuse et app\u00e9tissante \u00e0 la cuisine.<\/p>\n<p><strong>Saveur douce et sucr\u00e9e :<\/strong> sa chair est tendre, cr\u00e9meuse et d&rsquo;une douceur naturelle qui la rend parfaite pour les plats sal\u00e9s et sucr\u00e9s, des soupes aux cr\u00e8mes en passant par les g\u00e2teaux et les muffins.<\/p>\n<p><strong>Croissance rapide et bonne conservation :<\/strong> Cette vari\u00e9t\u00e9 offre des r\u00e9coltes satisfaisantes sur une p\u00e9riode relativement courte. Ses fruits, une fois r\u00e9colt\u00e9s, se conservent bien, ce qui permet de les d\u00e9guster plus longtemps. <\/p>\n<p><strong>Riche en nutriments :<\/strong> Il fournit des vitamines A et C et des antioxydants, ainsi que des min\u00e9raux et des fibres, ce qui en fait un aliment b\u00e9n\u00e9fique pour une alimentation saine et \u00e9quilibr\u00e9e.<\/p>\n<p><strong>Facile \u00e0 cultiver :<\/strong> rustique et adaptable \u00e0 diff\u00e9rents types de sols et de climats, elle convient aussi bien aux d\u00e9butants qu&rsquo;aux cultivateurs exp\u00e9riment\u00e9s.<\/p>\n<p><strong>Agriculture biologique Demeter :<\/strong> Les semences, certifi\u00e9es par Demeter, garantissent une culture respectueuse des cycles naturels du sol, sans pesticides ni engrais chimiques, favorisant la biodiversit\u00e9 et la sant\u00e9 de l&rsquo;\u00e9cosyst\u00e8me.<\/p>\n<p>Appr\u00e9ciez la couleur, la nutrition et la polyvalence du <strong>potiron Demeter Organic Red Kuri<\/strong> directement de votre jardin, enrichissant vos recettes avec sa saveur et sa qualit\u00e9 exceptionnelles.<\/p>\n","protected":false},"featured_media":15414,"comment_status":"open","ping_status":"closed","template":"","meta":{"_acf_changed":false},"product_brand":[],"product_cat":[1303,424],"product_tag":[1385],"class_list":{"0":"post-19986","1":"product","2":"type-product","3":"status-publish","4":"has-post-thumbnail","6":"product_cat-graines-de-demeter","7":"product_cat-semences-biologiques","8":"product_tag-demeter-fr","10":"first","11":"instock","12":"sale","13":"taxable","14":"shipping-taxable","15":"purchasable","16":"product-type-simple"},"acf":[],"_links":{"self":[{"href":"https:\/\/cultivers.es\/fr\/wp-json\/wp\/v2\/product\/19986","targetHints":{"allow":["GET"]}}],"collection":[{"href":"https:\/\/cultivers.es\/fr\/wp-json\/wp\/v2\/product"}],"about":[{"href":"https:\/\/cultivers.es\/fr\/wp-json\/wp\/v2\/types\/product"}],"replies":[{"embeddable":true,"href":"https:\/\/cultivers.es\/fr\/wp-json\/wp\/v2\/comments?post=19986"}],"wp:featuredmedia":[{"embeddable":true,"href":"https:\/\/cultivers.es\/fr\/wp-json\/wp\/v2\/media\/15414"}],"wp:attachment":[{"href":"https:\/\/cultivers.es\/fr\/wp-json\/wp\/v2\/media?parent=19986"}],"wp:term":[{"taxonomy":"product_brand","embeddable":true,"href":"https:\/\/cultivers.es\/fr\/wp-json\/wp\/v2\/product_brand?post=19986"},{"taxonomy":"product_cat","embeddable":true,"href":"https:\/\/cultivers.es\/fr\/wp-json\/wp\/v2\/product_cat?post=19986"},{"taxonomy":"product_tag","embeddable":true,"href":"https:\/\/cultivers.es\/fr\/wp-json\/wp\/v2\/product_tag?post=19986"}],"curies":[{"name":"wp","href":"https:\/\/api.w.org\/{rel}","templated":true}]}}