{"id":20010,"date":"2022-10-07T07:08:06","date_gmt":"2022-10-07T07:08:06","guid":{"rendered":"https:\/\/cultivers.es\/abonos\/graines-de-courge-muscat-de-provence-bio\/"},"modified":"2025-09-22T05:34:16","modified_gmt":"2025-09-22T05:34:16","slug":"graines-de-courge-muscat-de-provence-ecologique","status":"publish","type":"product","link":"https:\/\/cultivers.es\/fr\/abonnements\/graines-de-courge-muscat-de-provence-ecologique\/","title":{"rendered":"Graines de courge Muscat de Provence"},"content":{"rendered":"","protected":false},"excerpt":{"rendered":"<p>Le <strong>potiron Muscat de Provence<\/strong> est une vari\u00e9t\u00e9 traditionnelle fran\u00e7aise, tr\u00e8s appr\u00e9ci\u00e9e pour sa couleur orange intense, sa chair ferme et son go\u00fbt doux et aromatique. Id\u00e9al pour les soupes, les cr\u00e8mes, les pur\u00e9es, les r\u00f4tis et les p\u00e2tisseries, ce potiron offre une texture onctueuse et une douceur naturelle qui rehausse tous les plats. De plus, ses qualit\u00e9s de conservation en font une option parfaite \u00e0 savourer tout au long de la saison.  <\/p>\n<p><strong>Fruits de grande taille et aromatiques :<\/strong> Il produit des citrouilles de grande taille, \u00e0 la peau vert ocre qui \u00e9volue vers des tons plus orang\u00e9s, \u00e0 la chair ferme, sucr\u00e9e et parfum\u00e9e.<\/p>\n<p><strong>Saveur douce et sucr\u00e9e :<\/strong> sa douceur caract\u00e9ristique et la texture cr\u00e9meuse de sa pulpe en font un ingr\u00e9dient id\u00e9al pour les pr\u00e9parations sal\u00e9es et sucr\u00e9es, des soupes aux rago\u00fbts en passant par les g\u00e2teaux et les muffins.<\/p>\n<p><strong>Excellente conservation :<\/strong> une fois r\u00e9colt\u00e9, le potiron Muscat de Provence se conserve pendant plusieurs mois, ce qui permet d&rsquo;appr\u00e9cier sa saveur tout au long de la saison.<\/p>\n<p><strong>Riche en nutriments :<\/strong> Source de vitamines A et C, d&rsquo;antioxydants, de fibres et de min\u00e9raux, il contribue \u00e0 une alimentation saine et \u00e9quilibr\u00e9e.<\/p>\n<p><strong>Facile \u00e0 cultiver :<\/strong> Adapt\u00e9 \u00e0 diff\u00e9rents types de sols et de climats, c&rsquo;est une vari\u00e9t\u00e9 rustique et productive qui s&rsquo;adapte bien \u00e0 tous les jardins.<\/p>\n<p><strong>Culture biologique :<\/strong> Nos semences sont 100 % biologiques, sans pesticides ni engrais chimiques, ce qui favorise un jardin durable et respectueux de l&rsquo;environnement.<\/p>\n<p>Appr\u00e9ciez la qualit\u00e9, la saveur et la polyvalence de la <strong>citrouille Muscat de Provence biologique<\/strong> directement de votre jardin. Un choix imbattable pour ceux qui appr\u00e9cient la gastronomie traditionnelle et saine. <\/p>\n","protected":false},"featured_media":15409,"comment_status":"open","ping_status":"closed","template":"","meta":{"_acf_changed":false},"product_brand":[],"product_cat":[424,430],"product_tag":[1579],"class_list":{"0":"post-20010","1":"product","2":"type-product","3":"status-publish","4":"has-post-thumbnail","6":"product_cat-semences-biologiques","7":"product_cat-semences-de-fruits-et-legumes-biologiques","8":"product_tag-eco","10":"first","11":"instock","12":"taxable","13":"shipping-taxable","14":"purchasable","15":"product-type-simple"},"acf":[],"_links":{"self":[{"href":"https:\/\/cultivers.es\/fr\/wp-json\/wp\/v2\/product\/20010","targetHints":{"allow":["GET"]}}],"collection":[{"href":"https:\/\/cultivers.es\/fr\/wp-json\/wp\/v2\/product"}],"about":[{"href":"https:\/\/cultivers.es\/fr\/wp-json\/wp\/v2\/types\/product"}],"replies":[{"embeddable":true,"href":"https:\/\/cultivers.es\/fr\/wp-json\/wp\/v2\/comments?post=20010"}],"wp:featuredmedia":[{"embeddable":true,"href":"https:\/\/cultivers.es\/fr\/wp-json\/wp\/v2\/media\/15409"}],"wp:attachment":[{"href":"https:\/\/cultivers.es\/fr\/wp-json\/wp\/v2\/media?parent=20010"}],"wp:term":[{"taxonomy":"product_brand","embeddable":true,"href":"https:\/\/cultivers.es\/fr\/wp-json\/wp\/v2\/product_brand?post=20010"},{"taxonomy":"product_cat","embeddable":true,"href":"https:\/\/cultivers.es\/fr\/wp-json\/wp\/v2\/product_cat?post=20010"},{"taxonomy":"product_tag","embeddable":true,"href":"https:\/\/cultivers.es\/fr\/wp-json\/wp\/v2\/product_tag?post=20010"}],"curies":[{"name":"wp","href":"https:\/\/api.w.org\/{rel}","templated":true}]}}