{"id":20021,"date":"2022-10-07T07:08:06","date_gmt":"2022-10-07T07:08:06","guid":{"rendered":"https:\/\/cultivers.es\/abonos\/graines-de-courge-musquee-bio\/"},"modified":"2025-09-22T05:34:35","modified_gmt":"2025-09-22T05:34:35","slug":"citrouille-cacahuete-noisette-graines-darachide-ecologique","status":"publish","type":"product","link":"https:\/\/cultivers.es\/fr\/abonnements\/citrouille-cacahuete-noisette-graines-darachide-ecologique\/","title":{"rendered":"Graines de courge musqu\u00e9e aux cacahu\u00e8tes"},"content":{"rendered":"","protected":false},"excerpt":{"rendered":"<p>La <strong>courge butternut Peanut<\/strong> est une vari\u00e9t\u00e9 tr\u00e8s appr\u00e9ci\u00e9e pour sa forme allong\u00e9e, sa peau de couleur cr\u00e8me et sa chair orange sucr\u00e9e. Cette courge se distingue par sa saveur douce, l\u00e9g\u00e8rement noiset\u00e9e, et sa texture cr\u00e9meuse, qui en font un ingr\u00e9dient id\u00e9al pour les soupes, les pur\u00e9es, les rago\u00fbts, les r\u00f4tis et les desserts. En outre, sa haute valeur nutritionnelle et sa bonne conservation en font un ingr\u00e9dient id\u00e9al pour une int\u00e9gration r\u00e9guli\u00e8re dans un r\u00e9gime alimentaire sain.  <\/p>\n<p><strong>Forme allong\u00e9e et chair orange :<\/strong> produit des fruits en forme de cacahu\u00e8te avec une chair ferme et orange vif, pleine de saveur et de nutriments.<\/p>\n<p><strong>Saveur douce et sucr\u00e9e :<\/strong> sa douceur naturelle et sa texture cr\u00e9meuse ajoutent une touche exceptionnelle \u00e0 une grande vari\u00e9t\u00e9 de plats, des recettes traditionnelles aux cr\u00e9ations culinaires modernes.<\/p>\n<p><strong>Riche en nutriments :<\/strong> Source de vitamines A et C, de potassium et d&rsquo;antioxydants, cette citrouille contribue \u00e0 une alimentation \u00e9quilibr\u00e9e et b\u00e9n\u00e9fique pour la sant\u00e9.<\/p>\n<p><strong>Facile \u00e0 cultiver :<\/strong> rustique, productive et adaptable \u00e0 diff\u00e9rents types de sol et de climat, elle convient aussi bien aux d\u00e9butants qu&rsquo;aux cultivateurs exp\u00e9riment\u00e9s.<\/p>\n<p><strong>Culture biologique :<\/strong> Nos semences sont 100% biologiques, sans pesticides ni engrais chimiques, garantissant un jardin durable et respectueux de l&rsquo;environnement.<\/p>\n<p>Profitez de la polyvalence, de la saveur et de la qualit\u00e9 de la <strong>courge musqu\u00e9e biologique<\/strong> directement de votre jardin. Une option imbattable pour enrichir vos plats d&rsquo;une touche nutritive et d\u00e9licieuse. <\/p>\n","protected":false},"featured_media":15404,"comment_status":"open","ping_status":"closed","template":"","meta":{"_acf_changed":false},"product_brand":[],"product_cat":[1303,424,430],"product_tag":[1385],"woo-feed-brand":[],"class_list":{"0":"post-20021","1":"product","2":"type-product","3":"status-publish","4":"has-post-thumbnail","6":"product_cat-graines-de-demeter","7":"product_cat-semences-biologiques","8":"product_cat-semences-de-fruits-et-legumes-biologiques","9":"product_tag-demeter-fr","11":"first","12":"instock","13":"taxable","14":"shipping-taxable","15":"purchasable","16":"product-type-simple"},"acf":[],"_links":{"self":[{"href":"https:\/\/cultivers.es\/fr\/wp-json\/wp\/v2\/product\/20021","targetHints":{"allow":["GET"]}}],"collection":[{"href":"https:\/\/cultivers.es\/fr\/wp-json\/wp\/v2\/product"}],"about":[{"href":"https:\/\/cultivers.es\/fr\/wp-json\/wp\/v2\/types\/product"}],"replies":[{"embeddable":true,"href":"https:\/\/cultivers.es\/fr\/wp-json\/wp\/v2\/comments?post=20021"}],"wp:featuredmedia":[{"embeddable":true,"href":"https:\/\/cultivers.es\/fr\/wp-json\/wp\/v2\/media\/15404"}],"wp:attachment":[{"href":"https:\/\/cultivers.es\/fr\/wp-json\/wp\/v2\/media?parent=20021"}],"wp:term":[{"taxonomy":"product_brand","embeddable":true,"href":"https:\/\/cultivers.es\/fr\/wp-json\/wp\/v2\/product_brand?post=20021"},{"taxonomy":"product_cat","embeddable":true,"href":"https:\/\/cultivers.es\/fr\/wp-json\/wp\/v2\/product_cat?post=20021"},{"taxonomy":"product_tag","embeddable":true,"href":"https:\/\/cultivers.es\/fr\/wp-json\/wp\/v2\/product_tag?post=20021"},{"taxonomy":"woo-feed-brand","embeddable":true,"href":"https:\/\/cultivers.es\/fr\/wp-json\/wp\/v2\/woo-feed-brand?post=20021"}],"curies":[{"name":"wp","href":"https:\/\/api.w.org\/{rel}","templated":true}]}}