{"id":20022,"date":"2022-10-07T07:08:06","date_gmt":"2022-10-07T07:08:06","guid":{"rendered":"https:\/\/cultivers.es\/abonos\/pasteque-crimson-sweet-bio-semences\/"},"modified":"2025-09-22T05:35:22","modified_gmt":"2025-09-22T05:35:22","slug":"pasteque-crimson-sweet-ecological-seeds","status":"publish","type":"product","link":"https:\/\/cultivers.es\/fr\/abonnements\/pasteque-crimson-sweet-ecological-seeds\/","title":{"rendered":"Graines de past\u00e8que Crimson Sweet"},"content":{"rendered":"","protected":false},"excerpt":{"rendered":"<p>La <strong>past\u00e8que Crimson Sweet<\/strong> est une vari\u00e9t\u00e9 r\u00e9put\u00e9e pour sa saveur exceptionnelle, avec une chair rouge fonc\u00e9, juteuse et sucr\u00e9e. Elle produit de gros fruits de forme ovale, \u00e0 la peau vert clair stri\u00e9e de nuances plus fonc\u00e9es. Parfaite pour \u00eatre consomm\u00e9e fra\u00eeche, en salade de fruits, en jus ou en dessert, cette past\u00e8que se distingue par sa texture ferme et son go\u00fbt sucr\u00e9 \u00e9quilibr\u00e9, ce qui en fait la pr\u00e9f\u00e9r\u00e9e des estivants.  <\/p>\n<p>Des <strong>fruits gros et savoureux :<\/strong> Crimson Sweet Watermelon produit de grosses past\u00e8ques \u00e0 la chair rouge\u00e2tre, sucr\u00e9e et rafra\u00eechissante, id\u00e9ales \u00e0 partager lors des r\u00e9unions de famille et des c\u00e9l\u00e9brations en plein air.<\/p>\n<p><strong>Saveur sucr\u00e9e et texture juteuse :<\/strong> sa douceur naturelle et sa chair juteuse en font un fruit id\u00e9al \u00e0 manger frais, \u00e0 ajouter aux salades de fruits ou \u00e0 pr\u00e9parer dans des smoothies et des glaces maison.<\/p>\n<p><strong>R\u00e9sistance et productivit\u00e9 :<\/strong> Cette vari\u00e9t\u00e9 est connue pour sa r\u00e9sistance aux diff\u00e9rentes conditions climatiques, offrant des r\u00e9coltes abondantes et des fruits de qualit\u00e9.<\/p>\n<p><strong>Riche en nutriments :<\/strong> Source de vitamines A et C, d&rsquo;antioxydants et de min\u00e9raux, la past\u00e8que apporte hydratation, fra\u00eecheur et bienfaits au r\u00e9gime alimentaire quotidien.<\/p>\n<p><strong>Facile \u00e0 cultiver :<\/strong> Convient aussi bien aux d\u00e9butants qu&rsquo;aux jardiniers exp\u00e9riment\u00e9s, il s&rsquo;adapte bien \u00e0 une vari\u00e9t\u00e9 de sols et de climats, donnant des r\u00e9sultats satisfaisants.<\/p>\n<p><strong>Culture biologique :<\/strong> Nos semences sont 100 % biologiques, sans pesticides ni engrais chimiques, ce qui favorise un jardin durable et respectueux de l&rsquo;environnement.<\/p>\n<p>Appr\u00e9ciez la qualit\u00e9, la saveur et la fra\u00eecheur de la <strong>past\u00e8que biologique Crimson Sweet<\/strong> directement dans votre jardin. Une excellente option pour rafra\u00eechir les journ\u00e9es chaudes et enrichir votre table d&rsquo;un fruit nutritif et d\u00e9licieux. <\/p>\n","protected":false},"featured_media":15389,"comment_status":"open","ping_status":"closed","template":"","meta":{"_acf_changed":false},"product_brand":[],"product_cat":[424,430],"product_tag":[1579],"class_list":{"0":"post-20022","1":"product","2":"type-product","3":"status-publish","4":"has-post-thumbnail","6":"product_cat-semences-biologiques","7":"product_cat-semences-de-fruits-et-legumes-biologiques","8":"product_tag-eco","10":"first","11":"instock","12":"sale","13":"taxable","14":"shipping-taxable","15":"purchasable","16":"product-type-simple"},"acf":[],"_links":{"self":[{"href":"https:\/\/cultivers.es\/fr\/wp-json\/wp\/v2\/product\/20022","targetHints":{"allow":["GET"]}}],"collection":[{"href":"https:\/\/cultivers.es\/fr\/wp-json\/wp\/v2\/product"}],"about":[{"href":"https:\/\/cultivers.es\/fr\/wp-json\/wp\/v2\/types\/product"}],"replies":[{"embeddable":true,"href":"https:\/\/cultivers.es\/fr\/wp-json\/wp\/v2\/comments?post=20022"}],"wp:featuredmedia":[{"embeddable":true,"href":"https:\/\/cultivers.es\/fr\/wp-json\/wp\/v2\/media\/15389"}],"wp:attachment":[{"href":"https:\/\/cultivers.es\/fr\/wp-json\/wp\/v2\/media?parent=20022"}],"wp:term":[{"taxonomy":"product_brand","embeddable":true,"href":"https:\/\/cultivers.es\/fr\/wp-json\/wp\/v2\/product_brand?post=20022"},{"taxonomy":"product_cat","embeddable":true,"href":"https:\/\/cultivers.es\/fr\/wp-json\/wp\/v2\/product_cat?post=20022"},{"taxonomy":"product_tag","embeddable":true,"href":"https:\/\/cultivers.es\/fr\/wp-json\/wp\/v2\/product_tag?post=20022"}],"curies":[{"name":"wp","href":"https:\/\/api.w.org\/{rel}","templated":true}]}}