{"id":20024,"date":"2022-10-07T07:08:06","date_gmt":"2022-10-07T07:08:06","guid":{"rendered":"https:\/\/cultivers.es\/abonos\/golden-bantam-organic-mais-doux-golden-bantam-seeds\/"},"modified":"2025-09-22T05:49:29","modified_gmt":"2025-09-22T05:49:29","slug":"graines-maiz-sweet-golden-bantam-ecologique","status":"publish","type":"product","link":"https:\/\/cultivers.es\/fr\/abonnements\/graines-maiz-sweet-golden-bantam-ecologique\/","title":{"rendered":"Golden Bantam Graines de ma\u00efs doux"},"content":{"rendered":"","protected":false},"excerpt":{"rendered":"<p>Le <strong>ma\u00efs doux Golden Bantam<\/strong> est une vari\u00e9t\u00e9 classique, r\u00e9put\u00e9e pour ses \u00e9pis remplis de grains dor\u00e9s, tendres et au go\u00fbt intens\u00e9ment sucr\u00e9. Id\u00e9al pour \u00eatre d\u00e9gust\u00e9 grill\u00e9, bouilli ou en salade, ce ma\u00efs est devenu un favori pour sa saveur authentique et sa texture croquante. Il est \u00e9galement facile \u00e0 cultiver et tr\u00e8s productif, ce qui en fait un excellent choix pour ceux qui recherchent la qualit\u00e9 et la saveur dans leur jardin.  <\/p>\n<p><strong>\u00c9pis dor\u00e9s et sucr\u00e9s :<\/strong> produit des haricots d&rsquo;un jaune profond, avec une douceur naturelle qui rehausse toutes les pr\u00e9parations, des plats simples aux recettes plus \u00e9labor\u00e9es.<\/p>\n<p><strong>Go\u00fbt authentique et frais :<\/strong> son go\u00fbt sucr\u00e9 \u00e9quilibr\u00e9 et sa texture croquante sont parfaits pour d\u00e9guster du ma\u00efs fra\u00eechement r\u00e9colt\u00e9, cuit ou cru dans des salades.<\/p>\n<p><strong>Productive et rustique :<\/strong> Cette vari\u00e9t\u00e9 garantit des r\u00e9coltes g\u00e9n\u00e9reuses et stables, tout en s&rsquo;adaptant \u00e0 diff\u00e9rents types de sols et de climats.<\/p>\n<p><strong>Riche en nutriments :<\/strong> Source de fibres, de glucides complexes, de vitamines et de min\u00e9raux, le ma\u00efs doux apporte de l&rsquo;\u00e9nergie et des bienfaits \u00e0 un r\u00e9gime alimentaire \u00e9quilibr\u00e9.<\/p>\n<p><strong>Facile \u00e0 cultiver :<\/strong> Convient aux d\u00e9butants comme aux jardiniers exp\u00e9riment\u00e9s, il n\u00e9cessite peu d&rsquo;entretien et donne d&rsquo;excellents r\u00e9sultats.<\/p>\n<p><strong>Culture biologique :<\/strong> Nos semences sont 100% biologiques, sans pesticides ni engrais chimiques, ce qui favorise un jardin durable et respectueux de l&rsquo;environnement.<\/p>\n<p>Appr\u00e9ciez le go\u00fbt classique et la qualit\u00e9 du <strong>ma\u00efs doux biologique Golden Bantam<\/strong>, cultiv\u00e9 dans votre jardin. Ajoutez cette vari\u00e9t\u00e9 \u00e0 vos plantations et d\u00e9couvrez pourquoi elle est la pr\u00e9f\u00e9r\u00e9e des amateurs de cuisine et de jardinage. <\/p>\n","protected":false},"featured_media":15419,"comment_status":"open","ping_status":"closed","template":"","meta":{"_acf_changed":false},"product_brand":[],"product_cat":[424,430],"product_tag":[1579],"class_list":{"0":"post-20024","1":"product","2":"type-product","3":"status-publish","4":"has-post-thumbnail","6":"product_cat-semences-biologiques","7":"product_cat-semences-de-fruits-et-legumes-biologiques","8":"product_tag-eco","10":"first","11":"instock","12":"taxable","13":"shipping-taxable","14":"purchasable","15":"product-type-simple"},"acf":[],"_links":{"self":[{"href":"https:\/\/cultivers.es\/fr\/wp-json\/wp\/v2\/product\/20024","targetHints":{"allow":["GET"]}}],"collection":[{"href":"https:\/\/cultivers.es\/fr\/wp-json\/wp\/v2\/product"}],"about":[{"href":"https:\/\/cultivers.es\/fr\/wp-json\/wp\/v2\/types\/product"}],"replies":[{"embeddable":true,"href":"https:\/\/cultivers.es\/fr\/wp-json\/wp\/v2\/comments?post=20024"}],"wp:featuredmedia":[{"embeddable":true,"href":"https:\/\/cultivers.es\/fr\/wp-json\/wp\/v2\/media\/15419"}],"wp:attachment":[{"href":"https:\/\/cultivers.es\/fr\/wp-json\/wp\/v2\/media?parent=20024"}],"wp:term":[{"taxonomy":"product_brand","embeddable":true,"href":"https:\/\/cultivers.es\/fr\/wp-json\/wp\/v2\/product_brand?post=20024"},{"taxonomy":"product_cat","embeddable":true,"href":"https:\/\/cultivers.es\/fr\/wp-json\/wp\/v2\/product_cat?post=20024"},{"taxonomy":"product_tag","embeddable":true,"href":"https:\/\/cultivers.es\/fr\/wp-json\/wp\/v2\/product_tag?post=20024"}],"curies":[{"name":"wp","href":"https:\/\/api.w.org\/{rel}","templated":true}]}}