{"id":20025,"date":"2022-10-07T07:08:06","date_gmt":"2022-10-07T07:08:06","guid":{"rendered":"https:\/\/cultivers.es\/abonos\/graines-de-melon-tendral-noir-bio\/"},"modified":"2025-09-22T05:35:07","modified_gmt":"2025-09-22T05:35:07","slug":"graines-melon-tendril-noir-ecologique-ecologique","status":"publish","type":"product","link":"https:\/\/cultivers.es\/fr\/abonnements\/graines-melon-tendril-noir-ecologique-ecologique\/","title":{"rendered":"Black Tendral Melon Graines"},"content":{"rendered":"","protected":false},"excerpt":{"rendered":"<p>Le <strong>melon Tendral Negro<\/strong> est une vari\u00e9t\u00e9 traditionnelle tr\u00e8s appr\u00e9ci\u00e9e pour sa saveur, sa texture et sa conservation. Ses fruits ovales ont une peau vert fonc\u00e9, presque noire, et une chair ferme, juteuse et sucr\u00e9e. Ce melon se distingue par sa r\u00e9sistance et sa facilit\u00e9 de culture. Il est id\u00e9al pour ceux qui recherchent une r\u00e9colte abondante et une saveur authentique dans leur <strong>verger<\/strong>.  <\/p>\n<p><strong>Fruit \u00e0 peau fonc\u00e9e et \u00e0 chair sucr\u00e9e :<\/strong> il produit des melons vert tr\u00e8s fonc\u00e9, \u00e0 chair orange, ferme et juteuse, \u00e0 la saveur sucr\u00e9e et aromatique.<\/p>\n<p><strong>Excellente dur\u00e9e de conservation :<\/strong> une fois r\u00e9colt\u00e9s, ces melons conservent leur qualit\u00e9 et leur go\u00fbt sucr\u00e9 pendant une longue p\u00e9riode, ce qui vous permet de profiter de leur saveur plus longtemps.<\/p>\n<p><strong>Rendement et r\u00e9sistance :<\/strong> Cette vari\u00e9t\u00e9 garantit une bonne production et s&rsquo;adapte aux diff\u00e9rentes conditions climatiques, ce qui permet d&rsquo;obtenir des r\u00e9sultats satisfaisants.<\/p>\n<p><strong>Riche en nutriments :<\/strong> Le melon est une source importante de vitamines A et C, ainsi que de min\u00e9raux et d&rsquo;antioxydants, contribuant \u00e0 une alimentation \u00e9quilibr\u00e9e et saine.<\/p>\n<p><strong>Facile \u00e0 cultiver :<\/strong> Convient aussi bien aux d\u00e9butants qu&rsquo;aux cultivateurs exp\u00e9riment\u00e9s, elle se pla\u00eet dans les sols riches et bien drain\u00e9s et ne n\u00e9cessite qu&rsquo;un minimum de soins.<\/p>\n<p><strong>Culture biologique :<\/strong> Nos semences sont <strong>100 % biologiques<\/strong>, sans pesticides ni engrais chimiques, ce qui favorise un <strong>jardin<\/strong> durable et respectueux de l&rsquo;environnement.<\/p>\n<p>Appr\u00e9ciez la saveur authentique et la fra\u00eecheur du <strong>melon noir biologique Tendral<\/strong>, et remplissez votre <strong>jardin<\/strong> de qualit\u00e9 et de tradition. Un choix parfait pour ceux qui appr\u00e9cient la saveur, la conservation et la durabilit\u00e9. Commandez aujourd&rsquo;hui et profitez de cette vari\u00e9t\u00e9 exquise !  <\/p>\n","protected":false},"featured_media":15384,"comment_status":"open","ping_status":"closed","template":"","meta":{"_acf_changed":false},"product_brand":[],"product_cat":[424,430],"product_tag":[1579],"class_list":{"0":"post-20025","1":"product","2":"type-product","3":"status-publish","4":"has-post-thumbnail","6":"product_cat-semences-biologiques","7":"product_cat-semences-de-fruits-et-legumes-biologiques","8":"product_tag-eco","10":"first","11":"instock","12":"sale","13":"taxable","14":"shipping-taxable","15":"purchasable","16":"product-type-simple"},"acf":[],"_links":{"self":[{"href":"https:\/\/cultivers.es\/fr\/wp-json\/wp\/v2\/product\/20025","targetHints":{"allow":["GET"]}}],"collection":[{"href":"https:\/\/cultivers.es\/fr\/wp-json\/wp\/v2\/product"}],"about":[{"href":"https:\/\/cultivers.es\/fr\/wp-json\/wp\/v2\/types\/product"}],"replies":[{"embeddable":true,"href":"https:\/\/cultivers.es\/fr\/wp-json\/wp\/v2\/comments?post=20025"}],"wp:featuredmedia":[{"embeddable":true,"href":"https:\/\/cultivers.es\/fr\/wp-json\/wp\/v2\/media\/15384"}],"wp:attachment":[{"href":"https:\/\/cultivers.es\/fr\/wp-json\/wp\/v2\/media?parent=20025"}],"wp:term":[{"taxonomy":"product_brand","embeddable":true,"href":"https:\/\/cultivers.es\/fr\/wp-json\/wp\/v2\/product_brand?post=20025"},{"taxonomy":"product_cat","embeddable":true,"href":"https:\/\/cultivers.es\/fr\/wp-json\/wp\/v2\/product_cat?post=20025"},{"taxonomy":"product_tag","embeddable":true,"href":"https:\/\/cultivers.es\/fr\/wp-json\/wp\/v2\/product_tag?post=20025"}],"curies":[{"name":"wp","href":"https:\/\/api.w.org\/{rel}","templated":true}]}}