{"id":20026,"date":"2022-10-07T07:08:06","date_gmt":"2022-10-07T07:08:06","guid":{"rendered":"https:\/\/cultivers.es\/abonos\/graines-de-melon-bio-retato-degli-ortolani-graines-de-melon-bio\/"},"modified":"2025-09-22T04:41:47","modified_gmt":"2025-09-22T04:41:47","slug":"melon-retato-degli-ortolani-ecologique-semences","status":"publish","type":"product","link":"https:\/\/cultivers.es\/fr\/abonnements\/melon-retato-degli-ortolani-ecologique-semences\/","title":{"rendered":"Graines de melon Retato degli ortolani"},"content":{"rendered":"","protected":false},"excerpt":{"rendered":"<p>Le <strong>melon Retato degli ortolani<\/strong> est une vari\u00e9t\u00e9 traditionnelle italienne connue pour ses fruits de taille moyenne, \u00e0 la peau r\u00e9ticul\u00e9e et \u00e0 la chair orang\u00e9e, sucr\u00e9e et aromatique. Sa saveur \u00e9quilibr\u00e9e et rafra\u00eechissante, avec des notes l\u00e9g\u00e8rement \u00e9pic\u00e9es, en fait un choix id\u00e9al pour \u00eatre consomm\u00e9 frais, dans les salades de fruits ou dans les desserts d&rsquo;\u00e9t\u00e9. En outre, son excellente capacit\u00e9 d&rsquo;adaptation \u00e0 diff\u00e9rentes conditions et sa productivit\u00e9 \u00e9lev\u00e9e garantissent des r\u00e9coltes abondantes de melons savoureux et nutritifs.  <\/p>\n<p><strong>Fruits moyens et r\u00e9ticul\u00e9s :<\/strong> Il produit des melons de taille moyenne, avec une peau r\u00e9ticul\u00e9e caract\u00e9ristique et un int\u00e9rieur orange intense.<\/p>\n<p><strong>Saveur sucr\u00e9e et aromatique :<\/strong> sa chair juteuse a une saveur sucr\u00e9e \u00e9quilibr\u00e9e, accompagn\u00e9e d&rsquo;un ar\u00f4me doux qui rehausse la d\u00e9gustation.<\/p>\n<p><strong>Texture douce et rafra\u00eechissante :<\/strong> gr\u00e2ce \u00e0 sa chair ferme mais cr\u00e9meuse, elle est parfaite pour les tranches fra\u00eeches ou pour les desserts et les smoothies.<\/p>\n<p><strong>Riche en nutriments :<\/strong> Fournit des vitamines A et C, des antioxydants et des min\u00e9raux, contribuant ainsi \u00e0 une alimentation \u00e9quilibr\u00e9e et saine.<\/p>\n<p><strong>Facile \u00e0 cultiver :<\/strong> rustique, productive et adaptable \u00e0 diff\u00e9rents types de sols et de climats, elle convient aussi bien aux amateurs qu&rsquo;aux jardiniers exp\u00e9riment\u00e9s.<\/p>\n<p><strong>Culture biologique :<\/strong> Nos semences sont 100% biologiques, sans pesticides ni engrais chimiques, ce qui favorise un jardin durable et respectueux de l&rsquo;environnement.<\/p>\n<p>Profitez de l&rsquo;authenticit\u00e9 et de la qualit\u00e9 du <strong>melon Retato degli ortolani Organic<\/strong> directement dans votre jardin. Ajoutez cette vari\u00e9t\u00e9 \u00e0 vos cultures et profitez de la saveur, de la fra\u00eecheur et de la douceur d&rsquo;un melon traditionnel et sain. Commandez aujourd&rsquo;hui et enrichissez votre table avec cette option d\u00e9licieuse !  <\/p>\n","protected":false},"featured_media":15379,"comment_status":"open","ping_status":"closed","template":"","meta":{"_acf_changed":false},"product_brand":[],"product_cat":[424,430],"product_tag":[1579],"class_list":{"0":"post-20026","1":"product","2":"type-product","3":"status-publish","4":"has-post-thumbnail","6":"product_cat-semences-biologiques","7":"product_cat-semences-de-fruits-et-legumes-biologiques","8":"product_tag-eco","10":"first","11":"instock","12":"sale","13":"taxable","14":"shipping-taxable","15":"purchasable","16":"product-type-simple"},"acf":[],"_links":{"self":[{"href":"https:\/\/cultivers.es\/fr\/wp-json\/wp\/v2\/product\/20026","targetHints":{"allow":["GET"]}}],"collection":[{"href":"https:\/\/cultivers.es\/fr\/wp-json\/wp\/v2\/product"}],"about":[{"href":"https:\/\/cultivers.es\/fr\/wp-json\/wp\/v2\/types\/product"}],"replies":[{"embeddable":true,"href":"https:\/\/cultivers.es\/fr\/wp-json\/wp\/v2\/comments?post=20026"}],"wp:featuredmedia":[{"embeddable":true,"href":"https:\/\/cultivers.es\/fr\/wp-json\/wp\/v2\/media\/15379"}],"wp:attachment":[{"href":"https:\/\/cultivers.es\/fr\/wp-json\/wp\/v2\/media?parent=20026"}],"wp:term":[{"taxonomy":"product_brand","embeddable":true,"href":"https:\/\/cultivers.es\/fr\/wp-json\/wp\/v2\/product_brand?post=20026"},{"taxonomy":"product_cat","embeddable":true,"href":"https:\/\/cultivers.es\/fr\/wp-json\/wp\/v2\/product_cat?post=20026"},{"taxonomy":"product_tag","embeddable":true,"href":"https:\/\/cultivers.es\/fr\/wp-json\/wp\/v2\/product_tag?post=20026"}],"curies":[{"name":"wp","href":"https:\/\/api.w.org\/{rel}","templated":true}]}}