{"id":20027,"date":"2022-10-07T07:08:06","date_gmt":"2022-10-07T07:08:06","guid":{"rendered":"https:\/\/cultivers.es\/abonos\/graines-de-melon-petit-gris-de-rennes-bio\/"},"modified":"2025-09-22T05:05:57","modified_gmt":"2025-09-22T05:05:57","slug":"melon-petit-petit-gris-de-rennes-ecologicas-seeds","status":"publish","type":"product","link":"https:\/\/cultivers.es\/fr\/abonnements\/melon-petit-petit-gris-de-rennes-ecologicas-seeds\/","title":{"rendered":"Petit gris de Rennes Semences de melon Demeter biodynamique"},"content":{"rendered":"","protected":false},"excerpt":{"rendered":"<p>Le <strong>melon Petit gris de Rennes<\/strong> est une vari\u00e9t\u00e9 traditionnelle fran\u00e7aise, appr\u00e9ci\u00e9e pour sa forme arrondie, sa petite taille et sa peau vert fonc\u00e9 l\u00e9g\u00e8rement stri\u00e9e. Sa chair orang\u00e9e se distingue par sa douceur intense, sa jutosit\u00e9 et son ar\u00f4me exquis, ce qui en fait un v\u00e9ritable d\u00e9lice estival. Id\u00e9al pour \u00eatre consomm\u00e9 frais, dans des salades de fruits ou des desserts l\u00e9gers, ce melon apporte une saveur authentique et rafra\u00eechissante \u00e0 toutes les tables.  <\/p>\n<p><strong>Petits fruits aromatiques :<\/strong> Il produit des melons compacts, \u00e0 la peau vert fonc\u00e9 et \u00e0 la chair orange, juteuse et sucr\u00e9e.<\/p>\n<p><strong>Saveur douce et intense :<\/strong> sa douceur \u00e9quilibr\u00e9e, avec des nuances aromatiques, en fait un choix parfait pour \u00eatre d\u00e9gust\u00e9 seul ou dans des recettes d&rsquo;\u00e9t\u00e9.<\/p>\n<p><strong>Texture tendre et juteuse :<\/strong> La chair ferme mais douce fond facilement, procurant une sensation rafra\u00eechissante \u00e0 chaque bouch\u00e9e.<\/p>\n<p><strong>Riche en nutriments :<\/strong> Source de vitamines A et C, d&rsquo;antioxydants et de min\u00e9raux, ce melon contribue \u00e0 une alimentation \u00e9quilibr\u00e9e.<\/p>\n<p><strong>Facile \u00e0 cultiver :<\/strong> rustique et productive, elle s&rsquo;adapte bien aux diff\u00e9rentes conditions de sol et de climat et convient aussi bien aux d\u00e9butants qu&rsquo;aux cultivateurs exp\u00e9riment\u00e9s.<\/p>\n<p><strong>Certification Demeter :<\/strong> Ces semences, cultiv\u00e9es selon les principes de l&rsquo;agriculture biodynamique, garantissent une m\u00e9thode durable qui respecte les cycles naturels du sol.<\/p>\n<p><strong>Culture biologique :<\/strong> Nos semences sont 100 % biologiques, sans pesticides ni engrais chimiques, ce qui garantit un jardin durable et sain.<\/p>\n<p>Appr\u00e9ciez le go\u00fbt, la douceur et la qualit\u00e9 du <strong>melon Demeter Organic Petit gris de Rennes<\/strong> directement dans votre jardin, et d\u00e9couvrez une vari\u00e9t\u00e9 traditionnelle qui va conqu\u00e9rir votre palais.<\/p>\n","protected":false},"featured_media":15374,"comment_status":"open","ping_status":"closed","template":"","meta":{"_acf_changed":false},"product_brand":[],"product_cat":[1303,424,430],"product_tag":[1385],"class_list":{"0":"post-20027","1":"product","2":"type-product","3":"status-publish","4":"has-post-thumbnail","6":"product_cat-graines-de-demeter","7":"product_cat-semences-biologiques","8":"product_cat-semences-de-fruits-et-legumes-biologiques","9":"product_tag-demeter-fr","11":"first","12":"instock","13":"taxable","14":"shipping-taxable","15":"purchasable","16":"product-type-variable"},"acf":[],"_links":{"self":[{"href":"https:\/\/cultivers.es\/fr\/wp-json\/wp\/v2\/product\/20027","targetHints":{"allow":["GET"]}}],"collection":[{"href":"https:\/\/cultivers.es\/fr\/wp-json\/wp\/v2\/product"}],"about":[{"href":"https:\/\/cultivers.es\/fr\/wp-json\/wp\/v2\/types\/product"}],"replies":[{"embeddable":true,"href":"https:\/\/cultivers.es\/fr\/wp-json\/wp\/v2\/comments?post=20027"}],"wp:featuredmedia":[{"embeddable":true,"href":"https:\/\/cultivers.es\/fr\/wp-json\/wp\/v2\/media\/15374"}],"wp:attachment":[{"href":"https:\/\/cultivers.es\/fr\/wp-json\/wp\/v2\/media?parent=20027"}],"wp:term":[{"taxonomy":"product_brand","embeddable":true,"href":"https:\/\/cultivers.es\/fr\/wp-json\/wp\/v2\/product_brand?post=20027"},{"taxonomy":"product_cat","embeddable":true,"href":"https:\/\/cultivers.es\/fr\/wp-json\/wp\/v2\/product_cat?post=20027"},{"taxonomy":"product_tag","embeddable":true,"href":"https:\/\/cultivers.es\/fr\/wp-json\/wp\/v2\/product_tag?post=20027"}],"curies":[{"name":"wp","href":"https:\/\/api.w.org\/{rel}","templated":true}]}}