{"id":20028,"date":"2022-10-07T07:08:06","date_gmt":"2022-10-07T07:08:06","guid":{"rendered":"https:\/\/cultivers.es\/abonos\/semences-de-pasteque-sugar-baby-bio\/"},"modified":"2025-09-22T05:34:59","modified_gmt":"2025-09-22T05:34:59","slug":"pasteque-bebe-sucre-semences-ecologiques","status":"publish","type":"product","link":"https:\/\/cultivers.es\/fr\/abonnements\/pasteque-bebe-sucre-semences-ecologiques\/","title":{"rendered":"Demeter Biodynamic Sugar Baby Watermelon Seeds (graines de past\u00e8que biodynamique)"},"content":{"rendered":"","protected":false},"excerpt":{"rendered":"<p>La <strong>past\u00e8que Sugar Baby<\/strong> est une petite vari\u00e9t\u00e9 de past\u00e8que, id\u00e9ale pour ceux qui recherchent des fruits sucr\u00e9s, juteux et rafra\u00eechissants dans leur jardin. Elle se distingue par sa chair rouge vif, sa teneur \u00e9lev\u00e9e en sucre et sa texture croquante, ce qui en fait l&rsquo;option parfaite \u00e0 d\u00e9guster fra\u00eeche, dans des salades de fruits ou des smoothies estivaux. De plus, ses plantes sont r\u00e9sistantes et productives, et s&rsquo;adaptent bien \u00e0 diff\u00e9rents climats et sols.  <\/p>\n<p><strong>Petit et pratique :<\/strong> produit des past\u00e8ques de taille compacte, parfaites pour les jardins \u00e0 l&rsquo;espace limit\u00e9 et pour une consommation unique, tout en conservant une fra\u00eecheur maximale.<\/p>\n<p><strong>Saveur sucr\u00e9e et chair rouge :<\/strong> sa saveur intens\u00e9ment sucr\u00e9e et sa chair d&rsquo;un rouge \u00e9clatant en font un v\u00e9ritable plaisir pour le palais.<\/p>\n<p><strong>Texture juteuse et rafra\u00eechissante :<\/strong> Cette vari\u00e9t\u00e9 offre une exp\u00e9rience rafra\u00eechissante \u00e0 chaque bouch\u00e9e, id\u00e9ale pour les journ\u00e9es chaudes et les occasions sp\u00e9ciales.<\/p>\n<p><strong>Croissance et productivit\u00e9 rapides :<\/strong> son cycle de croissance est relativement court, ce qui garantit des r\u00e9coltes satisfaisantes en peu de temps, avec des fruits d&rsquo;excellente qualit\u00e9.<\/p>\n<p><strong>Riche en nutriments :<\/strong> La past\u00e8que est une source d&rsquo;hydrates de carbone, de vitamines A et C, d&rsquo;antioxydants et de min\u00e9raux, contribuant ainsi \u00e0 une alimentation \u00e9quilibr\u00e9e.<\/p>\n<p><strong>Certification Demeter :<\/strong> Ces semences sont issues de cultures biodynamiques, respectant les cycles naturels du sol et favorisant la biodiversit\u00e9 et la sant\u00e9 de l&rsquo;\u00e9cosyst\u00e8me.<\/p>\n<p><strong>Culture biologique :<\/strong> Nos semences sont 100 % biologiques, sans pesticides ni engrais chimiques, ce qui garantit un jardin durable et respectueux de l&rsquo;environnement.<\/p>\n<p>Appr\u00e9ciez le go\u00fbt, la fra\u00eecheur et la qualit\u00e9 de la <strong>past\u00e8que Demeter Organic Sugar Baby<\/strong> directement dans votre jardin. Une option parfaite pour adoucir vos journ\u00e9es d&rsquo;\u00e9t\u00e9 avec un fruit nutritif, d\u00e9licieux et durable. <\/p>\n","protected":false},"featured_media":15394,"comment_status":"open","ping_status":"closed","template":"","meta":{"_acf_changed":false},"product_brand":[],"product_cat":[1303,424],"product_tag":[1385],"class_list":{"0":"post-20028","1":"product","2":"type-product","3":"status-publish","4":"has-post-thumbnail","6":"product_cat-graines-de-demeter","7":"product_cat-semences-biologiques","8":"product_tag-demeter-fr","10":"first","11":"instock","12":"sale","13":"taxable","14":"shipping-taxable","15":"purchasable","16":"product-type-simple"},"acf":[],"_links":{"self":[{"href":"https:\/\/cultivers.es\/fr\/wp-json\/wp\/v2\/product\/20028","targetHints":{"allow":["GET"]}}],"collection":[{"href":"https:\/\/cultivers.es\/fr\/wp-json\/wp\/v2\/product"}],"about":[{"href":"https:\/\/cultivers.es\/fr\/wp-json\/wp\/v2\/types\/product"}],"replies":[{"embeddable":true,"href":"https:\/\/cultivers.es\/fr\/wp-json\/wp\/v2\/comments?post=20028"}],"wp:featuredmedia":[{"embeddable":true,"href":"https:\/\/cultivers.es\/fr\/wp-json\/wp\/v2\/media\/15394"}],"wp:attachment":[{"href":"https:\/\/cultivers.es\/fr\/wp-json\/wp\/v2\/media?parent=20028"}],"wp:term":[{"taxonomy":"product_brand","embeddable":true,"href":"https:\/\/cultivers.es\/fr\/wp-json\/wp\/v2\/product_brand?post=20028"},{"taxonomy":"product_cat","embeddable":true,"href":"https:\/\/cultivers.es\/fr\/wp-json\/wp\/v2\/product_cat?post=20028"},{"taxonomy":"product_tag","embeddable":true,"href":"https:\/\/cultivers.es\/fr\/wp-json\/wp\/v2\/product_tag?post=20028"}],"curies":[{"name":"wp","href":"https:\/\/api.w.org\/{rel}","templated":true}]}}