{"id":20100,"date":"2022-10-07T07:08:06","date_gmt":"2022-10-07T07:08:06","guid":{"rendered":"https:\/\/cultivers.es\/abonos\/graines-de-melon-ribatejo-blanc-biologique\/"},"modified":"2025-10-11T14:22:19","modified_gmt":"2025-10-11T14:22:19","slug":"bio-melon-blanc-semences-de-ribatejo-ecologique","status":"publish","type":"product","link":"https:\/\/cultivers.es\/fr\/abonnements\/bio-melon-blanc-semences-de-ribatejo-ecologique\/","title":{"rendered":"Graines de melon Ribatejo blanc"},"content":{"rendered":"","protected":false},"excerpt":{"rendered":"<p>Le <strong>melon blanc Ribatejo<\/strong> est une vari\u00e9t\u00e9 traditionnelle portugaise appr\u00e9ci\u00e9e pour sa chair blanche, ferme et sucr\u00e9e et sa peau de couleur claire. Avec un go\u00fbt doux et rafra\u00eechissant, ce melon est id\u00e9al pour la consommation fra\u00eeche dans les salades de fruits, les desserts l\u00e9gers ou comme en-cas sain. Sa texture ferme et juteuse offre une exp\u00e9rience agr\u00e9able au palais, ce qui fait de cette vari\u00e9t\u00e9 un excellent choix pour ceux qui recherchent la qualit\u00e9 et l&rsquo;authenticit\u00e9 dans leur <strong>verger<\/strong>.  <\/p>\n<p><strong>Fruit clair \u00e0 chair blanche :<\/strong> Cette vari\u00e9t\u00e9 produit des melons de taille moyenne, \u00e0 la peau claire et \u00e0 la chair blanche, ferme et juteuse.<\/p>\n<p><strong>Saveur douce et sucr\u00e9e :<\/strong> sa douceur \u00e9quilibr\u00e9e, accompagn\u00e9e d&rsquo;une l\u00e9g\u00e8re note aromatique, en fait un ingr\u00e9dient parfait \u00e0 d\u00e9guster nature ou dans des recettes fra\u00eeches.<\/p>\n<p><strong>Texture ferme et juteuse :<\/strong> La chair se caract\u00e9rise par sa fermet\u00e9 et son caract\u00e8re juteux \u00e0 la fois, procurant une sensation de fra\u00eecheur \u00e0 chaque bouch\u00e9e.<\/p>\n<p><strong>Riche en nutriments :<\/strong> Ce melon est une source de vitamines A et C, d&rsquo;antioxydants et de min\u00e9raux, contribuant \u00e0 une alimentation saine.<\/p>\n<p><strong>Facile \u00e0 cultiver :<\/strong> rustique et adaptable \u00e0 diff\u00e9rents types de sol et de climat, elle convient aux d\u00e9butants comme aux cultivateurs exp\u00e9riment\u00e9s.<\/p>\n<p><strong>Culture biologique :<\/strong> Nos semences sont <strong>100 % biologiques<\/strong>, sans pesticides ni engrais chimiques, ce qui favorise un <strong>jardin<\/strong> durable et respectueux de l&rsquo;environnement.<\/p>\n<p>Savourez la saveur authentique et la fra\u00eecheur du <strong>melon blanc Ribatejo biologique<\/strong> directement de votre <strong>jardin<\/strong>, en ajoutant une touche traditionnelle et nutritive \u00e0 votre table.<\/p>\n","protected":false},"featured_media":15364,"comment_status":"open","ping_status":"closed","template":"","meta":{"_acf_changed":false},"product_brand":[],"product_cat":[424,430],"product_tag":[1579],"woo-feed-brand":[],"class_list":{"0":"post-20100","1":"product","2":"type-product","3":"status-publish","4":"has-post-thumbnail","6":"product_cat-semences-biologiques","7":"product_cat-semences-de-fruits-et-legumes-biologiques","8":"product_tag-eco","10":"first","11":"instock","12":"taxable","13":"shipping-taxable","14":"purchasable","15":"product-type-simple"},"acf":[],"_links":{"self":[{"href":"https:\/\/cultivers.es\/fr\/wp-json\/wp\/v2\/product\/20100","targetHints":{"allow":["GET"]}}],"collection":[{"href":"https:\/\/cultivers.es\/fr\/wp-json\/wp\/v2\/product"}],"about":[{"href":"https:\/\/cultivers.es\/fr\/wp-json\/wp\/v2\/types\/product"}],"replies":[{"embeddable":true,"href":"https:\/\/cultivers.es\/fr\/wp-json\/wp\/v2\/comments?post=20100"}],"wp:featuredmedia":[{"embeddable":true,"href":"https:\/\/cultivers.es\/fr\/wp-json\/wp\/v2\/media\/15364"}],"wp:attachment":[{"href":"https:\/\/cultivers.es\/fr\/wp-json\/wp\/v2\/media?parent=20100"}],"wp:term":[{"taxonomy":"product_brand","embeddable":true,"href":"https:\/\/cultivers.es\/fr\/wp-json\/wp\/v2\/product_brand?post=20100"},{"taxonomy":"product_cat","embeddable":true,"href":"https:\/\/cultivers.es\/fr\/wp-json\/wp\/v2\/product_cat?post=20100"},{"taxonomy":"product_tag","embeddable":true,"href":"https:\/\/cultivers.es\/fr\/wp-json\/wp\/v2\/product_tag?post=20100"},{"taxonomy":"woo-feed-brand","embeddable":true,"href":"https:\/\/cultivers.es\/fr\/wp-json\/wp\/v2\/woo-feed-brand?post=20100"}],"curies":[{"name":"wp","href":"https:\/\/api.w.org\/{rel}","templated":true}]}}