{"id":20112,"date":"2022-10-07T07:08:06","date_gmt":"2022-10-07T07:08:06","guid":{"rendered":"https:\/\/cultivers.es\/abonos\/manuel-antonio-organic-melon-seeds\/"},"modified":"2025-09-22T05:05:58","modified_gmt":"2025-09-22T05:05:58","slug":"graines-de-melon-manuel-antonio-ecologique","status":"publish","type":"product","link":"https:\/\/cultivers.es\/fr\/abonnements\/graines-de-melon-manuel-antonio-ecologique\/","title":{"rendered":"Graines de melon Manuel Ant\u00f3nio"},"content":{"rendered":"","protected":false},"excerpt":{"rendered":"<p>Le <strong>melon Manuel Ant\u00f3nio<\/strong> est une vari\u00e9t\u00e9 traditionnelle portugaise, r\u00e9put\u00e9e pour son go\u00fbt sucr\u00e9, son ar\u00f4me intense et sa chair juteuse. Avec ses fruits de taille moyenne, sa peau vert jaun\u00e2tre et sa chair orange, ce melon est un choix parfait pour les salades de fruits, les desserts l\u00e9gers ou simplement frais. Sa texture ferme et son go\u00fbt sucr\u00e9 \u00e9quilibr\u00e9 font de chaque bouch\u00e9e une exp\u00e9rience rafra\u00eechissante et agr\u00e9able.  <\/p>\n<p><strong>Saveur sucr\u00e9e et aromatique :<\/strong> elle offre une douceur naturelle et un ar\u00f4me d\u00e9licat qui la rendent irr\u00e9sistible, id\u00e9ale pour les plats d&rsquo;\u00e9t\u00e9 et comme dessert sain.<\/p>\n<p><strong>Chair juteuse et ferme :<\/strong> sa chair orang\u00e9e se distingue par sa jutosit\u00e9 et une texture alliant fermet\u00e9 et douceur, id\u00e9ale pour \u00eatre consomm\u00e9e nature ou dans de nombreuses recettes.<\/p>\n<p><strong>Riche en nutriments :<\/strong> Ce melon est une source de vitamines A et C, d&rsquo;antioxydants et de min\u00e9raux, contribuant \u00e0 une alimentation \u00e9quilibr\u00e9e.<\/p>\n<p><strong>Facile \u00e0 cultiver :<\/strong> rustique et adaptable \u00e0 diff\u00e9rents sols et climats, elle convient aussi bien aux d\u00e9butants qu&rsquo;aux cultivateurs exp\u00e9riment\u00e9s.<\/p>\n<p><strong>Culture biologique :<\/strong> Nos semences sont 100 % biologiques, sans pesticides ni engrais chimiques, ce qui favorise un jardin durable et respectueux de l&rsquo;environnement.<\/p>\n<p>Appr\u00e9ciez le go\u00fbt authentique et la qualit\u00e9 du <strong>melon Manuel Ant\u00f3nio Organic<\/strong> directement dans votre jardin, en ajoutant une touche de tradition et de fra\u00eecheur \u00e0 vos repas. Un choix parfait pour les amateurs de saveurs authentiques et de production durable. <\/p>\n","protected":false},"featured_media":15369,"comment_status":"open","ping_status":"closed","template":"","meta":{"_acf_changed":false},"product_brand":[],"product_cat":[424,430],"product_tag":[1579],"class_list":{"0":"post-20112","1":"product","2":"type-product","3":"status-publish","4":"has-post-thumbnail","6":"product_cat-semences-biologiques","7":"product_cat-semences-de-fruits-et-legumes-biologiques","8":"product_tag-eco","10":"first","11":"instock","12":"taxable","13":"shipping-taxable","14":"purchasable","15":"product-type-simple"},"acf":[],"_links":{"self":[{"href":"https:\/\/cultivers.es\/fr\/wp-json\/wp\/v2\/product\/20112","targetHints":{"allow":["GET"]}}],"collection":[{"href":"https:\/\/cultivers.es\/fr\/wp-json\/wp\/v2\/product"}],"about":[{"href":"https:\/\/cultivers.es\/fr\/wp-json\/wp\/v2\/types\/product"}],"replies":[{"embeddable":true,"href":"https:\/\/cultivers.es\/fr\/wp-json\/wp\/v2\/comments?post=20112"}],"wp:featuredmedia":[{"embeddable":true,"href":"https:\/\/cultivers.es\/fr\/wp-json\/wp\/v2\/media\/15369"}],"wp:attachment":[{"href":"https:\/\/cultivers.es\/fr\/wp-json\/wp\/v2\/media?parent=20112"}],"wp:term":[{"taxonomy":"product_brand","embeddable":true,"href":"https:\/\/cultivers.es\/fr\/wp-json\/wp\/v2\/product_brand?post=20112"},{"taxonomy":"product_cat","embeddable":true,"href":"https:\/\/cultivers.es\/fr\/wp-json\/wp\/v2\/product_cat?post=20112"},{"taxonomy":"product_tag","embeddable":true,"href":"https:\/\/cultivers.es\/fr\/wp-json\/wp\/v2\/product_tag?post=20112"}],"curies":[{"name":"wp","href":"https:\/\/api.w.org\/{rel}","templated":true}]}}