{"id":20118,"date":"2022-07-18T11:49:28","date_gmt":"2022-07-18T11:49:28","guid":{"rendered":"https:\/\/cultivers.es\/abonos\/engrais-pour-plantes-de-terrasse-et-de-balcon\/"},"modified":"2025-09-22T04:44:48","modified_gmt":"2025-09-22T04:44:48","slug":"engrais-plantes-pour-terrasse-et-balcon","status":"publish","type":"product","link":"https:\/\/cultivers.es\/fr\/abonnements\/engrais-plantes-pour-terrasse-et-balcon\/","title":{"rendered":"Engrais pour plantes de terrasse et de balcon"},"content":{"rendered":"","protected":false},"excerpt":{"rendered":"<p class=\"p1\">Engrais organique pour les plantes de terrasse et de balcon. 100% naturel<\/p>\n<p class=\"p1\">Favorise et prolonge la floraison. Intensifie les couleurs.<\/p>\n<p class=\"p1\">Teneur \u00e9lev\u00e9e en mati\u00e8re organique et en acides fulviques. Retient l&rsquo;eau et l&rsquo;oxyg\u00e8ne dans le sol.<\/p>\n<p class=\"p1\">Stimule le d\u00e9veloppement de nouvelles feuilles vertes et de fleurs chez les plantes en situation de stress.<span class=\"Apple-converted-space\"> <\/span><\/p>\n","protected":false},"featured_media":27482,"comment_status":"open","ping_status":"closed","template":"","meta":{"_acf_changed":false},"product_brand":[],"product_cat":[1281],"product_tag":[],"woo-feed-brand":[],"class_list":{"0":"post-20118","1":"product","2":"type-product","3":"status-publish","4":"has-post-thumbnail","6":"product_cat-plantes-dinterieur-et-balcon","8":"first","9":"instock","10":"taxable","11":"shipping-taxable","12":"purchasable","13":"product-type-variable"},"acf":[],"_links":{"self":[{"href":"https:\/\/cultivers.es\/fr\/wp-json\/wp\/v2\/product\/20118","targetHints":{"allow":["GET"]}}],"collection":[{"href":"https:\/\/cultivers.es\/fr\/wp-json\/wp\/v2\/product"}],"about":[{"href":"https:\/\/cultivers.es\/fr\/wp-json\/wp\/v2\/types\/product"}],"replies":[{"embeddable":true,"href":"https:\/\/cultivers.es\/fr\/wp-json\/wp\/v2\/comments?post=20118"}],"wp:featuredmedia":[{"embeddable":true,"href":"https:\/\/cultivers.es\/fr\/wp-json\/wp\/v2\/media\/27482"}],"wp:attachment":[{"href":"https:\/\/cultivers.es\/fr\/wp-json\/wp\/v2\/media?parent=20118"}],"wp:term":[{"taxonomy":"product_brand","embeddable":true,"href":"https:\/\/cultivers.es\/fr\/wp-json\/wp\/v2\/product_brand?post=20118"},{"taxonomy":"product_cat","embeddable":true,"href":"https:\/\/cultivers.es\/fr\/wp-json\/wp\/v2\/product_cat?post=20118"},{"taxonomy":"product_tag","embeddable":true,"href":"https:\/\/cultivers.es\/fr\/wp-json\/wp\/v2\/product_tag?post=20118"},{"taxonomy":"woo-feed-brand","embeddable":true,"href":"https:\/\/cultivers.es\/fr\/wp-json\/wp\/v2\/woo-feed-brand?post=20118"}],"curies":[{"name":"wp","href":"https:\/\/api.w.org\/{rel}","templated":true}]}}