{"id":20126,"date":"2022-07-18T08:58:26","date_gmt":"2022-07-18T08:58:26","guid":{"rendered":"https:\/\/cultivers.es\/abonos\/engrais-universel-avec-guano-liquide\/"},"modified":"2025-09-22T05:33:04","modified_gmt":"2025-09-22T05:33:04","slug":"engrais-universel-avec-guano-liquide","status":"publish","type":"product","link":"https:\/\/cultivers.es\/fr\/abonnements\/engrais-universel-avec-guano-liquide\/","title":{"rendered":"Engrais universel avec guano liquide"},"content":{"rendered":"<p class=\"p2\">Engrais pour tous types de plantes avec de la mati\u00e8re organique et des acides fulviques, des \u00e9l\u00e9ments essentiels tels que N, P, K, Ca, ainsi que des substances naturelles bio-stimulantes telles que des b\u00e9ta\u00efnes, des sucres, des prot\u00e9ines, des enzymes, des auxines et des vitamines. Formul\u00e9 \u00e0 partir de mati\u00e8res organiques obtenues \u00e0 partir de plantes. Il am\u00e9liore la rhizosph\u00e8re, retient l&rsquo;eau et l&rsquo;oxyg\u00e8ne dans le sol et stimule le d\u00e9veloppement des organes verts et des fleurs des plantes dans des situations d\u00e9favorables.<span class=\"Apple-converted-space\"> <\/span><\/p>\n","protected":false},"excerpt":{"rendered":"<p>Engrais liquide \u00e0 base de guano qui augmente l&rsquo;activit\u00e9 des micro-organismes, l&rsquo;a\u00e9ration, la r\u00e9tention d&rsquo;eau et la disponibilit\u00e9 des nutriments.<\/p>\n<p>Engrais naturel avec NPK 4-4-4 mon \u00e9quilibr\u00e9 et facile \u00e0 utiliser. Biostimulant pour tous types de plantes et de cultures.<\/p>\n<p>Dosage : Bien agiter le flacon avant utilisation et diluer 4 ml de produit dans 1 litre d&rsquo;eau ou presser deux fois dans le pot puis dans l&rsquo;eau.<\/p>\n<p>Formul\u00e9 \u00e0 partir de mati\u00e8res organiques obtenues \u00e0 partir de plantes s\u00e9lectionn\u00e9es qui am\u00e9liorent la rhizosph\u00e8re, retiennent l&rsquo;eau et oxyg\u00e8nent le sol. En outre, gr\u00e2ce \u00e0 sa teneur en acides amin\u00e9s, il stimule le d\u00e9veloppement des organes verts et des fruits, m\u00eame dans des situations d\u00e9favorables.<\/p>\n<p>L&rsquo;origine naturelle fournit, en plus de la mati\u00e8re organique et des acides fulviques, des \u00e9l\u00e9ments essentiels tels que N, P et K, des micronutriments, ainsi que des substances naturelles bio-stimulantes telles que les b\u00e9ta\u00efnes et les vitamines, renfor\u00e7ant ainsi la flore microbienne du sol.<\/p>\n","protected":false},"featured_media":27495,"comment_status":"open","ping_status":"closed","template":"","meta":{"_acf_changed":false},"product_brand":[],"product_cat":[314,1281],"product_tag":[],"woo-feed-brand":[],"class_list":{"0":"post-20126","1":"product","2":"type-product","3":"status-publish","4":"has-post-thumbnail","6":"product_cat-engrais","7":"product_cat-plantes-dinterieur-et-balcon","9":"first","10":"instock","11":"taxable","12":"shipping-taxable","13":"purchasable","14":"product-type-variable"},"acf":[],"_links":{"self":[{"href":"https:\/\/cultivers.es\/fr\/wp-json\/wp\/v2\/product\/20126","targetHints":{"allow":["GET"]}}],"collection":[{"href":"https:\/\/cultivers.es\/fr\/wp-json\/wp\/v2\/product"}],"about":[{"href":"https:\/\/cultivers.es\/fr\/wp-json\/wp\/v2\/types\/product"}],"replies":[{"embeddable":true,"href":"https:\/\/cultivers.es\/fr\/wp-json\/wp\/v2\/comments?post=20126"}],"wp:featuredmedia":[{"embeddable":true,"href":"https:\/\/cultivers.es\/fr\/wp-json\/wp\/v2\/media\/27495"}],"wp:attachment":[{"href":"https:\/\/cultivers.es\/fr\/wp-json\/wp\/v2\/media?parent=20126"}],"wp:term":[{"taxonomy":"product_brand","embeddable":true,"href":"https:\/\/cultivers.es\/fr\/wp-json\/wp\/v2\/product_brand?post=20126"},{"taxonomy":"product_cat","embeddable":true,"href":"https:\/\/cultivers.es\/fr\/wp-json\/wp\/v2\/product_cat?post=20126"},{"taxonomy":"product_tag","embeddable":true,"href":"https:\/\/cultivers.es\/fr\/wp-json\/wp\/v2\/product_tag?post=20126"},{"taxonomy":"woo-feed-brand","embeddable":true,"href":"https:\/\/cultivers.es\/fr\/wp-json\/wp\/v2\/woo-feed-brand?post=20126"}],"curies":[{"name":"wp","href":"https:\/\/api.w.org\/{rel}","templated":true}]}}