{"id":20128,"date":"2022-07-13T12:02:22","date_gmt":"2022-07-13T12:02:22","guid":{"rendered":"https:\/\/cultivers.es\/abonos\/chitosan\/"},"modified":"2026-03-19T07:05:13","modified_gmt":"2026-03-19T07:05:13","slug":"chitosan","status":"publish","type":"product","link":"https:\/\/cultivers.es\/fr\/abonnements\/chitosan\/","title":{"rendered":"Chitosan"},"content":{"rendered":"<p>Le chitosan prot\u00e8ge les cultures contre les attaques de pathog\u00e8nes et de ravageurs, am\u00e9liore la qualit\u00e9 des cultures et maintient la stabilit\u00e9 du rendement pendant le stockage apr\u00e8s la r\u00e9colte.<\/p>\n<p>\u00c9liciteur activant l&rsquo;autod\u00e9fense des plantes. R\u00e9duit l&rsquo;ouverture des stomates pour pr\u00e9venir l&rsquo;attaque des pathog\u00e8nes.<\/p>\n<p>Activateur des m\u00e9canismes de d\u00e9fense des plantes. Il provoque un faux stress dans la plante, confondant la pr\u00e9sence du produit avec la proximit\u00e9 d&rsquo;un pathog\u00e8ne pr\u00eat \u00e0 l&rsquo;attaquer. Il d\u00e9clenche le m\u00e9canisme d&rsquo;autod\u00e9fense de la plante.<\/p>\n<p>\u00c9l\u00e9ment important de la d\u00e9fense en permettant au calcium de p\u00e9n\u00e9trer dans la cellule. Maintien de la turgescence et de la fermet\u00e9 des fruits apr\u00e8s la r\u00e9colte.<\/p>\n<p>Active la formation de barri\u00e8res physiques, active la formation de racines secondaires et de poils racinaires chez les plantes adultes, active l&rsquo;adsorption des micronutriments.<\/p>\n<p>Il peut \u00eatre utilis\u00e9 comme enrobage de semences, pour la conservation pendant le stockage et dans les syst\u00e8mes de lib\u00e9ration d&rsquo;engrais.<\/p>\n","protected":false},"excerpt":{"rendered":"<p>Pr\u00e9ventif et curatif. <span class=\"original-content\">Eliciteur<\/span>, induisant une r\u00e9sistance aux champignons et aux bact\u00e9ries en stimulant les m\u00e9canismes de d\u00e9fense naturels de la plante.<\/p>\n<div class=\"error-span misspelling tooltipstered\" data-errorword=\"Elicitor\">Il est extrait de la chitine naturelle en utilisant les exosquelettes de crustac\u00e9s marins comme mati\u00e8re premi\u00e8re. Cultures : fruits, l\u00e9gumes, herbe, chanvre et graines.<\/div>\n<div data-errorword=\"Elicitor\"><\/div>\n<div class=\"error-span misspelling tooltipstered\" data-errorword=\"Elicitor\">Stimule la croissance, la production de racines, l&rsquo;absorption des nutriments et la floraison.<\/div>\n<div data-errorword=\"Elicitor\"><\/div>\n<div class=\"error-span misspelling tooltipstered\" data-errorword=\"Elicitor\">Dosage : 5 ml\/l. S&rsquo;appliquant du d\u00e9veloppement de la premi\u00e8re feuille au d\u00e9veloppement du fruit. Semences : Appliquer par trempage ou pulv\u00e9risation dans le traitement des semences avant le semis.<\/div>\n","protected":false},"featured_media":54214,"comment_status":"open","ping_status":"closed","template":"","meta":{"_acf_changed":false},"product_brand":[],"product_cat":[522,577,570,463,317,313,581,533,523,532,315,582,460,580,461,357,574,573],"product_tag":[],"woo-feed-brand":[],"class_list":{"0":"post-20128","1":"product","2":"type-product","3":"status-publish","4":"has-post-thumbnail","6":"product_cat-agrumes","7":"product_cat-arbres-fruitiers","8":"product_cat-bioprotecteurs","9":"product_cat-biostimulants-fr","10":"product_cat-bonsai-fr","11":"product_cat-coniferes-et-haies","12":"product_cat-geraniums-fr","13":"product_cat-hortensias-fr","14":"product_cat-olivier","15":"product_cat-orchidees","16":"product_cat-pelouse","17":"product_cat-plantes-ornementales","18":"product_cat-protection-des-cultures-et-des-plantes","19":"product_cat-rosiers","20":"product_cat-substances-de-base","21":"product_cat-tomates","22":"product_cat-tropical-fr","23":"product_cat-verger","25":"first","26":"instock","27":"taxable","28":"shipping-taxable","29":"purchasable","30":"product-type-variable"},"acf":[],"_links":{"self":[{"href":"https:\/\/cultivers.es\/fr\/wp-json\/wp\/v2\/product\/20128","targetHints":{"allow":["GET"]}}],"collection":[{"href":"https:\/\/cultivers.es\/fr\/wp-json\/wp\/v2\/product"}],"about":[{"href":"https:\/\/cultivers.es\/fr\/wp-json\/wp\/v2\/types\/product"}],"replies":[{"embeddable":true,"href":"https:\/\/cultivers.es\/fr\/wp-json\/wp\/v2\/comments?post=20128"}],"wp:featuredmedia":[{"embeddable":true,"href":"https:\/\/cultivers.es\/fr\/wp-json\/wp\/v2\/media\/54214"}],"wp:attachment":[{"href":"https:\/\/cultivers.es\/fr\/wp-json\/wp\/v2\/media?parent=20128"}],"wp:term":[{"taxonomy":"product_brand","embeddable":true,"href":"https:\/\/cultivers.es\/fr\/wp-json\/wp\/v2\/product_brand?post=20128"},{"taxonomy":"product_cat","embeddable":true,"href":"https:\/\/cultivers.es\/fr\/wp-json\/wp\/v2\/product_cat?post=20128"},{"taxonomy":"product_tag","embeddable":true,"href":"https:\/\/cultivers.es\/fr\/wp-json\/wp\/v2\/product_tag?post=20128"},{"taxonomy":"woo-feed-brand","embeddable":true,"href":"https:\/\/cultivers.es\/fr\/wp-json\/wp\/v2\/woo-feed-brand?post=20128"}],"curies":[{"name":"wp","href":"https:\/\/api.w.org\/{rel}","templated":true}]}}