{"id":20130,"date":"2022-07-18T10:55:45","date_gmt":"2022-07-18T10:55:45","guid":{"rendered":"https:\/\/cultivers.es\/abonos\/engrais-pour-plantes-vertes\/"},"modified":"2025-09-22T05:19:48","modified_gmt":"2025-09-22T05:19:48","slug":"engrais-plantes-vertes","status":"publish","type":"product","link":"https:\/\/cultivers.es\/fr\/abonnements\/engrais-plantes-vertes\/","title":{"rendered":"Engrais pour plantes vertes"},"content":{"rendered":"<p>L&rsquo;engrais organique pour plantes vertes est formul\u00e9 \u00e0 partir de mati\u00e8res organiques obtenues \u00e0 partir de plantes s\u00e9lectionn\u00e9es qui am\u00e9liorent la rhizosph\u00e8re, retiennent l&rsquo;eau et oxyg\u00e8nent le sol. De plus, gr\u00e2ce \u00e0 sa teneur en acides amin\u00e9s, il stimule le d\u00e9veloppement de nouvelles feuilles vertes, m\u00eame dans des situations d\u00e9favorables. Gr\u00e2ce \u00e0 son origine naturelle, il apporte, en plus de la mati\u00e8re organique et des acides fulviques, des \u00e9l\u00e9ments essentiels tels que N, P et K, des micronutriments, ainsi que des biostimulants naturels tels que des b\u00e9ta\u00efnes et des vitamines, renfor\u00e7ant ainsi la flore microbienne du sol.<\/p>\n","protected":false},"excerpt":{"rendered":"<ul>\n<li>L&rsquo;engrais organique pour plantes vertes est formul\u00e9 \u00e0 partir de mati\u00e8res organiques provenant de l\u00e9gumes s\u00e9lectionn\u00e9s.<\/li>\n<li>Am\u00e9liore la rhizosph\u00e8re, retient l&rsquo;eau et oxyg\u00e8ne le sol.<\/li>\n<li>De plus, gr\u00e2ce \u00e0 sa teneur en acides amin\u00e9s, il stimule le d\u00e9veloppement de nouvelles feuilles vertes, m\u00eame dans des situations d\u00e9favorables.<\/li>\n<li>Gr\u00e2ce \u00e0 son origine naturelle, il apporte, en plus de la mati\u00e8re organique et des acides fulviques, des \u00e9l\u00e9ments essentiels tels que N, P et K, des micronutriments, des vitamines et des min\u00e9raux.<\/li>\n<li>Il fournit \u00e9galement des biostimulants naturels tels que des b\u00e9ta\u00efnes et des vitamines, qui, ensemble, am\u00e9liorent la flore microbienne du sol.<\/li>\n<\/ul>\n","protected":false},"featured_media":27458,"comment_status":"open","ping_status":"closed","template":"","meta":{"_acf_changed":false},"product_brand":[],"product_cat":[1281],"product_tag":[],"class_list":{"0":"post-20130","1":"product","2":"type-product","3":"status-publish","4":"has-post-thumbnail","6":"product_cat-plantes-dinterieur-et-balcon","8":"first","9":"instock","10":"taxable","11":"shipping-taxable","12":"purchasable","13":"product-type-variable"},"acf":[],"_links":{"self":[{"href":"https:\/\/cultivers.es\/fr\/wp-json\/wp\/v2\/product\/20130","targetHints":{"allow":["GET"]}}],"collection":[{"href":"https:\/\/cultivers.es\/fr\/wp-json\/wp\/v2\/product"}],"about":[{"href":"https:\/\/cultivers.es\/fr\/wp-json\/wp\/v2\/types\/product"}],"replies":[{"embeddable":true,"href":"https:\/\/cultivers.es\/fr\/wp-json\/wp\/v2\/comments?post=20130"}],"wp:featuredmedia":[{"embeddable":true,"href":"https:\/\/cultivers.es\/fr\/wp-json\/wp\/v2\/media\/27458"}],"wp:attachment":[{"href":"https:\/\/cultivers.es\/fr\/wp-json\/wp\/v2\/media?parent=20130"}],"wp:term":[{"taxonomy":"product_brand","embeddable":true,"href":"https:\/\/cultivers.es\/fr\/wp-json\/wp\/v2\/product_brand?post=20130"},{"taxonomy":"product_cat","embeddable":true,"href":"https:\/\/cultivers.es\/fr\/wp-json\/wp\/v2\/product_cat?post=20130"},{"taxonomy":"product_tag","embeddable":true,"href":"https:\/\/cultivers.es\/fr\/wp-json\/wp\/v2\/product_tag?post=20130"}],"curies":[{"name":"wp","href":"https:\/\/api.w.org\/{rel}","templated":true}]}}