{"id":20146,"date":"2022-05-30T13:29:06","date_gmt":"2022-05-30T13:29:06","guid":{"rendered":"https:\/\/cultivers.es\/abonos\/triple-action-pret-a-lemploi\/"},"modified":"2026-03-19T07:05:17","modified_gmt":"2026-03-19T07:05:17","slug":"triple-action-pret-a-lemploi","status":"publish","type":"product","link":"https:\/\/cultivers.es\/fr\/abonnements\/triple-action-pret-a-lemploi\/","title":{"rendered":"Triple action pr\u00eat \u00e0 l&#8217;emploi"},"content":{"rendered":"","protected":false},"excerpt":{"rendered":"<p><span class=\"a-list-item\">Traitement \u00e9cologique insecticide, fongicide et acaricide triple action qui agit en \u00e9liminant les insectes, les acariens et les champignons.<\/span><\/p>\n<p><span class=\"a-list-item\">Il agit sur la plante en lui apportant une triple protection contre les attaques des ravageurs et des maladies.<\/span><\/p>\n<p><span class=\"a-list-item\">Mode d&#8217;emploi : Pulv\u00e9riser directement sur la plante, \u00e0 une distance d&rsquo;environ 30 cm. Il est toujours recommand\u00e9 d&rsquo;appliquer le produit au cr\u00e9puscule, en \u00e9vitant les heures de plus forte radiation solaire, en mouillant toujours bien toute la surface des feuilles, sans faire couler le produit.<\/span><\/p>\n<p><span class=\"a-list-item\">Selon le rapport SANTE\/11809\/2016, il peut \u00eatre appliqu\u00e9 sur : Pucerons, acariens : f\u00e8ves, vignes ; pyrale du chou ; Carpocapsa Manzano ; col\u00e9opt\u00e8res et papillons de nuit dans les Brassicas. Champignons : o\u00efdium, mildiou, alternaria, monilia, botrytis, pythium, champignon des racines, enroulement des feuilles, monilia.<\/span><\/p>\n<p><span class=\"a-list-item\">Pour les plantes d&rsquo;int\u00e9rieur \u00e0 l&rsquo;ext\u00e9rieur. Produits 100% naturels.<\/span><\/p>\n","protected":false},"featured_media":27508,"comment_status":"open","ping_status":"closed","template":"","meta":{"_acf_changed":false},"product_brand":[],"product_cat":[317,570,581,533,532,583,1281,582,460,580,461,357,573],"product_tag":[],"class_list":{"0":"post-20146","1":"product","2":"type-product","3":"status-publish","4":"has-post-thumbnail","6":"product_cat-bonsai-fr","7":"product_cat-bioprotecteurs","8":"product_cat-geraniums-fr","9":"product_cat-hortensias-fr","10":"product_cat-orchidees","11":"product_cat-plantes-dinterieur","12":"product_cat-plantes-dinterieur-et-balcon","13":"product_cat-plantes-ornementales","14":"product_cat-protection-des-cultures-et-des-plantes","15":"product_cat-rosiers","16":"product_cat-substances-de-base","17":"product_cat-tomates","18":"product_cat-verger","20":"first","21":"instock","22":"featured","23":"taxable","24":"shipping-taxable","25":"purchasable","26":"product-type-variable"},"acf":[],"_links":{"self":[{"href":"https:\/\/cultivers.es\/fr\/wp-json\/wp\/v2\/product\/20146","targetHints":{"allow":["GET"]}}],"collection":[{"href":"https:\/\/cultivers.es\/fr\/wp-json\/wp\/v2\/product"}],"about":[{"href":"https:\/\/cultivers.es\/fr\/wp-json\/wp\/v2\/types\/product"}],"replies":[{"embeddable":true,"href":"https:\/\/cultivers.es\/fr\/wp-json\/wp\/v2\/comments?post=20146"}],"wp:featuredmedia":[{"embeddable":true,"href":"https:\/\/cultivers.es\/fr\/wp-json\/wp\/v2\/media\/27508"}],"wp:attachment":[{"href":"https:\/\/cultivers.es\/fr\/wp-json\/wp\/v2\/media?parent=20146"}],"wp:term":[{"taxonomy":"product_brand","embeddable":true,"href":"https:\/\/cultivers.es\/fr\/wp-json\/wp\/v2\/product_brand?post=20146"},{"taxonomy":"product_cat","embeddable":true,"href":"https:\/\/cultivers.es\/fr\/wp-json\/wp\/v2\/product_cat?post=20146"},{"taxonomy":"product_tag","embeddable":true,"href":"https:\/\/cultivers.es\/fr\/wp-json\/wp\/v2\/product_tag?post=20146"}],"curies":[{"name":"wp","href":"https:\/\/api.w.org\/{rel}","templated":true}]}}