{"id":20150,"date":"2022-06-06T11:06:52","date_gmt":"2022-06-06T11:06:52","guid":{"rendered":"https:\/\/cultivers.es\/abonos\/bicarbonate-de-potassium\/"},"modified":"2025-09-22T05:04:56","modified_gmt":"2025-09-22T05:04:56","slug":"bicarbonate-de-potassium","status":"publish","type":"product","link":"https:\/\/cultivers.es\/fr\/abonnements\/bicarbonate-de-potassium\/","title":{"rendered":"Bicarbonate de potassium"},"content":{"rendered":"<p>Le bicarbonate de potassium est un fongicide de contact naturel et un fongicide \u00e0 large spectre pour la lutte contre le mildiou et d&rsquo;autres maladies fongiques des plantes en g\u00e9n\u00e9ral. Il arr\u00eate la croissance des champignons pathog\u00e8nes sur le feuillage en modifiant les processus de r\u00e9gulation de la pression osmotique, ce qui entra\u00eene la destruction des parois cellulaires du pathog\u00e8ne. Il est utilis\u00e9 en application foliaire en utilisant un volume d&rsquo;eau suffisant pour assurer une couverture compl\u00e8te de toutes les tiges et de tout le feuillage. Une application hebdomadaire est recommand\u00e9e pendant les p\u00e9riodes de forte pouss\u00e9e de la maladie ou lorsque les conditions de d\u00e9veloppement de la maladie sont les plus favorables. Apr\u00e8s trois applications, la concentration ou la fr\u00e9quence d&rsquo;application peut \u00eatre r\u00e9duite pour pr\u00e9venir la maladie.<\/p>\n","protected":false},"excerpt":{"rendered":"<div id=\"featurebullets_feature_div\" class=\"celwidget\" data-feature-name=\"featurebullets\" data-csa-c-id=\"t9itx4-id1tls-hbafvb-t0tgph\" data-cel-widget=\"featurebullets_feature_div\">\n<div id=\"feature-bullets\" class=\"a-section a-spacing-medium a-spacing-top-small\">\n<ul class=\"a-unordered-list a-vertical a-spacing-mini\">\n<li><span class=\"a-list-item\">100% de bicarbonate de potassium<\/span><\/li>\n<\/ul>\n<\/div>\n<\/div>\n","protected":false},"featured_media":14959,"comment_status":"open","ping_status":"closed","template":"","meta":{"_acf_changed":false},"product_brand":[],"product_cat":[570,569,460,461],"product_tag":[],"woo-feed-brand":[],"class_list":{"0":"post-20150","1":"product","2":"type-product","3":"status-publish","4":"has-post-thumbnail","6":"product_cat-bioprotecteurs","7":"product_cat-correcteurs-de-carence","8":"product_cat-protection-des-cultures-et-des-plantes","9":"product_cat-substances-de-base","11":"first","12":"instock","13":"taxable","14":"shipping-taxable","15":"purchasable","16":"product-type-variable"},"acf":[],"_links":{"self":[{"href":"https:\/\/cultivers.es\/fr\/wp-json\/wp\/v2\/product\/20150","targetHints":{"allow":["GET"]}}],"collection":[{"href":"https:\/\/cultivers.es\/fr\/wp-json\/wp\/v2\/product"}],"about":[{"href":"https:\/\/cultivers.es\/fr\/wp-json\/wp\/v2\/types\/product"}],"replies":[{"embeddable":true,"href":"https:\/\/cultivers.es\/fr\/wp-json\/wp\/v2\/comments?post=20150"}],"wp:featuredmedia":[{"embeddable":true,"href":"https:\/\/cultivers.es\/fr\/wp-json\/wp\/v2\/media\/14959"}],"wp:attachment":[{"href":"https:\/\/cultivers.es\/fr\/wp-json\/wp\/v2\/media?parent=20150"}],"wp:term":[{"taxonomy":"product_brand","embeddable":true,"href":"https:\/\/cultivers.es\/fr\/wp-json\/wp\/v2\/product_brand?post=20150"},{"taxonomy":"product_cat","embeddable":true,"href":"https:\/\/cultivers.es\/fr\/wp-json\/wp\/v2\/product_cat?post=20150"},{"taxonomy":"product_tag","embeddable":true,"href":"https:\/\/cultivers.es\/fr\/wp-json\/wp\/v2\/product_tag?post=20150"},{"taxonomy":"woo-feed-brand","embeddable":true,"href":"https:\/\/cultivers.es\/fr\/wp-json\/wp\/v2\/woo-feed-brand?post=20150"}],"curies":[{"name":"wp","href":"https:\/\/api.w.org\/{rel}","templated":true}]}}