{"id":20164,"date":"2022-05-30T12:22:09","date_gmt":"2022-05-30T12:22:09","guid":{"rendered":"https:\/\/cultivers.es\/abonos\/activateur-de-biochar\/"},"modified":"2025-09-22T04:37:32","modified_gmt":"2025-09-22T04:37:32","slug":"activateur-biochar","status":"publish","type":"product","link":"https:\/\/cultivers.es\/fr\/abonnements\/activateur-biochar\/","title":{"rendered":"Activateur de biochar"},"content":{"rendered":"<p>CULTIVERS L&rsquo;activateur Biochar est sp\u00e9cialement con\u00e7u pour compl\u00e9ter le processus de cr\u00e9ation de Biochar. En ajoutant l&rsquo;activateur au Biochar, nous renfor\u00e7ons son effet et votre sol commence \u00e0 se r\u00e9g\u00e9n\u00e9rer correctement. Un biochar bien activ\u00e9 r\u00e9ussira \u00e0 r\u00e9g\u00e9n\u00e9rer votre sol et \u00e0 cr\u00e9er la fameuse TERRE DOUCE. Vous r\u00e9ussirez \u00e0 cr\u00e9er un sol fertile et sain pour la croissance optimale de vos plantes, que ce soit dans votre potager, votre jardin urbain, vos arbres ou vos pots&#8230; Vos plantes vous en seront reconnaissantes. R\u00e9g\u00e9n\u00e8re, renforce la fertilit\u00e9 du sol. Augmente l&rsquo;a\u00e9ration et la production des cultures. Am\u00e9liore la structure et la texture. R\u00e9gulateur du pH des sols tr\u00e8s acides, am\u00e9liore leurs propri\u00e9t\u00e9s physiques et chimiques et a la capacit\u00e9 d&rsquo;amortir les changements soudains de temp\u00e9rature. Utilisations et avantages : pots (plantes plus vigoureuses et floraison favoris\u00e9e) | pelouses (plus vertes avec moins d&rsquo;eau). | Horticulture (plus de production, moins de maladies). | Arbres (am\u00e9liore la r\u00e9sistance aux maladies et stimule la croissance des arbres). | Compost (acc\u00e9l\u00e8re le processus de compostage, augmente les nutriments et les micro-organismes) Conserve les nutriments plus longtemps, ce qui stimule la croissance de vos plantes. Am\u00e9liore la r\u00e9tention d&rsquo;eau des sols. Capacit\u00e9 de r\u00e9tention d&rsquo;eau \u00e9lev\u00e9e, ce qui am\u00e9liore l&rsquo;irrigation des racines et permet de capter et de retenir les \u00e9l\u00e9ments nutritifs, en r\u00e9duisant les pertes par lessivage. Active les d\u00e9fenses naturelles des plantes en am\u00e9liorant le syst\u00e8me immunitaire. Des plantes et des arbres en meilleure sant\u00e9. Il contribue \u00e0 la s\u00e9questration du carbone de l&rsquo;atmosph\u00e8re, puisqu&rsquo;il stocke plus de trois fois son poids en CO2. R\u00e9duction des \u00e9missions de gaz \u00e0 effet de serre.<\/p>\n","protected":false},"excerpt":{"rendered":"<p>M\u00e9langer avec le charbon Biochar. De Cultivers. Am\u00e9lioration de l&rsquo;effet du biochar.<\/p>\n<p>R\u00e9g\u00e9n\u00e8re, renforce la fertilit\u00e9 du sol. Augmente l&rsquo;a\u00e9ration et la production des cultures. Am\u00e9lioration de la structure et de la texture du sol.<\/p>\n<p>R\u00e9gulateur du pH des sols tr\u00e8s acides, am\u00e9liore leurs propri\u00e9t\u00e9s physiques et chimiques et a la capacit\u00e9 d&rsquo;amortir les changements soudains de temp\u00e9rature.<\/p>\n<p>Am\u00e9liore la r\u00e9tention d&rsquo;eau des sols. Capacit\u00e9 de r\u00e9tention d&rsquo;eau \u00e9lev\u00e9e, qui am\u00e9liore l&rsquo;irrigation des racines et permet l&rsquo;absorption et la r\u00e9tention des nutriments, en r\u00e9duisant les pertes par lessivage.<\/p>\n<p>Utilisations et avantages : pots (plantes plus vigoureuses et floraison favoris\u00e9e) | pelouses (plus vertes avec moins d&rsquo;eau). | Horticulture (plus de production, moins de maladies). | Arbres (am\u00e9liore la r\u00e9sistance aux maladies et stimule la croissance des arbres). | Compost (acc\u00e9l\u00e8re le processus de compostage, augmente les nutriments et les micro-organismes) Conserve les nutriments plus longtemps, ce qui stimule la croissance de vos plantes.<\/p>\n","protected":false},"featured_media":14824,"comment_status":"open","ping_status":"closed","template":"","meta":{"_acf_changed":false},"product_brand":[],"product_cat":[388],"product_tag":[],"woo-feed-brand":[],"class_list":{"0":"post-20164","1":"product","2":"type-product","3":"status-publish","4":"has-post-thumbnail","6":"product_cat-regenerateurs-de-sol","8":"first","9":"instock","10":"taxable","11":"shipping-taxable","12":"purchasable","13":"product-type-variable"},"acf":[],"_links":{"self":[{"href":"https:\/\/cultivers.es\/fr\/wp-json\/wp\/v2\/product\/20164","targetHints":{"allow":["GET"]}}],"collection":[{"href":"https:\/\/cultivers.es\/fr\/wp-json\/wp\/v2\/product"}],"about":[{"href":"https:\/\/cultivers.es\/fr\/wp-json\/wp\/v2\/types\/product"}],"replies":[{"embeddable":true,"href":"https:\/\/cultivers.es\/fr\/wp-json\/wp\/v2\/comments?post=20164"}],"wp:featuredmedia":[{"embeddable":true,"href":"https:\/\/cultivers.es\/fr\/wp-json\/wp\/v2\/media\/14824"}],"wp:attachment":[{"href":"https:\/\/cultivers.es\/fr\/wp-json\/wp\/v2\/media?parent=20164"}],"wp:term":[{"taxonomy":"product_brand","embeddable":true,"href":"https:\/\/cultivers.es\/fr\/wp-json\/wp\/v2\/product_brand?post=20164"},{"taxonomy":"product_cat","embeddable":true,"href":"https:\/\/cultivers.es\/fr\/wp-json\/wp\/v2\/product_cat?post=20164"},{"taxonomy":"product_tag","embeddable":true,"href":"https:\/\/cultivers.es\/fr\/wp-json\/wp\/v2\/product_tag?post=20164"},{"taxonomy":"woo-feed-brand","embeddable":true,"href":"https:\/\/cultivers.es\/fr\/wp-json\/wp\/v2\/woo-feed-brand?post=20164"}],"curies":[{"name":"wp","href":"https:\/\/api.w.org\/{rel}","templated":true}]}}