{"id":20183,"date":"2022-05-18T18:09:08","date_gmt":"2022-05-18T18:09:08","guid":{"rendered":"https:\/\/cultivers.es\/abonos\/biochar-charbon-de-bois\/"},"modified":"2025-09-22T05:04:57","modified_gmt":"2025-09-22T05:04:57","slug":"biochar","status":"publish","type":"product","link":"https:\/\/cultivers.es\/fr\/abonnements\/biochar\/","title":{"rendered":"Biochar Charbon de bois"},"content":{"rendered":"<div id=\"productDescription_feature_div\" class=\"celwidget\" data-feature-name=\"productDescription\" data-csa-c-id=\"ezhmd6-cdq9ug-lytc4t-o24nf9\" data-cel-widget=\"productDescription_feature_div\">\n<div id=\"productDescription_feature_div\" class=\"a-row feature\" data-feature-name=\"productDescription\" data-template-name=\"productDescription\" data-cel-widget=\"productDescription_feature_div\">\n<div id=\"productDescription\" class=\"a-section a-spacing-small\">\n<p>5L = 1kg<br \/>\n20L = 4kg<\/p>\n<p>Pots : -Transplantation : 15% avec un substrat de plantation ou le placer au fond du pot. -Appliquer deux cuill\u00e8res \u00e0 soupe dans la casserole. Cultures horticoles : incorporer 0,5 l\/m2 Arbres et arbres fruitiers : 3 \u00e0 5 l au fond du trou de plantation, couvrir et arroser g\u00e9n\u00e9reusement. Pelouse : 0,5 l\/m2 et arrosage abondant. Compost : Appliquer de fines couches sur les restes de mati\u00e8re organique. Il est recommand\u00e9 de l&rsquo;appliquer avec un activateur ou de l&rsquo;humus de vers.<\/p>\n<\/div>\n<\/div>\n<\/div>\n<div id=\"importantInformation_feature_div\" class=\"celwidget\" data-feature-name=\"importantInformation\" data-csa-c-id=\"axi35v-jtisgk-4nbqoz-1n98yu\" data-cel-widget=\"importantInformation_feature_div\"><\/div>\n<div id=\"postPurchaseWhatsInTheBox_feature_div\" class=\"celwidget\" data-feature-name=\"postPurchaseWhatsInTheBox\" data-csa-c-id=\"xto9uh-h4nybg-km2bdp-vij110\" data-cel-widget=\"postPurchaseWhatsInTheBox_feature_div\"><\/div>\n<div id=\"ask-dp-search_feature_div\" class=\"celwidget\" data-feature-name=\"ask-dp-search\" data-csa-c-id=\"pah4u9-uo94l3-tjd60x-4jcn9y\" data-cel-widget=\"ask-dp-search_feature_div\">\n<div id=\"ask-dp-search_feature_div\">\n<div id=\"ask-dp-search_feature_div\"><\/div>\n<\/div>\n<\/div>\n<div id=\"aplusBrandStory_feature_div\" class=\"celwidget\" data-feature-name=\"aplusBrandStory\" data-csa-c-id=\"1kyvpe-okkfhg-1cdqvg-g07ruz\" data-cel-widget=\"aplusBrandStory_feature_div\"><\/div>\n<div id=\"aplus_feature_div\" class=\"celwidget\" data-feature-name=\"aplus\" data-csa-c-id=\"c2arzf-c38nle-mnz4is-uhrnbm\" data-cel-widget=\"aplus_feature_div\"><\/div>\n<div id=\"aplus3p_feature_div\" class=\"celwidget\" data-feature-name=\"aplus3p\" data-csa-c-id=\"2vabn1-7u2m7q-o3uqny-9ocv68\" data-cel-widget=\"aplus3p_feature_div\"><\/div>\n<div id=\"aplusSustainabilityStory_feature_div\" class=\"celwidget\" data-feature-name=\"aplusSustainabilityStory\" data-csa-c-id=\"w96eio-r83m23-bz781z-cbwlos\" data-cel-widget=\"aplusSustainabilityStory_feature_div\"><\/div>\n<div id=\"similarities_feature_div\" class=\"celwidget\" data-feature-name=\"similarities\" data-csa-c-id=\"26y137-q2wmb2-ee5plh-v0uqyt\" data-cel-widget=\"similarities_feature_div\">\n<div id=\"sims-consolidated-4_feature_div\">\n<div id=\"sims-consolidated-4_feature_div\">\n<div class=\"celwidget\" data-csa-c-id=\"o9bzme-fq8bgh-gjy2c6-unszs4\" data-cel-widget=\"sims-consolidated-4_csm_instrumentation_wrapper\">\n<div id=\"DPSims_3_container\">\n<div class=\"widget-html-container\">\n<div class=\"celwidget pd_rd_w-c8wsg pf_rd_p-267a9283-8a0a-4df3-ae99-40c15c0bdc9b pf_rd_r-KQ2GNF4EZZSPFNJWDNP3 pd_rd_r-329a87f6-0630-4f6a-955e-cb2c3c052e72 pd_rd_wg-xdm5R c-f\" data-csa-c-content-id=\"amzn1.sym.267a9283-8a0a-4df3-ae99-40c15c0bdc9b\" data-csa-c-slot-id=\"sims-container-4\" data-csa-c-type=\"widget\" data-csa-c-painter=\"p13n-desktop-carousel-cards\" data-csa-c-id=\"gk19c2-fhw6t2-lz29vf-dpxaxh\" data-cel-widget=\"p13n-desktop-carousel_DPSims_3\"><\/div>\n<\/div>\n<\/div>\n<\/div>\n<\/div>\n<\/div>\n<\/div>\n","protected":false},"excerpt":{"rendered":"<div id=\"featurebullets_feature_div\" class=\"celwidget\" data-feature-name=\"featurebullets\" data-csa-c-id=\"tzkycp-t13hee-jwh7qz-h60kwq\" data-cel-widget=\"featurebullets_feature_div\">\n<div id=\"feature-bullets\" class=\"a-section a-spacing-medium a-spacing-top-small\">\n<ul class=\"a-unordered-list a-vertical a-spacing-mini\">\n<li><span class=\"a-list-item\">R\u00e9g\u00e9n\u00e8re, renforce la fertilit\u00e9 du sol. Augmente l&rsquo;a\u00e9ration et la production des cultures. Am\u00e9liore la structure et la texture. R\u00e9gulateur du pH des sols tr\u00e8s acides, am\u00e9liore leurs propri\u00e9t\u00e9s physiques et chimiques et a la capacit\u00e9 d&rsquo;amortir les changements soudains de temp\u00e9rature.<\/span><\/li>\n<li><span class=\"a-list-item\">Utilisations et avantages : pots (plantes plus vigoureuses et floraison favoris\u00e9e) | pelouses (plus vertes avec moins d&rsquo;eau). | Horticulture (plus de production, moins de maladies). | Arbres (am\u00e9liore la r\u00e9sistance aux maladies et stimule la croissance des arbres). | Compost (acc\u00e9l\u00e8re le processus de compostage, augmente les nutriments et les micro-organismes)<\/span><\/li>\n<li><span class=\"a-list-item\">Conserve les nutriments plus longtemps, ce qui stimule la croissance de vos plantes. Am\u00e9liore la r\u00e9tention d&rsquo;eau des sols. Le biochar a une grande capacit\u00e9 de r\u00e9tention d&rsquo;eau, ce qui am\u00e9liore l&rsquo;irrigation des racines et permet de capturer et de retenir les nutriments, tout en r\u00e9duisant les pertes par lessivage.<\/span><\/li>\n<li><span class=\"a-list-item\">Active les d\u00e9fenses naturelles des plantes en am\u00e9liorant le syst\u00e8me immunitaire. Des plantes et des arbres en meilleure sant\u00e9.<\/span><\/li>\n<li><span class=\"a-list-item\">Le biochar contribue \u00e0 la s\u00e9questration du carbone dans l&rsquo;atmosph\u00e8re, car il stocke plus de trois fois son poids en CO\u2082, ce qui signifie que pour chaque kilo de biochar, plus de 3 kilos de CO\u2082 sont s\u00e9questr\u00e9s. R\u00e9duction des \u00e9missions de gaz \u00e0 effet de serre.<\/span><\/li>\n<\/ul>\n<\/div>\n<\/div>\n<div id=\"provenanceCertifications_feature_div\" class=\"celwidget\" data-feature-name=\"provenanceCertifications\" data-csa-c-id=\"q6a46x-azrfqv-lcib9z-d00a5w\" data-cel-widget=\"provenanceCertifications_feature_div\"><\/div>\n<div id=\"bissProductSpecification_feature_div\" class=\"celwidget\" data-feature-name=\"bissProductSpecification\" data-csa-c-id=\"nudoqz-yervrd-btspom-jqqjaa\" data-cel-widget=\"bissProductSpecification_feature_div\"><\/div>\n","protected":false},"featured_media":14809,"comment_status":"open","ping_status":"closed","template":"","meta":{"_acf_changed":false},"product_brand":[],"product_cat":[315,583,388,357,573],"product_tag":[],"class_list":{"0":"post-20183","1":"product","2":"type-product","3":"status-publish","4":"has-post-thumbnail","6":"product_cat-pelouse","7":"product_cat-plantes-dinterieur","8":"product_cat-regenerateurs-de-sol","9":"product_cat-tomates","10":"product_cat-verger","12":"first","13":"instock","14":"taxable","15":"shipping-taxable","16":"purchasable","17":"product-type-variable"},"acf":[],"_links":{"self":[{"href":"https:\/\/cultivers.es\/fr\/wp-json\/wp\/v2\/product\/20183","targetHints":{"allow":["GET"]}}],"collection":[{"href":"https:\/\/cultivers.es\/fr\/wp-json\/wp\/v2\/product"}],"about":[{"href":"https:\/\/cultivers.es\/fr\/wp-json\/wp\/v2\/types\/product"}],"replies":[{"embeddable":true,"href":"https:\/\/cultivers.es\/fr\/wp-json\/wp\/v2\/comments?post=20183"}],"wp:featuredmedia":[{"embeddable":true,"href":"https:\/\/cultivers.es\/fr\/wp-json\/wp\/v2\/media\/14809"}],"wp:attachment":[{"href":"https:\/\/cultivers.es\/fr\/wp-json\/wp\/v2\/media?parent=20183"}],"wp:term":[{"taxonomy":"product_brand","embeddable":true,"href":"https:\/\/cultivers.es\/fr\/wp-json\/wp\/v2\/product_brand?post=20183"},{"taxonomy":"product_cat","embeddable":true,"href":"https:\/\/cultivers.es\/fr\/wp-json\/wp\/v2\/product_cat?post=20183"},{"taxonomy":"product_tag","embeddable":true,"href":"https:\/\/cultivers.es\/fr\/wp-json\/wp\/v2\/product_tag?post=20183"}],"curies":[{"name":"wp","href":"https:\/\/api.w.org\/{rel}","templated":true}]}}