{"id":20184,"date":"2022-04-09T03:50:52","date_gmt":"2022-04-09T03:50:52","guid":{"rendered":"https:\/\/cultivers.es\/abonos\/nfixer\/"},"modified":"2025-09-22T05:32:38","modified_gmt":"2025-09-22T05:32:38","slug":"nfixateur","status":"publish","type":"product","link":"https:\/\/cultivers.es\/fr\/abonnements\/nfixateur\/","title":{"rendered":"Nfixer"},"content":{"rendered":"","protected":false},"excerpt":{"rendered":"<p>Biofertilisant de r\u00e9g\u00e9n\u00e9ration des sols et biostimulant de croissance des plantes, formul\u00e9 avec des micro-organismes du sol (nitrifiants, phosphorescents, prot\u00e9olytiques et cellulolytiques).<br \/>\nFixateur biologique (symbiotique et non symbiotique) de l&rsquo;azote mol\u00e9culaire, le transformant en azote assimilable par les plantes. En g\u00e9n\u00e9ral, il favorise l&rsquo;incorporation des nutriments par la plante.<br \/>\nGr\u00e2ce \u00e0 sa composition, il est capable de stimuler la formation d&rsquo;un syst\u00e8me racinaire abondant, ainsi que d&rsquo;influencer directement la croissance v\u00e9g\u00e9tative de la plante.<br \/>\nProduit biologique naturel, non toxique, dont l&rsquo;utilisation n&rsquo;implique aucun risque pour la sant\u00e9 et l&rsquo;environnement.<\/p>\n","protected":false},"featured_media":29195,"comment_status":"open","ping_status":"closed","template":"","meta":{"_acf_changed":false},"product_brand":[],"product_cat":[361],"product_tag":[],"woo-feed-brand":[],"class_list":{"0":"post-20184","1":"product","2":"type-product","3":"status-publish","4":"has-post-thumbnail","6":"product_cat-jardinage-biologique-professionnel","8":"first","9":"instock","10":"taxable","11":"shipping-taxable","12":"purchasable","13":"product-type-variable"},"acf":[],"_links":{"self":[{"href":"https:\/\/cultivers.es\/fr\/wp-json\/wp\/v2\/product\/20184","targetHints":{"allow":["GET"]}}],"collection":[{"href":"https:\/\/cultivers.es\/fr\/wp-json\/wp\/v2\/product"}],"about":[{"href":"https:\/\/cultivers.es\/fr\/wp-json\/wp\/v2\/types\/product"}],"replies":[{"embeddable":true,"href":"https:\/\/cultivers.es\/fr\/wp-json\/wp\/v2\/comments?post=20184"}],"wp:featuredmedia":[{"embeddable":true,"href":"https:\/\/cultivers.es\/fr\/wp-json\/wp\/v2\/media\/29195"}],"wp:attachment":[{"href":"https:\/\/cultivers.es\/fr\/wp-json\/wp\/v2\/media?parent=20184"}],"wp:term":[{"taxonomy":"product_brand","embeddable":true,"href":"https:\/\/cultivers.es\/fr\/wp-json\/wp\/v2\/product_brand?post=20184"},{"taxonomy":"product_cat","embeddable":true,"href":"https:\/\/cultivers.es\/fr\/wp-json\/wp\/v2\/product_cat?post=20184"},{"taxonomy":"product_tag","embeddable":true,"href":"https:\/\/cultivers.es\/fr\/wp-json\/wp\/v2\/product_tag?post=20184"},{"taxonomy":"woo-feed-brand","embeddable":true,"href":"https:\/\/cultivers.es\/fr\/wp-json\/wp\/v2\/woo-feed-brand?post=20184"}],"curies":[{"name":"wp","href":"https:\/\/api.w.org\/{rel}","templated":true}]}}