{"id":20262,"date":"2022-04-08T08:54:30","date_gmt":"2022-04-08T08:54:30","guid":{"rendered":"https:\/\/cultivers.es\/abonos\/acawe\/"},"modified":"2025-09-22T05:32:11","modified_gmt":"2025-09-22T05:32:11","slug":"acawe","status":"publish","type":"product","link":"https:\/\/cultivers.es\/fr\/abonnements\/acawe\/","title":{"rendered":"Acawe"},"content":{"rendered":"<p class=\"fusion-responsive-typography-calculated\" data-fontsize=\"16\" data-lineheight=\"30.08px\">Formulation d&rsquo;acides amin\u00e9s issus de l&rsquo;hydrolyse de produits v\u00e9g\u00e9taux qui am\u00e9liore la sant\u00e9 des plantes trait\u00e9es.<\/p>\n<p>Il facilite le d\u00e9veloppement des cultures et augmente la productivit\u00e9, m\u00eame dans des conditions d\u00e9favorables.<\/p>\n<p>Son assimilation et sa translocation rapides permettent \u00e0 la plante d&rsquo;\u00e9conomiser l&rsquo;\u00e9nergie n\u00e9cessaire \u00e0 la synth\u00e8se des prot\u00e9ines, ce qui lui permet d&rsquo;activer les fonctions physiologiques li\u00e9es \u00e0 la germination, \u00e0 la floraison et \u00e0 la fructification, augmentant ainsi sa productivit\u00e9.<\/p>\n<p>Son aminogramme est parfaitement \u00e9quilibr\u00e9 et il a des effets positifs sur la photosynth\u00e8se, la pollinisation et la capacit\u00e9 de ch\u00e9lation.<\/p>\n","protected":false},"excerpt":{"rendered":"<p class=\"p1\">Les carences en zinc sont fr\u00e9quentes en raison d&rsquo;une faible disponibilit\u00e9 dans le sol due \u00e0 un pH trop \u00e9lev\u00e9 et \u00e0 des conditions climatiques (s\u00e9cheresse prolong\u00e9e ou pr\u00e9cipitations excessives) qui r\u00e9duisent l&rsquo;absorption de ces \u00e9l\u00e9ments nutritifs, entre autres causes.<\/p>\n<p class=\"p1\">Il corrige les carences en zinc des cultures et le produit r\u00e9duit \u00e9galement la tension superficielle des solutions phytosanitaires dans lesquelles il est ajout\u00e9, ce qui permet d&rsquo;obtenir un enrobage optimal du produit sur toute la surface des plantes.<\/p>\n<p class=\"p1\">Produit id\u00e9al pour l&rsquo;application sur les agrumes, bien qu&rsquo;il puisse \u00eatre appliqu\u00e9 sur d&rsquo;autres cultures (horticoles, arbres fruitiers, vignes, semis, etc.).<\/p>\n","protected":false},"featured_media":29207,"comment_status":"open","ping_status":"closed","template":"","meta":{"_acf_changed":false},"product_brand":[],"product_cat":[361],"product_tag":[],"woo-feed-brand":[],"class_list":{"0":"post-20262","1":"product","2":"type-product","3":"status-publish","4":"has-post-thumbnail","6":"product_cat-jardinage-biologique-professionnel","8":"first","9":"instock","10":"taxable","11":"shipping-taxable","12":"purchasable","13":"product-type-variable"},"acf":[],"_links":{"self":[{"href":"https:\/\/cultivers.es\/fr\/wp-json\/wp\/v2\/product\/20262","targetHints":{"allow":["GET"]}}],"collection":[{"href":"https:\/\/cultivers.es\/fr\/wp-json\/wp\/v2\/product"}],"about":[{"href":"https:\/\/cultivers.es\/fr\/wp-json\/wp\/v2\/types\/product"}],"replies":[{"embeddable":true,"href":"https:\/\/cultivers.es\/fr\/wp-json\/wp\/v2\/comments?post=20262"}],"wp:featuredmedia":[{"embeddable":true,"href":"https:\/\/cultivers.es\/fr\/wp-json\/wp\/v2\/media\/29207"}],"wp:attachment":[{"href":"https:\/\/cultivers.es\/fr\/wp-json\/wp\/v2\/media?parent=20262"}],"wp:term":[{"taxonomy":"product_brand","embeddable":true,"href":"https:\/\/cultivers.es\/fr\/wp-json\/wp\/v2\/product_brand?post=20262"},{"taxonomy":"product_cat","embeddable":true,"href":"https:\/\/cultivers.es\/fr\/wp-json\/wp\/v2\/product_cat?post=20262"},{"taxonomy":"product_tag","embeddable":true,"href":"https:\/\/cultivers.es\/fr\/wp-json\/wp\/v2\/product_tag?post=20262"},{"taxonomy":"woo-feed-brand","embeddable":true,"href":"https:\/\/cultivers.es\/fr\/wp-json\/wp\/v2\/woo-feed-brand?post=20262"}],"curies":[{"name":"wp","href":"https:\/\/api.w.org\/{rel}","templated":true}]}}