{"id":20323,"date":"2022-04-08T08:50:44","date_gmt":"2022-04-08T08:50:44","guid":{"rendered":"https:\/\/cultivers.es\/abonos\/funrex\/"},"modified":"2025-09-22T05:32:14","modified_gmt":"2025-09-22T05:32:14","slug":"funrex","status":"publish","type":"product","link":"https:\/\/cultivers.es\/fr\/abonnements\/funrex\/","title":{"rendered":"Funrex"},"content":{"rendered":"<div class=\"fusion-text fusion-text-1\">\n<p class=\"fusion-responsive-typography-calculated\" data-fontsize=\"16\" data-lineheight=\"30.08px\">Sous forme de solution de gluconate, il s&rsquo;agit d&rsquo;un produit qui corrige les carences en zinc et en mangan\u00e8se avec une r\u00e9ponse imm\u00e9diate des germes et des rendements plus \u00e9lev\u00e9s.<\/p>\n<\/div>\n<div class=\"fusion-text fusion-text-2\"><\/div>\n","protected":false},"excerpt":{"rendered":"<p class=\"p1\">Efficacit\u00e9 : Les ions m\u00e9talliques s\u00e9questr\u00e9s par l&rsquo;acide heptagluconique ne r\u00e9agissent pas avec les autres composants du sol, m\u00eame dans les sols tr\u00e8s acides ou tr\u00e8s calcaires.<\/p>\n<p class=\"p1\">Rapidit\u00e9 d&rsquo;action : d\u00e9riv\u00e9 d&rsquo;un sucre naturel, il entre tr\u00e8s rapidement dans le m\u00e9tabolisme de la plante via les feuilles ou les racines. Les effets b\u00e9n\u00e9fiques peuvent \u00eatre observ\u00e9s 10-12 jours apr\u00e8s l&rsquo;application si la culture a \u00e9galement \u00e9t\u00e9 irrigu\u00e9e.<\/p>\n<p class=\"p1\">S\u00e9curit\u00e9 : produit s\u00fbr et ne causant aucun probl\u00e8me de phytotoxicit\u00e9 dans les cultures trait\u00e9es, que ce soit par application foliaire ou racinaire (injection ou irrigation au goutte-\u00e0-goutte).<\/p>\n<p class=\"p1\">Persistance : La persistance de l&rsquo;action d\u00e9pend du degr\u00e9 de carence, de la m\u00e9thode d&rsquo;application et du dosage. Les doses couvrent les besoins pour l&rsquo;ensemble du cycle de culture.<\/p>\n<p class=\"p1\">Facilit\u00e9 d&rsquo;utilisation : il est tr\u00e8s soluble dans l&rsquo;eau, de sorte qu&rsquo;il n&rsquo;y a pas d&rsquo;obstruction des goutteurs ou des buses.<\/p>\n","protected":false},"featured_media":0,"comment_status":"open","ping_status":"closed","template":"","meta":{"_acf_changed":false},"product_brand":[],"product_cat":[361],"product_tag":[],"woo-feed-brand":[],"class_list":{"0":"post-20323","1":"product","2":"type-product","3":"status-publish","5":"product_cat-jardinage-biologique-professionnel","7":"first","8":"instock","9":"taxable","10":"shipping-taxable","11":"purchasable","12":"product-type-variable"},"acf":[],"_links":{"self":[{"href":"https:\/\/cultivers.es\/fr\/wp-json\/wp\/v2\/product\/20323","targetHints":{"allow":["GET"]}}],"collection":[{"href":"https:\/\/cultivers.es\/fr\/wp-json\/wp\/v2\/product"}],"about":[{"href":"https:\/\/cultivers.es\/fr\/wp-json\/wp\/v2\/types\/product"}],"replies":[{"embeddable":true,"href":"https:\/\/cultivers.es\/fr\/wp-json\/wp\/v2\/comments?post=20323"}],"wp:attachment":[{"href":"https:\/\/cultivers.es\/fr\/wp-json\/wp\/v2\/media?parent=20323"}],"wp:term":[{"taxonomy":"product_brand","embeddable":true,"href":"https:\/\/cultivers.es\/fr\/wp-json\/wp\/v2\/product_brand?post=20323"},{"taxonomy":"product_cat","embeddable":true,"href":"https:\/\/cultivers.es\/fr\/wp-json\/wp\/v2\/product_cat?post=20323"},{"taxonomy":"product_tag","embeddable":true,"href":"https:\/\/cultivers.es\/fr\/wp-json\/wp\/v2\/product_tag?post=20323"},{"taxonomy":"woo-feed-brand","embeddable":true,"href":"https:\/\/cultivers.es\/fr\/wp-json\/wp\/v2\/woo-feed-brand?post=20323"}],"curies":[{"name":"wp","href":"https:\/\/api.w.org\/{rel}","templated":true}]}}