{"id":20327,"date":"2022-04-08T08:21:44","date_gmt":"2022-04-08T08:21:44","guid":{"rendered":"https:\/\/cultivers.es\/abonos\/absorption-et-activation\/"},"modified":"2025-09-22T05:31:31","modified_gmt":"2025-09-22T05:31:31","slug":"absorption-et-activation","status":"publish","type":"product","link":"https:\/\/cultivers.es\/fr\/abonnements\/absorption-et-activation\/","title":{"rendered":"Absorption et activation"},"content":{"rendered":"<p>Formul\u00e9 avec du mangan\u00e8se rapidement absorb\u00e9 et transloqu\u00e9 par les tissus v\u00e9g\u00e9taux, enrichi avec des extraits de fermentation aux propri\u00e9t\u00e9s nutritionnelles et \u00e9licitrices.<br \/>\nRizo-Bacter est particuli\u00e8rement indiqu\u00e9 pour \u00e9viter ou corriger les sympt\u00f4mes de carence de ces \u00e9l\u00e9ments, pr\u00e9venir les anomalies dans le d\u00e9veloppement des feuilles et la structuration des tissus.<br \/>\nMeilleure qualit\u00e9 des r\u00e9coltes. Meilleure utilisation du transport des nutriments via le xyl\u00e8me-phlo\u00e8me.<br \/>\nProduit biologique naturel, non toxique, dont l&rsquo;utilisation ne pr\u00e9sente aucun risque pour la sant\u00e9 et l&rsquo;environnement.<\/p>\n","protected":false},"excerpt":{"rendered":"<p class=\"p1\">Formul\u00e9 avec du mangan\u00e8se rapidement absorb\u00e9 et transloqu\u00e9 par les tissus v\u00e9g\u00e9taux, enrichi avec des extraits de fermentation aux propri\u00e9t\u00e9s nutritionnelles et \u00e9licitrices.<\/p>\n<p class=\"p1\">Il est particuli\u00e8rement indiqu\u00e9 d&rsquo;\u00e9viter ou de corriger les sympt\u00f4mes de carence de ces \u00e9l\u00e9ments, afin de pr\u00e9venir les anomalies dans le d\u00e9veloppement des feuilles et la structuration des tissus.<\/p>\n<p class=\"p1\">Am\u00e9lioration de la qualit\u00e9 des r\u00e9coltes. Meilleure utilisation du transport des nutriments entre le xyl\u00e8me et le phlo\u00e8me.<\/p>\n<p class=\"p1\">Produit biologique naturel, non toxique, dont l&rsquo;utilisation ne pr\u00e9sente aucun risque pour la sant\u00e9 et l&rsquo;environnement.<\/p>\n","protected":false},"featured_media":29231,"comment_status":"open","ping_status":"closed","template":"","meta":{"_acf_changed":false},"product_brand":[],"product_cat":[361],"product_tag":[],"woo-feed-brand":[],"class_list":{"0":"post-20327","1":"product","2":"type-product","3":"status-publish","4":"has-post-thumbnail","6":"product_cat-jardinage-biologique-professionnel","8":"first","9":"instock","10":"taxable","11":"shipping-taxable","12":"purchasable","13":"product-type-variable"},"acf":[],"_links":{"self":[{"href":"https:\/\/cultivers.es\/fr\/wp-json\/wp\/v2\/product\/20327","targetHints":{"allow":["GET"]}}],"collection":[{"href":"https:\/\/cultivers.es\/fr\/wp-json\/wp\/v2\/product"}],"about":[{"href":"https:\/\/cultivers.es\/fr\/wp-json\/wp\/v2\/types\/product"}],"replies":[{"embeddable":true,"href":"https:\/\/cultivers.es\/fr\/wp-json\/wp\/v2\/comments?post=20327"}],"wp:featuredmedia":[{"embeddable":true,"href":"https:\/\/cultivers.es\/fr\/wp-json\/wp\/v2\/media\/29231"}],"wp:attachment":[{"href":"https:\/\/cultivers.es\/fr\/wp-json\/wp\/v2\/media?parent=20327"}],"wp:term":[{"taxonomy":"product_brand","embeddable":true,"href":"https:\/\/cultivers.es\/fr\/wp-json\/wp\/v2\/product_brand?post=20327"},{"taxonomy":"product_cat","embeddable":true,"href":"https:\/\/cultivers.es\/fr\/wp-json\/wp\/v2\/product_cat?post=20327"},{"taxonomy":"product_tag","embeddable":true,"href":"https:\/\/cultivers.es\/fr\/wp-json\/wp\/v2\/product_tag?post=20327"},{"taxonomy":"woo-feed-brand","embeddable":true,"href":"https:\/\/cultivers.es\/fr\/wp-json\/wp\/v2\/woo-feed-brand?post=20327"}],"curies":[{"name":"wp","href":"https:\/\/api.w.org\/{rel}","templated":true}]}}