{"id":20331,"date":"2022-04-08T08:47:13","date_gmt":"2022-04-08T08:47:13","guid":{"rendered":"https:\/\/cultivers.es\/abonos\/orang\/"},"modified":"2026-03-19T07:05:39","modified_gmt":"2026-03-19T07:05:39","slug":"orang","status":"publish","type":"product","link":"https:\/\/cultivers.es\/fr\/abonnements\/orang\/","title":{"rendered":"Orang"},"content":{"rendered":"","protected":false},"excerpt":{"rendered":"<p>M\u00e9lange liquide avec des micronutriments complex\u00e9s (Mn et Zn) pour application foliaire. Il agit en compl\u00e9ment des traitements phytosanitaires.<br \/>\nPuissant coadjuvant qui am\u00e9liore la mouillabilit\u00e9, la couverture sur la culture, l&rsquo;adh\u00e9rence et la diffusion dans la culture, ce qui se traduit par une meilleure application phytosanitaire. En plus des avantages susmentionn\u00e9s, elle peut prot\u00e9ger les cultures contre d&rsquo;\u00e9ventuels agents pathog\u00e8nes gr\u00e2ce \u00e0 sa teneur en huile.<\/p>\n<p>Am\u00e9liore l&rsquo;efficacit\u00e9 des applications phytosanitaires car il assure une meilleure couverture du liquide sur les feuilles des cultures.<\/p>\n","protected":false},"featured_media":29225,"comment_status":"open","ping_status":"closed","template":"","meta":{"_acf_changed":false},"product_brand":[],"product_cat":[361],"product_tag":[],"woo-feed-brand":[],"class_list":{"0":"post-20331","1":"product","2":"type-product","3":"status-publish","4":"has-post-thumbnail","6":"product_cat-jardinage-biologique-professionnel","8":"first","9":"instock","10":"taxable","11":"shipping-taxable","12":"purchasable","13":"product-type-variable"},"acf":[],"_links":{"self":[{"href":"https:\/\/cultivers.es\/fr\/wp-json\/wp\/v2\/product\/20331","targetHints":{"allow":["GET"]}}],"collection":[{"href":"https:\/\/cultivers.es\/fr\/wp-json\/wp\/v2\/product"}],"about":[{"href":"https:\/\/cultivers.es\/fr\/wp-json\/wp\/v2\/types\/product"}],"replies":[{"embeddable":true,"href":"https:\/\/cultivers.es\/fr\/wp-json\/wp\/v2\/comments?post=20331"}],"wp:featuredmedia":[{"embeddable":true,"href":"https:\/\/cultivers.es\/fr\/wp-json\/wp\/v2\/media\/29225"}],"wp:attachment":[{"href":"https:\/\/cultivers.es\/fr\/wp-json\/wp\/v2\/media?parent=20331"}],"wp:term":[{"taxonomy":"product_brand","embeddable":true,"href":"https:\/\/cultivers.es\/fr\/wp-json\/wp\/v2\/product_brand?post=20331"},{"taxonomy":"product_cat","embeddable":true,"href":"https:\/\/cultivers.es\/fr\/wp-json\/wp\/v2\/product_cat?post=20331"},{"taxonomy":"product_tag","embeddable":true,"href":"https:\/\/cultivers.es\/fr\/wp-json\/wp\/v2\/product_tag?post=20331"},{"taxonomy":"woo-feed-brand","embeddable":true,"href":"https:\/\/cultivers.es\/fr\/wp-json\/wp\/v2\/woo-feed-brand?post=20331"}],"curies":[{"name":"wp","href":"https:\/\/api.w.org\/{rel}","templated":true}]}}