{"id":20333,"date":"2022-04-08T06:46:17","date_gmt":"2022-04-08T06:46:17","guid":{"rendered":"https:\/\/cultivers.es\/abonos\/onim\/"},"modified":"2025-09-22T05:31:13","modified_gmt":"2025-09-22T05:31:13","slug":"onim","status":"publish","type":"product","link":"https:\/\/cultivers.es\/fr\/abonnements\/onim\/","title":{"rendered":"Onim"},"content":{"rendered":"<p><b>Il facilite le<\/b>d\u00e9veloppement des cultures et augmente la productivit\u00e9 m\u00eame dans des conditions d\u00e9favorables.<br \/>\nSon assimilation et sa translocation rapides permettent \u00e0 la plante d&rsquo;\u00e9conomiser l&rsquo;\u00e9nergie n\u00e9cessaire \u00e0 la synth\u00e8se des prot\u00e9ines, ce qui lui permet d&rsquo;activer les fonctions physiologiques li\u00e9es \u00e0 la germination, \u00e0 la floraison et \u00e0 la fructification,<br \/>\naugmentant ainsi la productivit\u00e9.<br \/>\n Son aminogramme est parfaitement \u00e9quilibr\u00e9 et a des effets positifs sur la photosynth\u00e8se, la pollinisation et la capacit\u00e9 de ch\u00e9lation.<\/p>\n","protected":false},"excerpt":{"rendered":"<p class=\"p1\">Formulation d&rsquo;acides amin\u00e9s issus de l&rsquo;hydrolyse de produits v\u00e9g\u00e9taux qui am\u00e9liore la sant\u00e9 des plantes trait\u00e9es.<\/p>\n<p class=\"p1\">Il facilite le d\u00e9veloppement des cultures et augmente la productivit\u00e9, m\u00eame dans des conditions d\u00e9favorables.<\/p>\n<p class=\"p1\">Son assimilation et sa translocation rapides permettent \u00e0 la plante d&rsquo;\u00e9conomiser l&rsquo;\u00e9nergie n\u00e9cessaire \u00e0 la synth\u00e8se des prot\u00e9ines, ce qui lui permet d&rsquo;activer les fonctions physiologiques li\u00e9es \u00e0 la germination, \u00e0 la floraison et \u00e0 la fructification, augmentant ainsi sa productivit\u00e9.<\/p>\n<p class=\"p1\">Son aminogramme est parfaitement \u00e9quilibr\u00e9 et il a des effets positifs sur la photosynth\u00e8se, la pollinisation et la capacit\u00e9 de ch\u00e9lation.<\/p>\n","protected":false},"featured_media":29249,"comment_status":"open","ping_status":"closed","template":"","meta":{"_acf_changed":false},"product_brand":[],"product_cat":[361],"product_tag":[],"woo-feed-brand":[],"class_list":{"0":"post-20333","1":"product","2":"type-product","3":"status-publish","4":"has-post-thumbnail","6":"product_cat-jardinage-biologique-professionnel","8":"first","9":"instock","10":"taxable","11":"shipping-taxable","12":"purchasable","13":"product-type-variable"},"acf":[],"_links":{"self":[{"href":"https:\/\/cultivers.es\/fr\/wp-json\/wp\/v2\/product\/20333","targetHints":{"allow":["GET"]}}],"collection":[{"href":"https:\/\/cultivers.es\/fr\/wp-json\/wp\/v2\/product"}],"about":[{"href":"https:\/\/cultivers.es\/fr\/wp-json\/wp\/v2\/types\/product"}],"replies":[{"embeddable":true,"href":"https:\/\/cultivers.es\/fr\/wp-json\/wp\/v2\/comments?post=20333"}],"wp:featuredmedia":[{"embeddable":true,"href":"https:\/\/cultivers.es\/fr\/wp-json\/wp\/v2\/media\/29249"}],"wp:attachment":[{"href":"https:\/\/cultivers.es\/fr\/wp-json\/wp\/v2\/media?parent=20333"}],"wp:term":[{"taxonomy":"product_brand","embeddable":true,"href":"https:\/\/cultivers.es\/fr\/wp-json\/wp\/v2\/product_brand?post=20333"},{"taxonomy":"product_cat","embeddable":true,"href":"https:\/\/cultivers.es\/fr\/wp-json\/wp\/v2\/product_cat?post=20333"},{"taxonomy":"product_tag","embeddable":true,"href":"https:\/\/cultivers.es\/fr\/wp-json\/wp\/v2\/product_tag?post=20333"},{"taxonomy":"woo-feed-brand","embeddable":true,"href":"https:\/\/cultivers.es\/fr\/wp-json\/wp\/v2\/woo-feed-brand?post=20333"}],"curies":[{"name":"wp","href":"https:\/\/api.w.org\/{rel}","templated":true}]}}