{"id":20335,"date":"2022-04-08T08:13:46","date_gmt":"2022-04-08T08:13:46","guid":{"rendered":"https:\/\/cultivers.es\/abonos\/plus-tot\/"},"modified":"2025-09-22T05:31:24","modified_gmt":"2025-09-22T05:31:24","slug":"plus-tot","status":"publish","type":"product","link":"https:\/\/cultivers.es\/fr\/abonnements\/plus-tot\/","title":{"rendered":"Plus t\u00f4t"},"content":{"rendered":"<p class=\"fusion-responsive-typography-calculated\" data-fontsize=\"28\" data-lineheight=\"35.28px\">Formulation biotechnologique de la fermentation, qui r\u00e9duit l&rsquo;impact des diff\u00e9rents facteurs biotiques.<\/p>\n<p>Produit de fermentation biotechnologique formul\u00e9 avec du cuivre, du mangan\u00e8se et du zinc.<\/p>\n<p>Augmente les d\u00e9fenses des cultures. Convient aux arbres fruitiers, l\u00e9gumes, vignes, agrumes, riz, oliviers, fraises, etc&#8230; R\u00e9duit l&rsquo;impact de l&rsquo;o\u00efdium, du botrytis, de la pyriculariose, de l&rsquo;anthracnose, de l&rsquo;Alternaria, du Repilo, du Phytophthora.<\/p>\n<p>Il convient aux applications dans des environnements tr\u00e8s humides, aux vari\u00e9t\u00e9s sensibles et aux maladies persistantes.<\/p>\n<p>Pas de d\u00e9lai de s\u00e9curit\u00e9, respecte la faune auxiliaire et les pollinisateurs. Il fait partie des programmes de lutte int\u00e9gr\u00e9e et de production biologique, r\u00e9duisant le nombre total de substances actives utilis\u00e9es et le risque de r\u00e9sistance.<\/p>\n","protected":false},"excerpt":{"rendered":"<p class=\"fusion-responsive-typography-calculated\" data-fontsize=\"28\" data-lineheight=\"35.28px\">Formulation biotechnologique de la fermentation, qui r\u00e9duit l&rsquo;impact des diff\u00e9rents facteurs biotiques.<\/p>\n<p>Produit de fermentation biotechnologique formul\u00e9 avec du cuivre, du mangan\u00e8se et du zinc.<\/p>\n<p>Augmente les d\u00e9fenses des cultures. Convient aux arbres fruitiers, l\u00e9gumes, vignes, agrumes, riz, oliviers, fraises, etc&#8230; R\u00e9duit l&rsquo;impact de l&rsquo;o\u00efdium, du botrytis, de la pyriculariose, de l&rsquo;anthracnose, de l&rsquo;Alternaria, du Repilo, du Phytophthora.<\/p>\n<p>Il convient aux applications dans des environnements tr\u00e8s humides, aux vari\u00e9t\u00e9s sensibles et aux maladies persistantes.<\/p>\n<p>Pas de d\u00e9lai de s\u00e9curit\u00e9, respecte la faune auxiliaire et les pollinisateurs. Il fait partie des programmes de lutte int\u00e9gr\u00e9e et de production biologique, r\u00e9duisant le nombre total de substances actives utilis\u00e9es et le risque de r\u00e9sistance.<\/p>\n","protected":false},"featured_media":29243,"comment_status":"open","ping_status":"closed","template":"","meta":{"_acf_changed":false},"product_brand":[],"product_cat":[361],"product_tag":[],"woo-feed-brand":[],"class_list":{"0":"post-20335","1":"product","2":"type-product","3":"status-publish","4":"has-post-thumbnail","6":"product_cat-jardinage-biologique-professionnel","8":"first","9":"instock","10":"taxable","11":"shipping-taxable","12":"purchasable","13":"product-type-variable"},"acf":[],"_links":{"self":[{"href":"https:\/\/cultivers.es\/fr\/wp-json\/wp\/v2\/product\/20335","targetHints":{"allow":["GET"]}}],"collection":[{"href":"https:\/\/cultivers.es\/fr\/wp-json\/wp\/v2\/product"}],"about":[{"href":"https:\/\/cultivers.es\/fr\/wp-json\/wp\/v2\/types\/product"}],"replies":[{"embeddable":true,"href":"https:\/\/cultivers.es\/fr\/wp-json\/wp\/v2\/comments?post=20335"}],"wp:featuredmedia":[{"embeddable":true,"href":"https:\/\/cultivers.es\/fr\/wp-json\/wp\/v2\/media\/29243"}],"wp:attachment":[{"href":"https:\/\/cultivers.es\/fr\/wp-json\/wp\/v2\/media?parent=20335"}],"wp:term":[{"taxonomy":"product_brand","embeddable":true,"href":"https:\/\/cultivers.es\/fr\/wp-json\/wp\/v2\/product_brand?post=20335"},{"taxonomy":"product_cat","embeddable":true,"href":"https:\/\/cultivers.es\/fr\/wp-json\/wp\/v2\/product_cat?post=20335"},{"taxonomy":"product_tag","embeddable":true,"href":"https:\/\/cultivers.es\/fr\/wp-json\/wp\/v2\/product_tag?post=20335"},{"taxonomy":"woo-feed-brand","embeddable":true,"href":"https:\/\/cultivers.es\/fr\/wp-json\/wp\/v2\/woo-feed-brand?post=20335"}],"curies":[{"name":"wp","href":"https:\/\/api.w.org\/{rel}","templated":true}]}}