{"id":20356,"date":"2022-04-05T09:52:18","date_gmt":"2022-04-05T09:52:18","guid":{"rendered":"https:\/\/cultivers.es\/abonos\/humus-liquide-pour-la-fonte-des-vers-reservoir-de-1000l-et-bidons-de-20l-sur-palette\/"},"modified":"2025-09-22T05:31:29","modified_gmt":"2025-09-22T05:31:29","slug":"ver-humus-liquide-depot-1000l-et-20l-garrafas-sur-palette","status":"publish","type":"product","link":"https:\/\/cultivers.es\/fr\/abonnements\/ver-humus-liquide-depot-1000l-et-20l-garrafas-sur-palette\/","title":{"rendered":"Humus liquide pour la fonte des vers R\u00e9servoir de 1000L et bidons de 20L sur palette"},"content":{"rendered":"<p>L&rsquo;<strong>humus liquide de vers de<\/strong> terre est un engrais organique de haute qualit\u00e9 obtenu par la stabilisation de la mati\u00e8re organique par des vers de terre de l&rsquo;esp\u00e8ce <em>Eisenia foetida<\/em>. Cet humus liquide est enrichi en phytohormones naturelles, qui agissent comme des r\u00e9gulateurs de croissance dans les plantes, favorisant un d\u00e9veloppement sain et \u00e9quilibr\u00e9. <\/p>\n<p>Gr\u00e2ce \u00e0 sa forte densit\u00e9 de micro-organismes (1 gramme en contient environ 2 milliards), l&rsquo;humus de vers r\u00e9tablit rapidement la vie microbienne dans le sol, am\u00e9liorant sa structure, son a\u00e9ration et sa capacit\u00e9 de r\u00e9tention de l&rsquo;humidit\u00e9. Cet engrais organique est id\u00e9al pour tout type de sol gr\u00e2ce \u00e0 son pH neutre et \u00e0 sa formulation exempte de salmonelles, d&rsquo;<em>Escherichia coli<\/em> et de m\u00e9taux lourds. <\/p>\n<p>L&rsquo;application continue d&rsquo;humus liquide de vers de terre am\u00e9liore les propri\u00e9t\u00e9s du sol, augmentant ainsi la qualit\u00e9 et le rendement des cultures. Sa forte activit\u00e9 microbienne contribue \u00e0 une croissance vigoureuse des plantes et exerce un effet suppressif contre les n\u00e9matodes et autres agents pathog\u00e8nes des plantes. En outre, cet humus a la capacit\u00e9 de modifier la disponibilit\u00e9 des m\u00e9taux lourds et de d\u00e9grader les pesticides, ce qui facilite la r\u00e9g\u00e9n\u00e9ration des sols d\u00e9grad\u00e9s et favorise un environnement de culture sain.  <\/p>\n","protected":false},"excerpt":{"rendered":"<div id=\"featurebullets_feature_div\" class=\"celwidget\" data-feature-name=\"featurebullets\" data-csa-c-id=\"245fnw-2te75m-sv0udn-eq9t1v\" data-cel-widget=\"featurebullets_feature_div\">\n<div id=\"feature-bullets\" class=\"a-section a-spacing-medium a-spacing-top-small\">\n<ul class=\"a-unordered-list a-vertical a-spacing-mini\">\n<li><strong>Humus de vers 100% biologique et certifi\u00e9<\/strong>: Produit de qualit\u00e9 sup\u00e9rieure, enregistr\u00e9 par Sohiscert sous le num\u00e9ro CV237PAE-07, id\u00e9al pour l&rsquo;agriculture biologique.<\/li>\n<li><strong>Stimule les racines et l&rsquo;absorption des nutriments<\/strong>: Favorise le d\u00e9veloppement de racines fortes, am\u00e9liorant la capacit\u00e9 de la plante \u00e0 absorber les nutriments essentiels.<\/li>\n<li><strong>Polyvalent pour tous les types de sols<\/strong>: son pH neutre lui permet de s&rsquo;adapter \u00e0 tous les sols et d&rsquo;apporter de la mati\u00e8re organique qui enrichit la qualit\u00e9 du substrat.<\/li>\n<li><strong>Am\u00e9lioration de la qualit\u00e9 et de la productivit\u00e9<\/strong>: Am\u00e9liore la qualit\u00e9 et le rendement des cultures, en offrant un apport constant en nutriments gr\u00e2ce \u00e0 sa min\u00e9ralisation rapide.<\/li>\n<li><strong>Faible rapport C\/N pour une lib\u00e9ration efficace<\/strong>: avec un faible rapport carbone\/azote, il assure une disponibilit\u00e9 rapide des nutriments, favorisant ainsi une croissance saine des plantes.<\/li>\n<\/ul>\n<\/div>\n<\/div>\n<div id=\"customerReviewsAttribute_feature_div\" class=\"celwidget\" data-feature-name=\"customerReviewsAttribute\" data-csa-c-id=\"gms01g-hds0gw-ttj0o5-amotg8\" data-cel-widget=\"customerReviewsAttribute_feature_div\"><\/div>\n<div id=\"addOnItem_feature_div\" class=\"celwidget\" data-feature-name=\"addOnItem\" data-csa-c-id=\"sjbsfd-ae4hfa-ywtuny-kelnhg\" data-cel-widget=\"addOnItem_feature_div\"><\/div>\n<div id=\"andonCord_feature_div\" class=\"celwidget\" data-feature-name=\"andonCord\" data-csa-c-id=\"vkqi6k-olw88z-eqvebc-9slw0y\" data-cel-widget=\"andonCord_feature_div\"><\/div>\n<div id=\"HLCXComparisonJumplink_feature_div\"><\/div>\n","protected":false},"featured_media":14699,"comment_status":"open","ping_status":"closed","template":"","meta":{"_acf_changed":false},"product_brand":[],"product_cat":[361,810],"product_tag":[],"woo-feed-brand":[],"class_list":{"0":"post-20356","1":"product","2":"type-product","3":"status-publish","4":"has-post-thumbnail","6":"product_cat-jardinage-biologique-professionnel","7":"product_cat-sacas-fr","9":"first","10":"instock","11":"taxable","12":"shipping-taxable","13":"purchasable","14":"product-type-variable"},"acf":[],"_links":{"self":[{"href":"https:\/\/cultivers.es\/fr\/wp-json\/wp\/v2\/product\/20356","targetHints":{"allow":["GET"]}}],"collection":[{"href":"https:\/\/cultivers.es\/fr\/wp-json\/wp\/v2\/product"}],"about":[{"href":"https:\/\/cultivers.es\/fr\/wp-json\/wp\/v2\/types\/product"}],"replies":[{"embeddable":true,"href":"https:\/\/cultivers.es\/fr\/wp-json\/wp\/v2\/comments?post=20356"}],"wp:featuredmedia":[{"embeddable":true,"href":"https:\/\/cultivers.es\/fr\/wp-json\/wp\/v2\/media\/14699"}],"wp:attachment":[{"href":"https:\/\/cultivers.es\/fr\/wp-json\/wp\/v2\/media?parent=20356"}],"wp:term":[{"taxonomy":"product_brand","embeddable":true,"href":"https:\/\/cultivers.es\/fr\/wp-json\/wp\/v2\/product_brand?post=20356"},{"taxonomy":"product_cat","embeddable":true,"href":"https:\/\/cultivers.es\/fr\/wp-json\/wp\/v2\/product_cat?post=20356"},{"taxonomy":"product_tag","embeddable":true,"href":"https:\/\/cultivers.es\/fr\/wp-json\/wp\/v2\/product_tag?post=20356"},{"taxonomy":"woo-feed-brand","embeddable":true,"href":"https:\/\/cultivers.es\/fr\/wp-json\/wp\/v2\/woo-feed-brand?post=20356"}],"curies":[{"name":"wp","href":"https:\/\/api.w.org\/{rel}","templated":true}]}}