{"id":20360,"date":"2022-03-31T12:04:29","date_gmt":"2022-03-31T12:04:29","guid":{"rendered":"https:\/\/cultivers.es\/abonos\/terre-de-diatomee-micronisee-bigbag-et-sacs-de-20-kg-sur-palette\/"},"modified":"2025-09-22T05:19:02","modified_gmt":"2025-09-22T05:19:02","slug":"terre-de-diatomee-micronisee-bigbag-et-sacs-de-20kg-en-palette","status":"publish","type":"product","link":"https:\/\/cultivers.es\/fr\/abonnements\/terre-de-diatomee-micronisee-bigbag-et-sacs-de-20kg-en-palette\/","title":{"rendered":"Terre de diatom\u00e9e micronis\u00e9e Bigbag et sacs de 20 kg sur palette"},"content":{"rendered":"<div id=\"dpx-product-description_feature_div\">\n<div class=\"celwidget\" data-csa-c-id=\"d0zy1s-pz0rta-oyvqgc-hh9unq\" data-cel-widget=\"dpx-product-description_csm_instrumentation_wrapper\">\n<div id=\"descriptionAndDetails\" class=\"a-section a-spacing-extra-large\">\n<div id=\"productDescription_feature_div\" class=\"celwidget\" data-feature-name=\"productDescription\" data-csa-c-id=\"s5rq4m-ksi2as-6wafe6-jss0ye\" data-cel-widget=\"productDescription_feature_div\">\n<div id=\"productDescription_feature_div\" class=\"a-row feature\" data-feature-name=\"productDescription\" data-template-name=\"productDescription\" data-cel-widget=\"productDescription_feature_div\">\n<div id=\"productDescription\" class=\"a-section a-spacing-small\">\n<p>La <strong>terre de diatom\u00e9e micronis\u00e9e Cultivers<\/strong> est un produit enti\u00e8rement naturel, compos\u00e9 d&rsquo;algues fossilis\u00e9es qui se sont d\u00e9pos\u00e9es pendant des millions d&rsquo;ann\u00e9es sur les fonds marins, formant une riche source de silice. Cette terre est extraite de mines s\u00e9lectionn\u00e9es pour sa grande qualit\u00e9 et s\u00e9ch\u00e9e au soleil, sans produits chimiques ni additifs, ce qui garantit sa puret\u00e9 et son efficacit\u00e9. Le double processus de tamisage et de micronisation la transforme en une poudre ultrafine, id\u00e9ale pour une application \u00e0 sec, par saupoudrage, ou dissoute dans l&rsquo;eau pour la pulv\u00e9risation (20 grammes par litre). Sa polyvalence et sa grande efficacit\u00e9 lui permettent de s&rsquo;adapter \u00e0 un large \u00e9ventail d&rsquo;utilisations dans les jardins, les vergers et l&rsquo;agriculture en g\u00e9n\u00e9ral, en offrant d&rsquo;excellents r\u00e9sultats dans chaque application. <\/p>\n<\/div>\n<\/div>\n<\/div>\n<\/div>\n<\/div>\n<\/div>\n<div id=\"dpx-btf-renewed-program-description_feature_div\">\n<div class=\"celwidget\" data-csa-c-id=\"rcs80b-c3mhtw-sms6g5-e4f11f\" data-cel-widget=\"dpx-btf-renewed-program-description_csm_instrumentation_wrapper\">\n<div id=\"renewedProgramDescriptionBtf_feature_div\" class=\"celwidget\" data-feature-name=\"renewedProgramDescriptionBtf\" data-csa-c-id=\"9vmqrb-z2iekb-5dffxg-l1zyhb\" data-cel-widget=\"renewedProgramDescriptionBtf_feature_div\"><\/div>\n<\/div>\n<\/div>\n<div id=\"dpx-climate-pledge-friendly-btf_feature_div\">\n<div class=\"celwidget\" data-csa-c-id=\"wyxei8-dddfmw-p9n9oj-pbxpr4\" data-cel-widget=\"dpx-climate-pledge-friendly-btf_csm_instrumentation_wrapper\">\n<div id=\"climatePledgeFriendlyBTF_feature_div\" class=\"celwidget\" data-feature-name=\"climatePledgeFriendlyBTF\" data-csa-c-id=\"3nr9nk-6l01pu-56kbn5-jmmjyf\" data-cel-widget=\"climatePledgeFriendlyBTF_feature_div\"><\/div>\n<\/div>\n<\/div>\n<div id=\"dpx-post-purchase-witb-btf_feature_div\">\n<div class=\"celwidget\" data-csa-c-id=\"y8761e-3gx8m2-yvpmom-u0sts7\" data-cel-widget=\"dpx-post-purchase-witb-btf_csm_instrumentation_wrapper\">\n<div id=\"postPurchaseWhatsInTheBox_feature_div\" class=\"celwidget\" data-feature-name=\"postPurchaseWhatsInTheBox\" data-csa-c-id=\"hjdw64-wjw09i-ycuc10-hmjxr1\" data-cel-widget=\"postPurchaseWhatsInTheBox_feature_div\"><\/div>\n<\/div>\n<\/div>\n<div id=\"dpx-aplus-brand-story_feature_div\">\n<div class=\"celwidget\" data-csa-c-id=\"hu1n9p-keambw-8pol3o-1yyt9f\" data-cel-widget=\"dpx-aplus-brand-story_csm_instrumentation_wrapper\">\n<div id=\"aplusBrandStory_feature_div\" class=\"celwidget\" data-feature-name=\"aplusBrandStory\" data-csa-c-id=\"qxmgac-pfri76-sia01j-yjnaf2\" data-cel-widget=\"aplusBrandStory_feature_div\"><\/div>\n<\/div>\n<\/div>\n<div id=\"dpx-aplus-product-description_feature_div\"><\/div>\n<div id=\"dpx-aplus-3p-product-description_feature_div\"><\/div>\n<div id=\"dpx-aplus-sustainability-story_feature_div\">\n<div class=\"celwidget\" data-csa-c-id=\"878a5f-glj5ki-yub0e1-q616pd\" data-cel-widget=\"dpx-aplus-sustainability-story_csm_instrumentation_wrapper\">\n<div id=\"aplusSustainabilityStory_feature_div\" class=\"celwidget\" data-feature-name=\"aplusSustainabilityStory\" data-csa-c-id=\"9xl1ea-ebtjzf-nm5rws-t1zrq5\" data-cel-widget=\"aplusSustainabilityStory_feature_div\"><\/div>\n<\/div>\n<\/div>\n<div id=\"dpx-default-important-information_feature_div\">\n<div class=\"celwidget\" data-csa-c-id=\"2znzw8-50sco-hqdi0d-urtjtu\" data-cel-widget=\"dpx-default-important-information_csm_instrumentation_wrapper\">\n<div id=\"importantInformation_feature_div\" class=\"celwidget\" data-feature-name=\"importantInformation\" data-csa-c-id=\"vrf7ip-itxpaa-twqcek-gbq8d6\" data-cel-widget=\"importantInformation_feature_div\"><\/div>\n<\/div>\n<\/div>\n<div id=\"sims-consolidated-4_feature_div\">\n<div class=\"celwidget\" data-csa-c-id=\"yrfjzs-3zy4rq-tg1xhr-yfy766\" data-cel-widget=\"sims-consolidated-4_csm_instrumentation_wrapper\">\n<div class=\"celwidget pd_rd_w-dOFSd pf_rd_p-dcd633b7-cb38-4615-862b-a9bd1fbbb388 pf_rd_r-8MBEN865MC2FR54B7N6M pd_rd_r-83f41588-60cf-44e8-bf53-a7066fae9c9a pd_rd_wg-iC40f c-f\" data-csa-c-content-id=\"amzn1.sym.dcd633b7-cb38-4615-862b-a9bd1fbbb388\" data-csa-c-slot-id=\"sims-container-4\" data-csa-c-type=\"widget\" data-csa-c-painter=\"p13n-desktop-carousel-cards\" data-csa-c-id=\"9n545n-zatzmm-k8u7yv-p9finc\" data-cel-widget=\"p13n-desktop-carousel_DPSims_3\"><\/div>\n<\/div>\n<\/div>\n","protected":false},"excerpt":{"rendered":"<ul class=\"a-unordered-list a-vertical a-spacing-mini\">\n<li><strong>Format de poudre micronis\u00e9e<\/strong><\/li>\n<li><strong>Haute qualit\u00e9 et 100% respectueux de l&rsquo;environnement<\/strong><\/li>\n<li><strong>Certification biologique ECOCERT<\/strong><\/li>\n<\/ul>\n","protected":false},"featured_media":14709,"comment_status":"open","ping_status":"closed","template":"","meta":{"_acf_changed":false},"product_brand":[],"product_cat":[361,810],"product_tag":[1563],"woo-feed-brand":[],"class_list":{"0":"post-20360","1":"product","2":"type-product","3":"status-publish","4":"has-post-thumbnail","6":"product_cat-jardinage-biologique-professionnel","7":"product_cat-sacas-fr","8":"product_tag-ecocert-fr","10":"first","11":"instock","12":"taxable","13":"shipping-taxable","14":"purchasable","15":"product-type-variable"},"acf":[],"_links":{"self":[{"href":"https:\/\/cultivers.es\/fr\/wp-json\/wp\/v2\/product\/20360","targetHints":{"allow":["GET"]}}],"collection":[{"href":"https:\/\/cultivers.es\/fr\/wp-json\/wp\/v2\/product"}],"about":[{"href":"https:\/\/cultivers.es\/fr\/wp-json\/wp\/v2\/types\/product"}],"replies":[{"embeddable":true,"href":"https:\/\/cultivers.es\/fr\/wp-json\/wp\/v2\/comments?post=20360"}],"wp:featuredmedia":[{"embeddable":true,"href":"https:\/\/cultivers.es\/fr\/wp-json\/wp\/v2\/media\/14709"}],"wp:attachment":[{"href":"https:\/\/cultivers.es\/fr\/wp-json\/wp\/v2\/media?parent=20360"}],"wp:term":[{"taxonomy":"product_brand","embeddable":true,"href":"https:\/\/cultivers.es\/fr\/wp-json\/wp\/v2\/product_brand?post=20360"},{"taxonomy":"product_cat","embeddable":true,"href":"https:\/\/cultivers.es\/fr\/wp-json\/wp\/v2\/product_cat?post=20360"},{"taxonomy":"product_tag","embeddable":true,"href":"https:\/\/cultivers.es\/fr\/wp-json\/wp\/v2\/product_tag?post=20360"},{"taxonomy":"woo-feed-brand","embeddable":true,"href":"https:\/\/cultivers.es\/fr\/wp-json\/wp\/v2\/woo-feed-brand?post=20360"}],"curies":[{"name":"wp","href":"https:\/\/api.w.org\/{rel}","templated":true}]}}