{"id":20362,"date":"2022-03-31T12:04:30","date_gmt":"2022-03-31T12:04:30","guid":{"rendered":"https:\/\/cultivers.es\/abonos\/phosphate-rock-en-bigbag-et-en-sacs-de-20-kg-sur-palette\/"},"modified":"2025-09-22T05:31:11","modified_gmt":"2025-09-22T05:31:11","slug":"roche-phosphorique-en-bigbag-et-en-sacs-de-20-kg-par-palette","status":"publish","type":"product","link":"https:\/\/cultivers.es\/fr\/abonnements\/roche-phosphorique-en-bigbag-et-en-sacs-de-20-kg-par-palette\/","title":{"rendered":"Phosphate Rock en Bigbag et en sacs de 20 kg sur palette"},"content":{"rendered":"<p>Le <strong>phosphate naturel<\/strong> est une source naturelle de phosphore, un nutriment essentiel qui joue un r\u00f4le cl\u00e9 dans le d\u00e9veloppement structurel des plantes. Cet engrais fournit le phosphore n\u00e9cessaire pour stimuler une floraison vigoureuse, am\u00e9liorer la qualit\u00e9 des graines et des fruits et favoriser une formation abondante des racines. Un syst\u00e8me racinaire bien d\u00e9velopp\u00e9 permet \u00e0 la plante d&rsquo;explorer efficacement le sol, de maximiser l&rsquo;absorption d&rsquo;eau et d&rsquo;\u00e9l\u00e9ments nutritifs et d&rsquo;am\u00e9liorer la productivit\u00e9 des cultures.  <\/p>\n<p>Le phosphore est \u00e9galement essentiel \u00e0 la formation des tissus vasculaires, qui sont indispensables au transport des nutriments et de l&rsquo;eau \u00e0 l&rsquo;int\u00e9rieur de la plante, formant ainsi une base solide pour une croissance saine. L&rsquo;application de phosphate naturel est donc cruciale pour garantir que les plantes re\u00e7oivent les quantit\u00e9s n\u00e9cessaires \u00e0 un d\u00e9veloppement optimal et \u00e0 une productivit\u00e9 \u00e9lev\u00e9e. <\/p>\n","protected":false},"excerpt":{"rendered":"<div id=\"featurebullets_feature_div\" class=\"celwidget\" data-feature-name=\"featurebullets\" data-csa-c-id=\"4ahyyv-sy679s-xptg3o-ds6j40\">\n<div id=\"feature-bullets\" class=\"a-section a-spacing-medium a-spacing-top-small\">\n<ul class=\"a-unordered-list a-vertical a-spacing-mini\">\n<li><strong>Source \u00e9cologique de phosphore<\/strong>: La roche phosphat\u00e9e est une option 100 % naturelle qui fournit du phosphore de mani\u00e8re durable, id\u00e9ale pour les pratiques agricoles respectueuses de l&rsquo;environnement.<\/li>\n<li><strong>Renforce le syst\u00e8me racinaire<\/strong>: cet engrais naturel aide \u00e0 d\u00e9velopper des racines plus fortes et plus profondes, optimisant l&rsquo;absorption des nutriments et de l&rsquo;eau du sol.<\/li>\n<li><strong>Favorise la croissance et la production de fruits<\/strong>: son utilisation stimule une floraison robuste et favorise le d\u00e9veloppement des fruits dans les cultures \u00e0 haut rendement telles que les arbres fruitiers et les agrumes.<\/li>\n<li><strong>Am\u00e9liore la structure et la r\u00e9sistance des plantes<\/strong>: le phosphore am\u00e9liore la formation des tissus vasculaires, essentiels pour le transport efficace des nutriments dans la plante, ce qui am\u00e9liore la croissance et la r\u00e9sistance.<\/li>\n<li><strong>Alternative durable au phosphore conventionnel<\/strong>: le phosphate naturel offre un apport de phosphore \u00e0 lib\u00e9ration prolong\u00e9e, ce qui en fait une option agronomique efficace et respectueuse de l&rsquo;environnement pour maximiser les rendements des cultures.<\/li>\n<li>\n<\/li>\n<\/ul>\n<\/div>\n<\/div>\n","protected":false},"featured_media":14719,"comment_status":"open","ping_status":"closed","template":"","meta":{"_acf_changed":false},"product_brand":[],"product_cat":[361,810],"product_tag":[],"woo-feed-brand":[],"class_list":{"0":"post-20362","1":"product","2":"type-product","3":"status-publish","4":"has-post-thumbnail","6":"product_cat-jardinage-biologique-professionnel","7":"product_cat-sacas-fr","9":"first","10":"instock","11":"taxable","12":"shipping-taxable","13":"purchasable","14":"product-type-variable"},"acf":[],"_links":{"self":[{"href":"https:\/\/cultivers.es\/fr\/wp-json\/wp\/v2\/product\/20362","targetHints":{"allow":["GET"]}}],"collection":[{"href":"https:\/\/cultivers.es\/fr\/wp-json\/wp\/v2\/product"}],"about":[{"href":"https:\/\/cultivers.es\/fr\/wp-json\/wp\/v2\/types\/product"}],"replies":[{"embeddable":true,"href":"https:\/\/cultivers.es\/fr\/wp-json\/wp\/v2\/comments?post=20362"}],"wp:featuredmedia":[{"embeddable":true,"href":"https:\/\/cultivers.es\/fr\/wp-json\/wp\/v2\/media\/14719"}],"wp:attachment":[{"href":"https:\/\/cultivers.es\/fr\/wp-json\/wp\/v2\/media?parent=20362"}],"wp:term":[{"taxonomy":"product_brand","embeddable":true,"href":"https:\/\/cultivers.es\/fr\/wp-json\/wp\/v2\/product_brand?post=20362"},{"taxonomy":"product_cat","embeddable":true,"href":"https:\/\/cultivers.es\/fr\/wp-json\/wp\/v2\/product_cat?post=20362"},{"taxonomy":"product_tag","embeddable":true,"href":"https:\/\/cultivers.es\/fr\/wp-json\/wp\/v2\/product_tag?post=20362"},{"taxonomy":"woo-feed-brand","embeddable":true,"href":"https:\/\/cultivers.es\/fr\/wp-json\/wp\/v2\/woo-feed-brand?post=20362"}],"curies":[{"name":"wp","href":"https:\/\/api.w.org\/{rel}","templated":true}]}}