{"id":20542,"date":"2022-03-31T12:00:58","date_gmt":"2022-03-31T12:00:58","guid":{"rendered":"https:\/\/cultivers.es\/abonos\/farine-de-roche-poudre-de-basalte-bigbag-et-sacs-de-20-kg-sur-palette\/"},"modified":"2025-09-22T05:05:42","modified_gmt":"2025-09-22T05:05:42","slug":"dust-rock-dust-flour-flour-bigbag-et-sacs-de-20kg-en-palette","status":"publish","type":"product","link":"https:\/\/cultivers.es\/fr\/abonnements\/dust-rock-dust-flour-flour-bigbag-et-sacs-de-20kg-en-palette\/","title":{"rendered":"Farine de roche. Poudre de basalte Bigbag et sacs de 20 kg sur palette"},"content":{"rendered":"<p><strong>Rock Flour for Plants and Crops : Long Lasting Mineral Nutrition<br \/>\n<\/strong>La farine de roche, en particulier le basalte, est une ressource naturelle d&rsquo;origine volcanique tr\u00e8s appr\u00e9ci\u00e9e dans l&rsquo;agriculture conventionnelle et biologique pour sa richesse en min\u00e9raux essentiels tels que la silice, le calcium, le magn\u00e9sium et le fer. Son application r\u00e9guli\u00e8re sur des sols pauvres augmente consid\u00e9rablement la capacit\u00e9 d&rsquo;\u00e9change cationique, ce qui optimise la r\u00e9tention et la disponibilit\u00e9 des nutriments pour les plantes. <\/p>\n<p>En cas de fortes pluies et de lessivage, les min\u00e9raux contenus dans la farine de roche sont lib\u00e9r\u00e9s progressivement, ce qui leur permet de rester plus longtemps dans le sol et d&rsquo;\u00eatre absorb\u00e9s par les plantes au moment o\u00f9 elles en ont le plus besoin. Cet engrais min\u00e9ral favorise un sol plus \u00e9quilibr\u00e9 et plus fertile, contribuant \u00e0 renforcer les plantes contre les conditions climatiques d\u00e9favorables et \u00e0 am\u00e9liorer la qualit\u00e9 et la productivit\u00e9 des cultures. <\/p>\n","protected":false},"excerpt":{"rendered":"<ul>\n<li><strong>Poudre de basalte riche en silicium<\/strong>: Engrais naturel qui apporte du silicium et des micro-\u00e9l\u00e9ments essentiels \u00e0 tous les types de plantes.<\/li>\n<li><strong>Roche ign\u00e9e volcanique<\/strong>: la poudre de basalte contient de la silice, du calcium, du magn\u00e9sium et du fer et convient aussi bien \u00e0 l&rsquo;agriculture conventionnelle qu&rsquo;\u00e0 l&rsquo;agriculture biologique.<\/li>\n<li><strong>Id\u00e9al pour les sols pauvres<\/strong>: l&rsquo;application r\u00e9guli\u00e8re de farine de roche am\u00e9liore la capacit\u00e9 d&rsquo;\u00e9change cationique et optimise la r\u00e9tention des nutriments dans le sol.<\/li>\n<li><strong>Corrige les toxicit\u00e9s du sol<\/strong>: aide \u00e0 r\u00e9duire les toxicit\u00e9s caus\u00e9es par un exc\u00e8s d&rsquo;aluminium, de fer ou de mangan\u00e8se, favorisant ainsi un \u00e9quilibre sain pour les plantes.<\/li>\n<\/ul>\n","protected":false},"featured_media":14744,"comment_status":"open","ping_status":"closed","template":"","meta":{"_acf_changed":false},"product_brand":[],"product_cat":[361,810],"product_tag":[],"woo-feed-brand":[],"class_list":{"0":"post-20542","1":"product","2":"type-product","3":"status-publish","4":"has-post-thumbnail","6":"product_cat-jardinage-biologique-professionnel","7":"product_cat-sacas-fr","9":"first","10":"instock","11":"taxable","12":"shipping-taxable","13":"purchasable","14":"product-type-variable"},"acf":[],"_links":{"self":[{"href":"https:\/\/cultivers.es\/fr\/wp-json\/wp\/v2\/product\/20542","targetHints":{"allow":["GET"]}}],"collection":[{"href":"https:\/\/cultivers.es\/fr\/wp-json\/wp\/v2\/product"}],"about":[{"href":"https:\/\/cultivers.es\/fr\/wp-json\/wp\/v2\/types\/product"}],"replies":[{"embeddable":true,"href":"https:\/\/cultivers.es\/fr\/wp-json\/wp\/v2\/comments?post=20542"}],"wp:featuredmedia":[{"embeddable":true,"href":"https:\/\/cultivers.es\/fr\/wp-json\/wp\/v2\/media\/14744"}],"wp:attachment":[{"href":"https:\/\/cultivers.es\/fr\/wp-json\/wp\/v2\/media?parent=20542"}],"wp:term":[{"taxonomy":"product_brand","embeddable":true,"href":"https:\/\/cultivers.es\/fr\/wp-json\/wp\/v2\/product_brand?post=20542"},{"taxonomy":"product_cat","embeddable":true,"href":"https:\/\/cultivers.es\/fr\/wp-json\/wp\/v2\/product_cat?post=20542"},{"taxonomy":"product_tag","embeddable":true,"href":"https:\/\/cultivers.es\/fr\/wp-json\/wp\/v2\/product_tag?post=20542"},{"taxonomy":"woo-feed-brand","embeddable":true,"href":"https:\/\/cultivers.es\/fr\/wp-json\/wp\/v2\/woo-feed-brand?post=20542"}],"curies":[{"name":"wp","href":"https:\/\/api.w.org\/{rel}","templated":true}]}}