{"id":20547,"date":"2022-03-31T12:00:58","date_gmt":"2022-03-31T12:00:58","guid":{"rendered":"https:\/\/cultivers.es\/abonos\/bigbag-farine-dos-et-sacs-de-20-kg-sur-palette\/"},"modified":"2025-09-22T04:37:26","modified_gmt":"2025-09-22T04:37:26","slug":"farine-os-farine-bigbag-et-sacs-de-20kg-sur-palette","status":"publish","type":"product","link":"https:\/\/cultivers.es\/fr\/abonnements\/farine-os-farine-bigbag-et-sacs-de-20kg-sur-palette\/","title":{"rendered":"Bigbag farine d&rsquo;os et sacs de 20 kg sur palette"},"content":{"rendered":"<p>Les racines de la plante sont essentielles pour explorer le sol et absorber l&rsquo;eau ainsi que les nutriments min\u00e9raux. Une racine forte et bien d\u00e9velopp\u00e9e am\u00e9liore consid\u00e9rablement l&rsquo;efficacit\u00e9 de l&rsquo;absorption, r\u00e9duisant ainsi la n\u00e9cessit\u00e9 d&rsquo;une application suppl\u00e9mentaire d&rsquo;engrais NPK. En outre, les racines sont le lieu de production de nombreuses hormones qui r\u00e9gulent le m\u00e9tabolisme et participent \u00e0 des fonctions essentielles telles que la division et l&rsquo;\u00e9paississement des cellules, l&rsquo;\u00e9longation et le d\u00e9veloppement des fruits.  <\/p>\n<p>Le calcium, quant \u00e0 lui, contribue \u00e0 la r\u00e9sistance et \u00e0 l&rsquo;adaptation des plantes. En tant qu&rsquo;\u00e9l\u00e9ment essentiel de la paroi cellulaire, ce min\u00e9ral am\u00e9liore la perm\u00e9abilit\u00e9, augmentant la fermet\u00e9, la qualit\u00e9 et la durabilit\u00e9 post-r\u00e9colte du fruit. <\/p>\n<p>Cet engrais naturel est id\u00e9al pour la plantation d&rsquo;arbres et d&rsquo;arbustes, car il favorise un enracinement solide, stimule la floraison et augmente la production de fruits, favorisant une croissance saine et productive \u00e0 chaque stade de d\u00e9veloppement.<\/p>\n","protected":false},"excerpt":{"rendered":"<ul>\n<li><strong>Engrais naturel riche en phosphore et en calcium<\/strong>: fournit des nutriments essentiels pour tous les types de cultures, am\u00e9liorant la fertilit\u00e9 des sols de mani\u00e8re durable.<\/li>\n<li><strong>Favorise l&rsquo;enracinement et une croissance saine<\/strong>: stimule le d\u00e9veloppement de racines robustes, augmentant l&rsquo;absorption des nutriments et encourageant une floraison abondante.<\/li>\n<li><strong>Am\u00e9liore la nouaison et la qualit\u00e9 des fruits<\/strong>: augmente la quantit\u00e9 et la taille des fruits, am\u00e9liorant ainsi le rendement des cultures.<\/li>\n<li><strong>Renforce la r\u00e9sistance aux ravageurs et au stress environnemental<\/strong>: il donne de la vigueur aux plantes, les aidant \u00e0 mieux r\u00e9sister aux ravageurs et aux conditions d\u00e9favorables.<\/li>\n<li><strong>Polyvalent et adapt\u00e9 \u00e0 diverses cultures<\/strong>: id\u00e9al pour les vergers, les jardins et les plantes ornementales, fournissant un soutien nutritionnel naturel \u00e0 toutes sortes d&rsquo;esp\u00e8ces.<\/li>\n<\/ul>\n","protected":false},"featured_media":14749,"comment_status":"open","ping_status":"closed","template":"","meta":{"_acf_changed":false},"product_brand":[],"product_cat":[361,810],"product_tag":[],"woo-feed-brand":[],"class_list":{"0":"post-20547","1":"product","2":"type-product","3":"status-publish","4":"has-post-thumbnail","6":"product_cat-jardinage-biologique-professionnel","7":"product_cat-sacas-fr","9":"first","10":"outofstock","11":"taxable","12":"shipping-taxable","13":"purchasable","14":"product-type-variable"},"acf":[],"_links":{"self":[{"href":"https:\/\/cultivers.es\/fr\/wp-json\/wp\/v2\/product\/20547","targetHints":{"allow":["GET"]}}],"collection":[{"href":"https:\/\/cultivers.es\/fr\/wp-json\/wp\/v2\/product"}],"about":[{"href":"https:\/\/cultivers.es\/fr\/wp-json\/wp\/v2\/types\/product"}],"replies":[{"embeddable":true,"href":"https:\/\/cultivers.es\/fr\/wp-json\/wp\/v2\/comments?post=20547"}],"wp:featuredmedia":[{"embeddable":true,"href":"https:\/\/cultivers.es\/fr\/wp-json\/wp\/v2\/media\/14749"}],"wp:attachment":[{"href":"https:\/\/cultivers.es\/fr\/wp-json\/wp\/v2\/media?parent=20547"}],"wp:term":[{"taxonomy":"product_brand","embeddable":true,"href":"https:\/\/cultivers.es\/fr\/wp-json\/wp\/v2\/product_brand?post=20547"},{"taxonomy":"product_cat","embeddable":true,"href":"https:\/\/cultivers.es\/fr\/wp-json\/wp\/v2\/product_cat?post=20547"},{"taxonomy":"product_tag","embeddable":true,"href":"https:\/\/cultivers.es\/fr\/wp-json\/wp\/v2\/product_tag?post=20547"},{"taxonomy":"woo-feed-brand","embeddable":true,"href":"https:\/\/cultivers.es\/fr\/wp-json\/wp\/v2\/woo-feed-brand?post=20547"}],"curies":[{"name":"wp","href":"https:\/\/api.w.org\/{rel}","templated":true}]}}