{"id":20550,"date":"2022-03-31T12:00:57","date_gmt":"2022-03-31T12:00:57","guid":{"rendered":"https:\/\/cultivers.es\/abonos\/engrais-universel-ecologique-pour-plantes-bigbag-et-sacs-de-20-kg-sur-palette\/"},"modified":"2025-09-22T04:40:03","modified_gmt":"2025-09-22T04:40:03","slug":"engrais-vegetal-universel-ecologique-bigbag-et-20kg-sacs-en-palette","status":"publish","type":"product","link":"https:\/\/cultivers.es\/fr\/abonnements\/engrais-vegetal-universel-ecologique-bigbag-et-20kg-sacs-en-palette\/","title":{"rendered":"Universal Organic Bigbag Plant Fertiliser et sacs de 20kg sur palette"},"content":{"rendered":"<p>Engrais universel \u00e9cologique pour les plantes. Engrais organique d&rsquo;origine v\u00e9g\u00e9tale pour application au sol pour tous types de plantes, contenant de la mati\u00e8re organique, de l&rsquo;azote, du potassium, des acides humiques et fulviques.<\/p>\n<p>Engrais organique sous forme de perles pour une application facile. Il se met rapidement \u00e0 terre.<\/p>\n<p>L&rsquo;engrais organique universel pour plantes incorpore de l&rsquo;azote et du potassium et contient des ACIDES HUMIQUES de haute qualit\u00e9 qui am\u00e9liorent la structure du sol. Convient \u00e0 tous les types de cultures.<\/p>\n<p>Engrais organique universel pour plantes : compos\u00e9 de mati\u00e8re organique, d&rsquo;azote, de potassium et d&rsquo;acides humiques et fulviques, il apporte tous les \u00e9l\u00e9ments nutritifs n\u00e9cessaires pour maintenir la fertilit\u00e9 et l&rsquo;\u00e9quilibre du sol.<\/p>\n<p>Con\u00e7u \u00e0 l&rsquo;aide d&rsquo;une technologie avanc\u00e9e, l&rsquo;engrais se pr\u00e9sente sous la forme de granul\u00e9s perl\u00e9s, ce qui facilite son application et son int\u00e9gration rapide dans le sol. En outre, l&rsquo;azote et le potassium pr\u00e9sents, ainsi que les acides humiques de haute qualit\u00e9, am\u00e9liorent consid\u00e9rablement la structure du sol et aident \u00e0 retenir les nutriments. <\/p>\n<p>Le rapport entre le carbone et l&rsquo;azote est ajust\u00e9 pour permettre aux racines d&rsquo;extraire plus facilement les min\u00e9raux. En outre, cet engrais favorise la prolif\u00e9ration de micro-organismes b\u00e9n\u00e9fiques, cr\u00e9ant ainsi un environnement plus oxyg\u00e9n\u00e9 et plus sain pour les plantes. <\/p>\n<p>R\u00e9sistant au lessivage m\u00eame en cas de fortes pluies, sa formulation maintient l&rsquo;\u00e9quilibre entre le sol et ses micro-organismes. M\u00eame si le temps est instable, le compost aide \u00e0 former des agr\u00e9gats qui am\u00e9liorent l&rsquo;oxyg\u00e9nation du sol. <\/p>\n","protected":false},"excerpt":{"rendered":"<ul class=\"a-unordered-list a-vertical a-spacing-mini\">\n<li><strong>Nutrition \u00e9quilibr\u00e9e NPK<\/strong>: Formulation avec un rapport NPK 8-1-5 et 74% de mati\u00e8re organique v\u00e9g\u00e9tale, optimis\u00e9e pour un apport constant en nutriments essentiels, favorisant le d\u00e9veloppement structurel et m\u00e9tabolique des plantes.<\/li>\n<li><strong>Acides humiques et fulviques<\/strong>: augmentent la capacit\u00e9 de r\u00e9tention d&rsquo;eau et am\u00e9liorent la structure du sol, en favorisant la formation d&rsquo;agr\u00e9gats stables qui facilitent l&rsquo;oxyg\u00e9nation et le d\u00e9veloppement de micro-organismes b\u00e9n\u00e9fiques.<\/li>\n<li><strong>Lib\u00e9ration lente et contr\u00f4l\u00e9e<\/strong>: la technologie des granul\u00e9s perl\u00e9s permet une lib\u00e9ration progressive des nutriments, \u00e9vitant les pics de concentration et le lessivage, m\u00eame en cas d&rsquo;irrigation ou de fortes pluies.<\/li>\n<li><strong>Adaptabilit\u00e9 et stabilit\u00e9<\/strong>: Formule r\u00e9sistante au lessivage dans des conditions climatiques d\u00e9favorables, optimisant la relation entre le sol et les micro-organismes et maintenant un environnement favorable au d\u00e9veloppement des racines.<\/li>\n<li><strong>\u00c9conomie d&rsquo;eau et conservation des sols<\/strong>: am\u00e9liore la r\u00e9tention d&rsquo;eau et la r\u00e9sistance des sols \u00e0 l&rsquo;\u00e9rosion, ce qui r\u00e9duit la fr\u00e9quence d&rsquo;irrigation et favorise l&rsquo;agriculture durable dans les environnements o\u00f9 l&rsquo;eau est rare.<\/li>\n<\/ul>\n","protected":false},"featured_media":14734,"comment_status":"open","ping_status":"closed","template":"","meta":{"_acf_changed":false},"product_brand":[],"product_cat":[361,810],"product_tag":[],"woo-feed-brand":[],"class_list":{"0":"post-20550","1":"product","2":"type-product","3":"status-publish","4":"has-post-thumbnail","6":"product_cat-jardinage-biologique-professionnel","7":"product_cat-sacas-fr","9":"first","10":"instock","11":"taxable","12":"shipping-taxable","13":"purchasable","14":"product-type-variable"},"acf":[],"_links":{"self":[{"href":"https:\/\/cultivers.es\/fr\/wp-json\/wp\/v2\/product\/20550","targetHints":{"allow":["GET"]}}],"collection":[{"href":"https:\/\/cultivers.es\/fr\/wp-json\/wp\/v2\/product"}],"about":[{"href":"https:\/\/cultivers.es\/fr\/wp-json\/wp\/v2\/types\/product"}],"replies":[{"embeddable":true,"href":"https:\/\/cultivers.es\/fr\/wp-json\/wp\/v2\/comments?post=20550"}],"wp:featuredmedia":[{"embeddable":true,"href":"https:\/\/cultivers.es\/fr\/wp-json\/wp\/v2\/media\/14734"}],"wp:attachment":[{"href":"https:\/\/cultivers.es\/fr\/wp-json\/wp\/v2\/media?parent=20550"}],"wp:term":[{"taxonomy":"product_brand","embeddable":true,"href":"https:\/\/cultivers.es\/fr\/wp-json\/wp\/v2\/product_brand?post=20550"},{"taxonomy":"product_cat","embeddable":true,"href":"https:\/\/cultivers.es\/fr\/wp-json\/wp\/v2\/product_cat?post=20550"},{"taxonomy":"product_tag","embeddable":true,"href":"https:\/\/cultivers.es\/fr\/wp-json\/wp\/v2\/product_tag?post=20550"},{"taxonomy":"woo-feed-brand","embeddable":true,"href":"https:\/\/cultivers.es\/fr\/wp-json\/wp\/v2\/woo-feed-brand?post=20550"}],"curies":[{"name":"wp","href":"https:\/\/api.w.org\/{rel}","templated":true}]}}