{"id":20579,"date":"2022-03-31T12:04:29","date_gmt":"2022-03-31T12:04:29","guid":{"rendered":"https:\/\/cultivers.es\/abonos\/bloodmeal-bigbag-et-sacs-de-25-kg-sur-palette\/"},"modified":"2025-09-22T05:18:56","modified_gmt":"2025-09-22T05:18:56","slug":"farine-de-sang-bigbag-et-sacs-de-25-kg-sur-palette","status":"publish","type":"product","link":"https:\/\/cultivers.es\/fr\/abonnements\/farine-de-sang-bigbag-et-sacs-de-25-kg-sur-palette\/","title":{"rendered":"Bloodmeal Bigbag et sacs de 25 kg sur palette"},"content":{"rendered":"<div id=\"dpx-product-description_feature_div\">\n<div class=\"celwidget\" data-csa-c-id=\"mdcyhe-ls0iz6-ohfoul-lrk501\">\n<div id=\"descriptionAndDetails\" class=\"a-section a-spacing-extra-large\">\n<div id=\"productDescription_feature_div\" class=\"celwidget\" data-feature-name=\"productDescription\" data-csa-c-id=\"e9phv9-53ceub-yamamk-mh29o4\">\n<div>\n<div id=\"productDescription_feature_div\" class=\"a-row feature\" data-feature-name=\"productDescription\" data-template-name=\"productDescription\">\n<div id=\"productDescription\" class=\"a-section a-spacing-small\"><\/div>\n<\/div>\n<\/div>\n<\/div>\n<\/div>\n<\/div>\n<\/div>\n<div id=\"dpx-aplus-sustainability-story_feature_div\">\n<div class=\"celwidget\" data-csa-c-id=\"o1xnc8-4310n8-y4abaz-z38w6j\">\n<div id=\"aplusSustainabilityStory_feature_div\" class=\"celwidget\" data-feature-name=\"aplusSustainabilityStory\" data-csa-c-id=\"i4vhbq-shwdvw-8ckiob-xkws1w\">\n<p>La <strong>farine de sang<\/strong> est un engrais organique \u00e0 haute teneur en azote, obtenu \u00e0 partir de sous-produits animaux, id\u00e9al pour stimuler la croissance des cultures aux stades les plus exigeants. L&rsquo;azote est essentiel pour les plantes, car il entre dans la composition de compos\u00e9s de haut poids mol\u00e9culaire, tels que les prot\u00e9ines et les acides nucl\u00e9iques, qui sont n\u00e9cessaires \u00e0 leur d\u00e9veloppement optimal. Une carence en azote peut limiter la production, en provoquant une chlorose des feuilles matures et une r\u00e9duction de la biomasse.  <\/p>\n<p>L&rsquo;application de farine de sang augmente le taux de photosynth\u00e8se et fournit l&rsquo;azote dont les plantes ont besoin \u00e0 des moments critiques de leur croissance. Cet engrais se distingue par sa formulation stable : ses nutriments ne sont pas lessiv\u00e9s par la pluie ou un arrosage prolong\u00e9, ce qui minimise la perte de mati\u00e8re nutritive et \u00e9vite la contamination des nappes phr\u00e9atiques. Son incorporation s&rsquo;effectue g\u00e9n\u00e9ralement directement sur le sol, avec un l\u00e9ger enfouissement pour garantir une absorption efficace.  <\/p>\n<\/div>\n<\/div>\n<\/div>\n<div id=\"dpx-default-important-information_feature_div\">\n<div class=\"celwidget\" data-csa-c-id=\"cesrqi-bsdurj-22ls72-sjkbqf\">\n<div id=\"importantInformation_feature_div\" class=\"celwidget\" data-feature-name=\"importantInformation\" data-csa-c-id=\"e94z17-jnr5y3-cxktrs-vz7zuf\"><\/div>\n<\/div>\n<\/div>\n<div id=\"sims-consolidated-4_feature_div\">\n<div class=\"celwidget\" data-csa-c-id=\"8frqmh-2ewatn-o3u45d-xh0b75\">\n<div class=\"celwidget pd_rd_w-DRblN pf_rd_p-dcd633b7-cb38-4615-862b-a9bd1fbbb388 pf_rd_r-PFPFAB15HQGYYVMZE8X6 pd_rd_r-6a5163c9-d8be-4e3f-8219-5f4d867f39d5 pd_rd_wg-WDKgq c-f\" data-csa-c-content-id=\"amzn1.sym.dcd633b7-cb38-4615-862b-a9bd1fbbb388\" data-csa-c-slot-id=\"sims-container-4\" data-csa-c-type=\"widget\" data-csa-c-painter=\"p13n-desktop-carousel-cards\" data-csa-c-id=\"1kqu96-te1og-kl38mc-s07hw7\"><\/div>\n<\/div>\n<\/div>\n","protected":false},"excerpt":{"rendered":"<div id=\"featurebullets_feature_div\" class=\"celwidget\" data-feature-name=\"featurebullets\" data-csa-c-id=\"5x5wfr-fvdurm-nwghkk-ji2r82\">\n<div id=\"feature-bullets\" class=\"a-section a-spacing-medium a-spacing-top-small\">\n<ul class=\"a-unordered-list a-vertical a-spacing-mini\">\n<li><strong>Engrais organique riche en azote<\/strong>: Fabriqu\u00e9 \u00e0 partir de farine de sang, il offre un apport naturel et tr\u00e8s concentr\u00e9 d&rsquo;azote, essentiel au d\u00e9veloppement des cultures.<\/li>\n<li><strong>Approvisionnement rapide et \u00e9quilibr\u00e9<\/strong>: Son application assure une disponibilit\u00e9 imm\u00e9diate de l&rsquo;azote, favorisant une croissance constante et \u00e9quilibr\u00e9e \u00e0 tous les stades de la plante.<\/li>\n<li><strong>Lib\u00e9ration progressive des nutriments<\/strong>: Les nutriments sont lib\u00e9r\u00e9s lentement, couvrant les besoins de la plante pendant son cycle de d\u00e9veloppement et \u00e9vitant les pics d&rsquo;approvisionnement.<\/li>\n<li><strong>Produit 100% certifi\u00e9 biologique<\/strong>: agr\u00e9\u00e9 par le CAEE sous le num\u00e9ro d&rsquo;enregistrement 26172, conforme aux normes de l&rsquo;agriculture biologique.<\/li>\n<li><strong>Minimise les pertes et pr\u00e9vient la contamination<\/strong>: sa formulation emp\u00eache l&rsquo;azote d&rsquo;\u00eatre emport\u00e9 par la pluie ou une forte irrigation, ce qui r\u00e9duit les pertes d&rsquo;\u00e9l\u00e9ments nutritifs et prot\u00e8ge les eaux souterraines.<\/li>\n<\/ul>\n<\/div>\n<\/div>\n","protected":false},"featured_media":14704,"comment_status":"open","ping_status":"closed","template":"","meta":{"_acf_changed":false},"product_brand":[],"product_cat":[361,810],"product_tag":[],"woo-feed-brand":[],"class_list":{"0":"post-20579","1":"product","2":"type-product","3":"status-publish","4":"has-post-thumbnail","6":"product_cat-jardinage-biologique-professionnel","7":"product_cat-sacas-fr","9":"first","10":"outofstock","11":"taxable","12":"shipping-taxable","13":"purchasable","14":"product-type-variable"},"acf":[],"_links":{"self":[{"href":"https:\/\/cultivers.es\/fr\/wp-json\/wp\/v2\/product\/20579","targetHints":{"allow":["GET"]}}],"collection":[{"href":"https:\/\/cultivers.es\/fr\/wp-json\/wp\/v2\/product"}],"about":[{"href":"https:\/\/cultivers.es\/fr\/wp-json\/wp\/v2\/types\/product"}],"replies":[{"embeddable":true,"href":"https:\/\/cultivers.es\/fr\/wp-json\/wp\/v2\/comments?post=20579"}],"wp:featuredmedia":[{"embeddable":true,"href":"https:\/\/cultivers.es\/fr\/wp-json\/wp\/v2\/media\/14704"}],"wp:attachment":[{"href":"https:\/\/cultivers.es\/fr\/wp-json\/wp\/v2\/media?parent=20579"}],"wp:term":[{"taxonomy":"product_brand","embeddable":true,"href":"https:\/\/cultivers.es\/fr\/wp-json\/wp\/v2\/product_brand?post=20579"},{"taxonomy":"product_cat","embeddable":true,"href":"https:\/\/cultivers.es\/fr\/wp-json\/wp\/v2\/product_cat?post=20579"},{"taxonomy":"product_tag","embeddable":true,"href":"https:\/\/cultivers.es\/fr\/wp-json\/wp\/v2\/product_tag?post=20579"},{"taxonomy":"woo-feed-brand","embeddable":true,"href":"https:\/\/cultivers.es\/fr\/wp-json\/wp\/v2\/woo-feed-brand?post=20579"}],"curies":[{"name":"wp","href":"https:\/\/api.w.org\/{rel}","templated":true}]}}