{"id":20582,"date":"2022-03-31T12:00:57","date_gmt":"2022-03-31T12:00:57","guid":{"rendered":"https:\/\/cultivers.es\/abonos\/compost-avec-du-guano-ecologique-bigbag-et-sacs-de-25-kg-sur-palette\/"},"modified":"2025-09-22T04:36:48","modified_gmt":"2025-09-22T04:36:48","slug":"compost-avec-guano-ecologique-bigbag-et-25kg-sacs-en-palette","status":"publish","type":"product","link":"https:\/\/cultivers.es\/fr\/abonnements\/compost-avec-guano-ecologique-bigbag-et-25kg-sacs-en-palette\/","title":{"rendered":"Compost organique avec Bigbag organique et sacs de 25kg sur palette"},"content":{"rendered":"<div id=\"dpx-product-description_feature_div\">\n<div class=\"celwidget\" data-csa-c-id=\"5jyizg-4o2ji4-od18pl-sv9ler\" data-cel-widget=\"dpx-product-description_csm_instrumentation_wrapper\">\n<div id=\"descriptionAndDetails\" class=\"a-section a-spacing-extra-large\">\n<div id=\"productDescription_feature_div\" class=\"celwidget\" data-feature-name=\"productDescription\" data-csa-c-id=\"jg15ak-vfn0hs-n6a0uj-smv9th\" data-cel-widget=\"productDescription_feature_div\">\n<div id=\"productDescription_feature_div\" class=\"a-row feature\" data-feature-name=\"productDescription\" data-template-name=\"productDescription\" data-cel-widget=\"productDescription_feature_div\">\n<div id=\"productDescription\" class=\"a-section a-spacing-small\">\n<p>Engrais organique microgranul\u00e9 pour am\u00e9liorer la productivit\u00e9 et la qualit\u00e9 de vos cultures. Cet engrais organique se distingue par sa teneur \u00e9lev\u00e9e en mati\u00e8re organique (50 %), qui favorise la r\u00e9tention de l&rsquo;eau et des nutriments dans le sol, permettant une croissance plus saine et plus efficace des orangers et des mandariniers. Sa formule \u00e9quilibr\u00e9e (NPK 6-7-10) apporte de l&rsquo;azote pour un d\u00e9veloppement v\u00e9g\u00e9tatif robuste, du phosphore pour renforcer les racines et du potassium pour am\u00e9liorer la r\u00e9sistance et la qualit\u00e9 des fruits. La lib\u00e9ration lente des nutriments assure une nutrition constante tout au long du cycle de culture, ce qui se traduit par une r\u00e9colte abondante, avec des fruits d&rsquo;une taille, d&rsquo;une saveur et d&rsquo;une jutosit\u00e9 excellentes. En outre, son approche durable contribue \u00e0 la conservation des sols et favorise l&rsquo;activit\u00e9 microbienne, r\u00e9duisant ainsi la d\u00e9pendance \u00e0 l&rsquo;\u00e9gard des produits chimiques. Les agriculteurs qui l&rsquo;ont utilis\u00e9 font \u00e9tat d&rsquo;une augmentation notable du rendement et de la qualit\u00e9 de leurs cultures.     <\/p>\n<\/div>\n<\/div>\n<\/div>\n<\/div>\n<\/div>\n<\/div>\n","protected":false},"excerpt":{"rendered":"<ul>\n<li>Am\u00e9lioration de la fertilit\u00e9 et de la r\u00e9tention : avec 50 % de mati\u00e8re organique, il revitalise le sol, optimisant la r\u00e9tention des nutriments et de l&rsquo;eau pour une absorption maximale par les racines.<\/li>\n<li>Lib\u00e9ration lente des nutriments : Fournit une nutrition constante tout au long du cycle de culture, garantissant une r\u00e9colte d&rsquo;oranges et de mandarines de qualit\u00e9 sup\u00e9rieure, plus grosses, plus juteuses et plus savoureuses.<\/li>\n<li>Formule \u00e9quilibr\u00e9e NPK 6-7-10 : convient \u00e0 toutes les cultures, am\u00e9liore la croissance des feuilles, la croissance des racines et la qualit\u00e9 des fruits, favorisant le d\u00e9veloppement naturel des arbres.<\/li>\n<li>La durabilit\u00e9 dans chaque application : favorise l&rsquo;activit\u00e9 microbienne b\u00e9n\u00e9fique, prot\u00e9geant ainsi la fertilit\u00e9 des sols et l&rsquo;environnement.<\/li>\n<\/ul>\n","protected":false},"featured_media":14729,"comment_status":"open","ping_status":"closed","template":"","meta":{"_acf_changed":false},"product_brand":[],"product_cat":[361,810],"product_tag":[],"woo-feed-brand":[],"class_list":{"0":"post-20582","1":"product","2":"type-product","3":"status-publish","4":"has-post-thumbnail","6":"product_cat-jardinage-biologique-professionnel","7":"product_cat-sacas-fr","9":"first","10":"instock","11":"taxable","12":"shipping-taxable","13":"purchasable","14":"product-type-variable"},"acf":[],"_links":{"self":[{"href":"https:\/\/cultivers.es\/fr\/wp-json\/wp\/v2\/product\/20582","targetHints":{"allow":["GET"]}}],"collection":[{"href":"https:\/\/cultivers.es\/fr\/wp-json\/wp\/v2\/product"}],"about":[{"href":"https:\/\/cultivers.es\/fr\/wp-json\/wp\/v2\/types\/product"}],"replies":[{"embeddable":true,"href":"https:\/\/cultivers.es\/fr\/wp-json\/wp\/v2\/comments?post=20582"}],"wp:featuredmedia":[{"embeddable":true,"href":"https:\/\/cultivers.es\/fr\/wp-json\/wp\/v2\/media\/14729"}],"wp:attachment":[{"href":"https:\/\/cultivers.es\/fr\/wp-json\/wp\/v2\/media?parent=20582"}],"wp:term":[{"taxonomy":"product_brand","embeddable":true,"href":"https:\/\/cultivers.es\/fr\/wp-json\/wp\/v2\/product_brand?post=20582"},{"taxonomy":"product_cat","embeddable":true,"href":"https:\/\/cultivers.es\/fr\/wp-json\/wp\/v2\/product_cat?post=20582"},{"taxonomy":"product_tag","embeddable":true,"href":"https:\/\/cultivers.es\/fr\/wp-json\/wp\/v2\/product_tag?post=20582"},{"taxonomy":"woo-feed-brand","embeddable":true,"href":"https:\/\/cultivers.es\/fr\/wp-json\/wp\/v2\/woo-feed-brand?post=20582"}],"curies":[{"name":"wp","href":"https:\/\/api.w.org\/{rel}","templated":true}]}}