{"id":20583,"date":"2022-03-31T12:00:57","date_gmt":"2022-03-31T12:00:57","guid":{"rendered":"https:\/\/cultivers.es\/abonos\/acides-humiques-liquides-reservoir-1000l-et-bouteilles-20l-sur-palette\/"},"modified":"2025-09-22T04:36:55","modified_gmt":"2025-09-22T04:36:55","slug":"acidos-humicos-liquido-liquido-deposito-1000l-y-garrafas-de-20l-palet","status":"publish","type":"product","link":"https:\/\/cultivers.es\/fr\/abonnements\/acidos-humicos-liquido-liquido-deposito-1000l-y-garrafas-de-20l-palet\/","title":{"rendered":"Acides Humiques Liquides R\u00e9servoir 1000L et Bouteilles 20L sur Palette"},"content":{"rendered":"<p class=\"p1\">Cet engrais liquide \u00e0 base d&rsquo;acides humiques et fulviques, d\u00e9riv\u00e9 de l\u00e9onardite de haute qualit\u00e9, est sp\u00e9cialement formul\u00e9 pour les syst\u00e8mes de fertirrigation. Sa composition homog\u00e8ne est <span class=\"Apple-converted-space\">  <\/span>compatible avec les engrais NPK, \u00e9vitant la formation de pr\u00e9cipit\u00e9s insolubles et am\u00e9liorant leur efficacit\u00e9.<\/p>\n<p class=\"p1\">Appliqu\u00e9 r\u00e9guli\u00e8rement tout au long du cycle de culture, ce produit aide \u00e0 maintenir la fertilit\u00e9 du sol, soutient le d\u00e9veloppement des plantes \u00e0 chaque \u00e9tape du cycle de culture et contribue positivement \u00e0 la croissance et au rendement des plantes, tout en maintenant un sol fertile et biologiquement actif.<\/p>\n","protected":false},"excerpt":{"rendered":"<ul>\n<li><strong>Am\u00e9liorer la fertilit\u00e9 des sols<\/strong>: les acides humiques et fulviques liquides contribuent directement \u00e0 la fertilit\u00e9 des sols, en agissant comme des conditionneurs de sol qui enrichissent le sol et favorisent le d\u00e9veloppement de micro-organismes b\u00e9n\u00e9fiques, essentiels pour un sol productif et \u00e9quilibr\u00e9.<\/li>\n<li><strong>Optimisation des nutriments NPK<\/strong>: lorsqu&rsquo;ils sont appliqu\u00e9s avec des engrais NPK, ils augmentent consid\u00e9rablement l&rsquo;absorption de ces nutriments en emp\u00eachant la formation de pr\u00e9cipit\u00e9s insolubles, ce qui permet aux plantes de tirer le meilleur parti de chaque application et d&rsquo;obtenir les principaux nutriments dont elles ont besoin.<\/li>\n<li><strong>Favorise la croissance \u00e0 tous les stades<\/strong>: une utilisation constante tout au long du cycle de croissance stimule la croissance des plantes \u00e0 tous les stades, de la germination \u00e0 la floraison, en am\u00e9liorant la division cellulaire et le d\u00e9veloppement des racines, cr\u00e9ant ainsi des cultures fortes et r\u00e9sistantes.<\/li>\n<li><strong>Faciliter la r\u00e9tention d&rsquo;eau et la structure du sol<\/strong>: ils am\u00e9liorent la capacit\u00e9 du sol \u00e0 retenir l&rsquo;eau et les nutriments, en favorisant une structure a\u00e9r\u00e9e et meuble qui permet aux racines de mieux absorber les min\u00e9raux et de mieux r\u00e9sister \u00e0 la s\u00e9cheresse.<\/li>\n<li><strong>Efficace en fertirrigation<\/strong>: Ces acides, d\u00e9riv\u00e9s de la l\u00e9onardite, sont id\u00e9aux pour la fertigation en raison de leur homog\u00e9n\u00e9it\u00e9 et de leur stabilit\u00e9. Ils permettent une distribution uniforme et continue des nutriments dans les syst\u00e8mes d&rsquo;irrigation sans risque de colmatage, ce qui maximise les rendements agricoles.<\/li>\n<li>\n<\/li>\n<\/ul>\n","protected":false},"featured_media":14724,"comment_status":"open","ping_status":"closed","template":"","meta":{"_acf_changed":false},"product_brand":[],"product_cat":[361,810],"product_tag":[],"woo-feed-brand":[],"class_list":{"0":"post-20583","1":"product","2":"type-product","3":"status-publish","4":"has-post-thumbnail","6":"product_cat-jardinage-biologique-professionnel","7":"product_cat-sacas-fr","9":"first","10":"instock","11":"taxable","12":"shipping-taxable","13":"purchasable","14":"product-type-variable"},"acf":[],"_links":{"self":[{"href":"https:\/\/cultivers.es\/fr\/wp-json\/wp\/v2\/product\/20583","targetHints":{"allow":["GET"]}}],"collection":[{"href":"https:\/\/cultivers.es\/fr\/wp-json\/wp\/v2\/product"}],"about":[{"href":"https:\/\/cultivers.es\/fr\/wp-json\/wp\/v2\/types\/product"}],"replies":[{"embeddable":true,"href":"https:\/\/cultivers.es\/fr\/wp-json\/wp\/v2\/comments?post=20583"}],"wp:featuredmedia":[{"embeddable":true,"href":"https:\/\/cultivers.es\/fr\/wp-json\/wp\/v2\/media\/14724"}],"wp:attachment":[{"href":"https:\/\/cultivers.es\/fr\/wp-json\/wp\/v2\/media?parent=20583"}],"wp:term":[{"taxonomy":"product_brand","embeddable":true,"href":"https:\/\/cultivers.es\/fr\/wp-json\/wp\/v2\/product_brand?post=20583"},{"taxonomy":"product_cat","embeddable":true,"href":"https:\/\/cultivers.es\/fr\/wp-json\/wp\/v2\/product_cat?post=20583"},{"taxonomy":"product_tag","embeddable":true,"href":"https:\/\/cultivers.es\/fr\/wp-json\/wp\/v2\/product_tag?post=20583"},{"taxonomy":"woo-feed-brand","embeddable":true,"href":"https:\/\/cultivers.es\/fr\/wp-json\/wp\/v2\/woo-feed-brand?post=20583"}],"curies":[{"name":"wp","href":"https:\/\/api.w.org\/{rel}","templated":true}]}}