{"id":20586,"date":"2022-03-31T12:00:57","date_gmt":"2022-03-31T12:00:57","guid":{"rendered":"https:\/\/cultivers.es\/abonos\/humus-de-vers-de-terre-bigbag-et-palettes-en-sacs-de-20-kg\/"},"modified":"2025-09-22T04:40:15","modified_gmt":"2025-09-22T04:40:15","slug":"worm-humus-bigbag-et-palettes-en-sacs-de-20-kg","status":"publish","type":"product","link":"https:\/\/cultivers.es\/fr\/abonnements\/worm-humus-bigbag-et-palettes-en-sacs-de-20-kg\/","title":{"rendered":"Humus de vers de terre Bigbag et palettes en sacs de 20 kg"},"content":{"rendered":"<p>L&rsquo;utilisation continue de l&rsquo;humus de vers am\u00e9liore consid\u00e9rablement les propri\u00e9t\u00e9s du sol, augmentant ainsi la qualit\u00e9 et la productivit\u00e9 des cultures. Ce compost organique finement divis\u00e9, stabilis\u00e9 et humifi\u00e9 offre une structure id\u00e9ale avec une porosit\u00e9, une a\u00e9ration et un drainage \u00e9lev\u00e9s, ainsi qu&rsquo;une capacit\u00e9 de r\u00e9tention d&rsquo;humidit\u00e9 exceptionnelle. En outre, il contient des \u00e9l\u00e9ments nutritifs sous des formes facilement assimilables par les plantes, ce qui stimule une croissance saine.  <\/p>\n<p>Gr\u00e2ce \u00e0 sa forte activit\u00e9 microbienne, l&rsquo;humus des vers de terre am\u00e9liore non seulement la croissance des plantes, mais agit \u00e9galement comme un suppresseur naturel contre les n\u00e9matodes et autres agents pathog\u00e8nes du sol. Il aide \u00e0 modifier la disponibilit\u00e9 des m\u00e9taux lourds et affecte l&rsquo;adsorption et la d\u00e9gradation des pesticides, ce qui contribue \u00e0 la r\u00e9g\u00e9n\u00e9ration des sols d\u00e9grad\u00e9s. <\/p>\n<p>Issu de la d\u00e9composition de la mati\u00e8re organique par les vers de terre de l&rsquo;esp\u00e8ce <em>Eisenia foetida<\/em>, l&rsquo;humus est naturellement enrichi en phytohormones qui r\u00e9gulent la croissance des plantes. Sa forte densit\u00e9 microbienne (1 gramme contient environ 2 milliards de micro-organismes) redonne rapidement vie au sol, am\u00e9liorant sa structure, son a\u00e9ration et sa capacit\u00e9 de r\u00e9tention d&rsquo;eau. Son pH neutre le rend compatible avec tout type de sol et, gr\u00e2ce \u00e0 son faible rapport C\/N, les nutriments sont rapidement min\u00e9ralis\u00e9s et lib\u00e9r\u00e9s, ce qui assure une nutrition optimale des plantes et favorise le d\u00e9veloppement de racines solides.  <\/p>\n","protected":false},"excerpt":{"rendered":"<div id=\"featurebullets_feature_div\" class=\"celwidget\" data-feature-name=\"featurebullets\" data-csa-c-id=\"iso7s1-61shkv-a5qz2z-sgo3f4\" data-cel-widget=\"featurebullets_feature_div\">\n<div id=\"feature-bullets\" class=\"a-section a-spacing-medium a-spacing-top-small\">\n<ul class=\"a-unordered-list a-vertical a-spacing-mini\">\n<li><strong>Humus de vers 100% biologique et de haute qualit\u00e9<\/strong>: un produit enti\u00e8rement naturel et certifi\u00e9, id\u00e9al pour l&rsquo;agriculture durable et biologique.<\/li>\n<li><strong>Forte densit\u00e9 de micro-organismes b\u00e9n\u00e9fiques<\/strong>: un seul gramme contient environ 2 milliards de micro-organismes qui enrichissent le sol et renforcent sa fertilit\u00e9.<\/li>\n<li><strong>Am\u00e9lioration continue des propri\u00e9t\u00e9s du sol<\/strong>: Am\u00e9liore la structure du sol, l&rsquo;a\u00e9ration et la r\u00e9tention d&rsquo;humidit\u00e9, contribuant \u00e0 cr\u00e9er un environnement propice au d\u00e9veloppement des racines.<\/li>\n<li><strong>Stimule les racines et l&rsquo;absorption des nutriments<\/strong>: Son pH neutre lui permet d&rsquo;\u00eatre appliqu\u00e9 dans n&rsquo;importe quel type de sol, en apportant de la mati\u00e8re organique qui am\u00e9liore l&rsquo;absorption des nutriments et le d\u00e9veloppement des racines.<\/li>\n<li><strong>Augmente la qualit\u00e9 et le rendement des cultures<\/strong>: avec un faible rapport C\/N, il permet une min\u00e9ralisation et une lib\u00e9ration rapide des \u00e9l\u00e9ments nutritifs. Num\u00e9ro d&rsquo;enregistrement Sohiscert : CV237PAE-07. <\/li>\n<\/ul>\n<\/div>\n<\/div>\n","protected":false},"featured_media":14739,"comment_status":"open","ping_status":"closed","template":"","meta":{"_acf_changed":false},"product_brand":[],"product_cat":[361,810],"product_tag":[],"class_list":{"0":"post-20586","1":"product","2":"type-product","3":"status-publish","4":"has-post-thumbnail","6":"product_cat-jardinage-biologique-professionnel","7":"product_cat-sacas-fr","9":"first","10":"instock","11":"taxable","12":"shipping-taxable","13":"purchasable","14":"product-type-variable"},"acf":[],"_links":{"self":[{"href":"https:\/\/cultivers.es\/fr\/wp-json\/wp\/v2\/product\/20586","targetHints":{"allow":["GET"]}}],"collection":[{"href":"https:\/\/cultivers.es\/fr\/wp-json\/wp\/v2\/product"}],"about":[{"href":"https:\/\/cultivers.es\/fr\/wp-json\/wp\/v2\/types\/product"}],"replies":[{"embeddable":true,"href":"https:\/\/cultivers.es\/fr\/wp-json\/wp\/v2\/comments?post=20586"}],"wp:featuredmedia":[{"embeddable":true,"href":"https:\/\/cultivers.es\/fr\/wp-json\/wp\/v2\/media\/14739"}],"wp:attachment":[{"href":"https:\/\/cultivers.es\/fr\/wp-json\/wp\/v2\/media?parent=20586"}],"wp:term":[{"taxonomy":"product_brand","embeddable":true,"href":"https:\/\/cultivers.es\/fr\/wp-json\/wp\/v2\/product_brand?post=20586"},{"taxonomy":"product_cat","embeddable":true,"href":"https:\/\/cultivers.es\/fr\/wp-json\/wp\/v2\/product_cat?post=20586"},{"taxonomy":"product_tag","embeddable":true,"href":"https:\/\/cultivers.es\/fr\/wp-json\/wp\/v2\/product_tag?post=20586"}],"curies":[{"name":"wp","href":"https:\/\/api.w.org\/{rel}","templated":true}]}}