{"id":20590,"date":"2022-03-31T12:00:57","date_gmt":"2022-03-31T12:00:57","guid":{"rendered":"https:\/\/cultivers.es\/abonos\/melasse-de-canne-pour-plantes-reservoir-de-1000l-et-bouteilles-de-20l-sur-palette\/"},"modified":"2025-09-22T04:40:26","modified_gmt":"2025-09-22T04:40:26","slug":"molasses-canettes-molasses-pour-plantes-depot-1000l-et-20l-pallet-jars","status":"publish","type":"product","link":"https:\/\/cultivers.es\/fr\/abonnements\/molasses-canettes-molasses-pour-plantes-depot-1000l-et-20l-pallet-jars\/","title":{"rendered":"M\u00e9lasse de canne pour plantes R\u00e9servoir de 1000L et bouteilles de 20L sur palette"},"content":{"rendered":"<p>Pour la production biologique, il est recommand\u00e9 de maximiser le d\u00e9veloppement des cultures gr\u00e2ce \u00e0 une combinaison de micro-organismes b\u00e9n\u00e9fiques qui am\u00e9liorent l&rsquo;absorption des nutriments dans le sol. Cet engrais liquide \u00e0 base de plantes contient une forte concentration d&rsquo;acides amin\u00e9s organiques issus de l&rsquo;hydrolyse enzymatique, compl\u00e9t\u00e9e par 42 % de mati\u00e8re organique v\u00e9g\u00e9tale et 10 % de glycine\/b\u00e9ta\u00efne. <\/p>\n<p>La pr\u00e9sence d&rsquo;acides amin\u00e9s aide les plantes \u00e0 synth\u00e9tiser des prot\u00e9ines essentielles impliqu\u00e9es dans les processus structurels, enzymatiques et de d\u00e9fense naturelle. En outre, la glycine\/b\u00e9ta\u00efne agit comme un osmor\u00e9gulateur, aidant la plante \u00e0 r\u00e9duire l&rsquo;impact du stress biotique et abiotique. Cette formulation am\u00e9liore la r\u00e9tention de l&rsquo;eau et des nutriments et peut \u00eatre appliqu\u00e9e tout au long du cycle v\u00e9g\u00e9tatif, optimisant la capacit\u00e9 d&rsquo;\u00e9change cationique du sol et favorisant la croissance du syst\u00e8me racinaire pour des r\u00e9coltes plus abondantes.  <\/p>\n","protected":false},"excerpt":{"rendered":"<ul class=\"a-unordered-list a-vertical a-spacing-mini\">\n<li><strong>M\u00e9lasse naturelle certifi\u00e9e biologique<\/strong>: produit 100 % naturel, approuv\u00e9 par le CAAE et adapt\u00e9 aux pratiques de l&rsquo;agriculture biologique.<\/li>\n<li><strong>Favorise la sant\u00e9 et la fertilit\u00e9 des sols<\/strong>: stimule l&rsquo;activit\u00e9 microbienne, am\u00e9liore la disponibilit\u00e9 des nutriments et renforce l&rsquo;interaction entre le sol et les plantes afin d&rsquo;optimiser la fertilit\u00e9.<\/li>\n<li><strong>Id\u00e9al pour corriger les sols alcalins<\/strong>: Sa formulation \u00e9quilibr\u00e9e et son caract\u00e8re l\u00e9g\u00e8rement acide am\u00e9liorent les conditions de croissance dans les sols alcalins.<\/li>\n<li><strong>Riche en acides amin\u00e9s organiques<\/strong>: Applicable tout au long du cycle v\u00e9g\u00e9tatif, am\u00e9liorant les propri\u00e9t\u00e9s physico-chimiques du sol et favorisant un d\u00e9veloppement vigoureux de la plante.<\/li>\n<li><strong>Produit s\u00fbr et enti\u00e8rement naturel<\/strong>: totalement inoffensif pour les animaux et les plantes, il constitue une solution durable pour la culture biologique.<\/li>\n<\/ul>\n","protected":false},"featured_media":14694,"comment_status":"open","ping_status":"closed","template":"","meta":{"_acf_changed":false},"product_brand":[],"product_cat":[361,810],"product_tag":[],"woo-feed-brand":[],"class_list":{"0":"post-20590","1":"product","2":"type-product","3":"status-publish","4":"has-post-thumbnail","6":"product_cat-jardinage-biologique-professionnel","7":"product_cat-sacas-fr","9":"first","10":"instock","11":"taxable","12":"shipping-taxable","13":"purchasable","14":"product-type-variable"},"acf":[],"_links":{"self":[{"href":"https:\/\/cultivers.es\/fr\/wp-json\/wp\/v2\/product\/20590","targetHints":{"allow":["GET"]}}],"collection":[{"href":"https:\/\/cultivers.es\/fr\/wp-json\/wp\/v2\/product"}],"about":[{"href":"https:\/\/cultivers.es\/fr\/wp-json\/wp\/v2\/types\/product"}],"replies":[{"embeddable":true,"href":"https:\/\/cultivers.es\/fr\/wp-json\/wp\/v2\/comments?post=20590"}],"wp:featuredmedia":[{"embeddable":true,"href":"https:\/\/cultivers.es\/fr\/wp-json\/wp\/v2\/media\/14694"}],"wp:attachment":[{"href":"https:\/\/cultivers.es\/fr\/wp-json\/wp\/v2\/media?parent=20590"}],"wp:term":[{"taxonomy":"product_brand","embeddable":true,"href":"https:\/\/cultivers.es\/fr\/wp-json\/wp\/v2\/product_brand?post=20590"},{"taxonomy":"product_cat","embeddable":true,"href":"https:\/\/cultivers.es\/fr\/wp-json\/wp\/v2\/product_cat?post=20590"},{"taxonomy":"product_tag","embeddable":true,"href":"https:\/\/cultivers.es\/fr\/wp-json\/wp\/v2\/product_tag?post=20590"},{"taxonomy":"woo-feed-brand","embeddable":true,"href":"https:\/\/cultivers.es\/fr\/wp-json\/wp\/v2\/woo-feed-brand?post=20590"}],"curies":[{"name":"wp","href":"https:\/\/api.w.org\/{rel}","templated":true}]}}