{"id":22182,"date":"2023-10-02T03:51:20","date_gmt":"2023-10-02T03:51:20","guid":{"rendered":"https:\/\/cultivers.es\/?post_type=product&#038;p=22182"},"modified":"2025-09-22T04:45:38","modified_gmt":"2025-09-22T04:45:38","slug":"pack-prele-et-ortie-purine","status":"publish","type":"product","link":"https:\/\/cultivers.es\/fr\/abonnements\/pack-prele-et-ortie-purine\/","title":{"rendered":"Pack Pr\u00eale, Ortie Purine et Savon Potassique"},"content":{"rendered":"<div id=\"productDescription_feature_div\" class=\"celwidget\" data-feature-name=\"productDescription\" data-csa-c-type=\"widget\" data-csa-c-content-id=\"productDescription\" data-csa-c-slot-id=\"productDescription_feature_div\" data-csa-c-asin=\"\" data-csa-c-is-in-initial-active-row=\"false\" data-csa-c-id=\"wn60rw-hd28dm-sm5qt-oq9hhm\" data-cel-widget=\"productDescription_feature_div\">\n<div id=\"productDescription_feature_div\" class=\"a-row feature\" data-feature-name=\"productDescription\" data-template-name=\"productDescription\" data-cel-widget=\"productDescription_feature_div\">\n<div id=\"productDescription\" class=\"a-section a-spacing-small\">\n<p>D\u00e9couvrez la qualit\u00e9 et l&rsquo;efficacit\u00e9 de CULTIVERS, une marque engag\u00e9e dans le respect de l&rsquo;environnement et de la sant\u00e9 de vos plantes. Avec des ann\u00e9es d&rsquo;exp\u00e9rience sur le march\u00e9, CULTIVERS s&rsquo;est impos\u00e9 comme le leader des produits \u00e9cologiques et naturels pour le soin de vos cultures et de vos jardins. Nous vous pr\u00e9sentons le Pack Savon Potassique, Purin d&rsquo;Ortie et de Pr\u00eale en format 1 litre, une solution compl\u00e8te pour prot\u00e9ger, fortifier et maintenir vos plantes en parfait \u00e9tat. Ce pack comprend trois produits essentiels pour le soin de vos plantes:1. Savon Potassique Eco Ecologique : Il agit par contact, offrant une protection 100% naturelle \u00e0 vos plantes. Son utilisation r\u00e9guli\u00e8re am\u00e9liore les d\u00e9fenses des plantes et pr\u00e9vient l&rsquo;apparition de parasites et de maladies.2. Purin d&rsquo;ortie \u00e9cologique : Avec une action insecticide, fongicide et acaricide, ce produit est parfait pour contr\u00f4ler les parasites et les champignons dans vos cultures. Il corrige \u00e9galement la chlorose ferreuse et apporte un pouvoir de verdissement \u00e0 vos plantes. 3. Pr\u00eale biologique pour les plantes : Ce fongicide biostimulant naturel est id\u00e9al pour pr\u00e9venir et traiter les maladies fongiques de vos plantes. Ce pack est parfait pour tous ceux qui recherchent des produits \u00e9cologiques et naturels pour l&rsquo;entretien de leurs plantes, que ce soit \u00e0 l&rsquo;int\u00e9rieur ou \u00e0 l&rsquo;ext\u00e9rieur, comme les vergers urbains, les jardins, les terrasses et les balcons. Avec CULTIVERS, vos plantes seront prot\u00e9g\u00e9es et renforc\u00e9es de mani\u00e8re naturelle, sans avoir recours \u00e0 des produits chimiques nocifs pour l&rsquo;environnement et la sant\u00e9 de vos plantes. N&rsquo;attendez plus pour profiter d&rsquo;un jardin sain et plein de vie avec le Pack Purin d&rsquo;Ortie, de Pr\u00eale et de Savon Potassique de CULTIVERS.          <\/p>\n<div id=\"climatePledgeFriendlyBTF_feature_div\" class=\"celwidget\" data-feature-name=\"climatePledgeFriendlyBTF_EU5\" data-csa-c-type=\"widget\" data-csa-c-content-id=\"climatePledgeFriendlyBTF_EU5\" data-csa-c-slot-id=\"climatePledgeFriendlyBTF_feature_div\" data-csa-c-asin=\"\" data-csa-c-is-in-initial-active-row=\"false\" data-csa-c-id=\"wyocz1-unq2qv-2dapcv-1yluf2\" data-cel-widget=\"climatePledgeFriendlyBTF_feature_div\"><\/div>\n<div id=\"aplusBrandStory_feature_div\" class=\"celwidget\" data-feature-name=\"aplusBrandStory\" data-csa-c-type=\"widget\" data-csa-c-content-id=\"aplusBrandStory\" data-csa-c-slot-id=\"aplusBrandStory_feature_div\" data-csa-c-asin=\"\" data-csa-c-is-in-initial-active-row=\"false\" data-csa-c-id=\"v74p35-wif75w-jxdj7g-j43hub\" data-cel-widget=\"aplusBrandStory_feature_div\">\n<div id=\"aplus\" class=\"a-section a-spacing-large bucket\"><\/div>\n<\/div>\n<\/div>\n<\/div>\n<\/div>\n","protected":false},"excerpt":{"rendered":"<ul class=\"a-unordered-list a-vertical a-spacing-mini\">\n<li class=\"a-spacing-mini\">\n<div id=\"featurebullets_feature_div\" class=\"celwidget\" data-feature-name=\"featurebullets\" data-csa-c-type=\"widget\" data-csa-c-content-id=\"featurebullets\" data-csa-c-slot-id=\"featurebullets_feature_div\" data-csa-c-asin=\"B0C8YSN3S6\" data-csa-c-is-in-initial-active-row=\"false\" data-csa-c-id=\"p53lak-nu2hg3-8uukm6-l59dzg\" data-cel-widget=\"featurebullets_feature_div\">\n<div id=\"feature-bullets\" class=\"a-section a-spacing-medium a-spacing-top-small\">\n<ul class=\"a-unordered-list a-vertical a-spacing-mini\">\n<li class=\"a-spacing-mini\"><span class=\"a-list-item\">Protection naturelle et \u00e9cologique : Le pack CULTIVERS comprend du savon de potassium, de la purine d&rsquo;ortie et de la pr\u00eale, id\u00e9aux pour soigner vos plantes de mani\u00e8re durable et respectueuse de l&rsquo;environnement.<\/span><\/li>\n<li class=\"a-spacing-mini\"><span class=\"a-list-item\">\ud83c\udf31 Renforcer les d\u00e9fenses de vos plantes : Le savon potassique am\u00e9liore les d\u00e9fenses des plantes, tandis que la purine d&rsquo;ortie corrige la chlorose ferrique et que la pr\u00eale renforce le m\u00e9canisme de d\u00e9fense de la plante.<\/span><\/li>\n<li class=\"a-spacing-mini\"><span class=\"a-list-item\">\ud83d\udc1b Lutte contre les parasites et les champignons : La purine d&rsquo;ortie a une action insecticide, fongicide et acaricide, permettant de lutter naturellement et efficacement contre les ravageurs et les champignons dans vos cultures et plantes ornementales.<\/span><\/li>\n<li class=\"a-spacing-mini\"><span class=\"a-list-item\">\ud83c\udf43 Pouvoir verdissant et biostimulant : la purine d&rsquo;ortie apporte un effet verdissant \u00e0 vos plantes, tandis que la pr\u00eale agit comme un fongicide biostimulant naturel, \u00e0 la fois pr\u00e9ventif et curatif.<\/span><\/li>\n<li class=\"a-spacing-mini\"><span class=\"a-list-item\">\ud83d\udca7 \ud83d\udca6 SUPER CONCENTR\u00c9. Dosage et utilisation faciles : Pour l&rsquo;application des produits du pack CULTIVERS, nous recommandons de les utiliser par voie foliaire. Plus d&rsquo;applications avec moins de produits.  <\/span><\/li>\n<\/ul>\n<\/div>\n<\/div>\n<\/li>\n<\/ul>\n","protected":false},"featured_media":42290,"comment_status":"open","ping_status":"closed","template":"","meta":{"_acf_changed":false},"product_brand":[],"product_cat":[460,461],"product_tag":[],"woo-feed-brand":[],"class_list":{"0":"post-22182","1":"product","2":"type-product","3":"status-publish","4":"has-post-thumbnail","6":"product_cat-protection-des-cultures-et-des-plantes","7":"product_cat-substances-de-base","9":"first","10":"instock","11":"taxable","12":"shipping-taxable","13":"purchasable","14":"product-type-variable"},"acf":[],"_links":{"self":[{"href":"https:\/\/cultivers.es\/fr\/wp-json\/wp\/v2\/product\/22182","targetHints":{"allow":["GET"]}}],"collection":[{"href":"https:\/\/cultivers.es\/fr\/wp-json\/wp\/v2\/product"}],"about":[{"href":"https:\/\/cultivers.es\/fr\/wp-json\/wp\/v2\/types\/product"}],"replies":[{"embeddable":true,"href":"https:\/\/cultivers.es\/fr\/wp-json\/wp\/v2\/comments?post=22182"}],"wp:featuredmedia":[{"embeddable":true,"href":"https:\/\/cultivers.es\/fr\/wp-json\/wp\/v2\/media\/42290"}],"wp:attachment":[{"href":"https:\/\/cultivers.es\/fr\/wp-json\/wp\/v2\/media?parent=22182"}],"wp:term":[{"taxonomy":"product_brand","embeddable":true,"href":"https:\/\/cultivers.es\/fr\/wp-json\/wp\/v2\/product_brand?post=22182"},{"taxonomy":"product_cat","embeddable":true,"href":"https:\/\/cultivers.es\/fr\/wp-json\/wp\/v2\/product_cat?post=22182"},{"taxonomy":"product_tag","embeddable":true,"href":"https:\/\/cultivers.es\/fr\/wp-json\/wp\/v2\/product_tag?post=22182"},{"taxonomy":"woo-feed-brand","embeddable":true,"href":"https:\/\/cultivers.es\/fr\/wp-json\/wp\/v2\/woo-feed-brand?post=22182"}],"curies":[{"name":"wp","href":"https:\/\/api.w.org\/{rel}","templated":true}]}}