{"id":31583,"date":"2024-08-19T13:13:25","date_gmt":"2024-08-19T13:13:25","guid":{"rendered":"https:\/\/cultivers.es\/?post_type=product&#038;p=31583"},"modified":"2025-09-22T05:12:27","modified_gmt":"2025-09-22T05:12:27","slug":"graines-de-carotte-nantes-2-ecologique","status":"publish","type":"product","link":"https:\/\/cultivers.es\/fr\/abonnements\/graines-de-carotte-nantes-2-ecologique\/","title":{"rendered":"Graines de carotte blanche de Kuttingen"},"content":{"rendered":"","protected":false},"excerpt":{"rendered":"<p>Cultivez un joyau de la tradition agricole avec nos graines de carottes blanches Kuttingen biologiques. Cette vari\u00e9t\u00e9, originaire d&rsquo;Europe, est connue pour sa couleur blanche distinctive et sa saveur douce et sucr\u00e9e. Parfaite pour ceux qui recherchent quelque chose de diff\u00e9rent dans leur jardin, la carotte blanche de Kuttingen est id\u00e9ale pour ajouter une touche unique \u00e0 vos plats, qu&rsquo;il s&rsquo;agisse de salades fra\u00eeches ou de rago\u00fbts r\u00e9confortants.  <\/p>\n<ul>\n<li><strong>Vari\u00e9t\u00e9 traditionnelle :<\/strong> La carotte blanche de Kuttingen est une vari\u00e9t\u00e9 ancienne, appr\u00e9ci\u00e9e pour son go\u00fbt d\u00e9licat et sa texture croquante. Sa couleur blanche la distingue des carottes orange courantes, ce qui en fait une option int\u00e9ressante et visuellement attrayante. <\/li>\n<li><strong>Saveur douce et sucr\u00e9e :<\/strong> Cette carotte se caract\u00e9rise par une saveur douce et sucr\u00e9e, ce qui la rend id\u00e9ale pour un large \u00e9ventail de pr\u00e9parations culinaires, tant crues que cuites.<\/li>\n<li><strong>Facile \u00e0 cultiver :<\/strong> S&rsquo;adaptant \u00e0 diff\u00e9rents types de sol et r\u00e9sistant \u00e0 diff\u00e9rents climats, la carotte blanche de Kuttingen est un excellent choix pour les jardiniers novices et exp\u00e9riment\u00e9s.<\/li>\n<li><strong>Culture biologique :<\/strong> Nos graines de carottes blanches de Kuttingen sont cultiv\u00e9es de mani\u00e8re biologique, sans pesticides ni engrais chimiques, ce qui garantit un produit sain et respectueux de l&rsquo;environnement.<\/li>\n<li><strong>Riche en nutriments :<\/strong> Comme toutes les carottes, cette vari\u00e9t\u00e9 est riche en vitamines et en antioxydants, ce qui en fait une option nutritive et saine pour vos repas.<\/li>\n<\/ul>\n<p>Osez cultiver quelque chose de diff\u00e9rent ! Achetez nos graines de carottes blanches biologiques de Kuttingen et apportez une touche d&rsquo;histoire et de saveur \u00e0 votre jardin et \u00e0 votre cuisine - une option unique pour un jardin traditionnel et durable !  <\/p>\n","protected":false},"featured_media":31588,"comment_status":"open","ping_status":"closed","template":"","meta":{"_acf_changed":false},"product_brand":[],"product_cat":[426,1307,424],"product_tag":[1579],"woo-feed-brand":[],"class_list":{"0":"post-31583","1":"product","2":"type-product","3":"status-publish","4":"has-post-thumbnail","6":"product_cat-graines-de-racines-biologiques","7":"product_cat-recommander-des-graines","8":"product_cat-semences-biologiques","9":"product_tag-eco","11":"first","12":"instock","13":"taxable","14":"shipping-taxable","15":"purchasable","16":"product-type-simple"},"acf":[],"_links":{"self":[{"href":"https:\/\/cultivers.es\/fr\/wp-json\/wp\/v2\/product\/31583","targetHints":{"allow":["GET"]}}],"collection":[{"href":"https:\/\/cultivers.es\/fr\/wp-json\/wp\/v2\/product"}],"about":[{"href":"https:\/\/cultivers.es\/fr\/wp-json\/wp\/v2\/types\/product"}],"replies":[{"embeddable":true,"href":"https:\/\/cultivers.es\/fr\/wp-json\/wp\/v2\/comments?post=31583"}],"wp:featuredmedia":[{"embeddable":true,"href":"https:\/\/cultivers.es\/fr\/wp-json\/wp\/v2\/media\/31588"}],"wp:attachment":[{"href":"https:\/\/cultivers.es\/fr\/wp-json\/wp\/v2\/media?parent=31583"}],"wp:term":[{"taxonomy":"product_brand","embeddable":true,"href":"https:\/\/cultivers.es\/fr\/wp-json\/wp\/v2\/product_brand?post=31583"},{"taxonomy":"product_cat","embeddable":true,"href":"https:\/\/cultivers.es\/fr\/wp-json\/wp\/v2\/product_cat?post=31583"},{"taxonomy":"product_tag","embeddable":true,"href":"https:\/\/cultivers.es\/fr\/wp-json\/wp\/v2\/product_tag?post=31583"},{"taxonomy":"woo-feed-brand","embeddable":true,"href":"https:\/\/cultivers.es\/fr\/wp-json\/wp\/v2\/woo-feed-brand?post=31583"}],"curies":[{"name":"wp","href":"https:\/\/api.w.org\/{rel}","templated":true}]}}