{"id":31634,"date":"2024-08-19T13:13:23","date_gmt":"2024-08-19T13:13:23","guid":{"rendered":"https:\/\/cultivers.es\/?post_type=product&#038;p=31634"},"modified":"2025-09-22T05:12:38","modified_gmt":"2025-09-22T05:12:38","slug":"graines-de-thym-bio-2","status":"publish","type":"product","link":"https:\/\/cultivers.es\/fr\/abonnements\/graines-de-thym-bio-2\/","title":{"rendered":"Graines de thym Almoradux"},"content":{"rendered":"","protected":false},"excerpt":{"rendered":"<p>D\u00e9couvrez la saveur et l&rsquo;ar\u00f4me authentiques de la M\u00e9diterran\u00e9e avec nos graines de thym Almoradux biologique. Cette vari\u00e9t\u00e9 de thym, \u00e9galement connue sous le nom de thym marjolaine, est appr\u00e9ci\u00e9e pour son parfum intense et ses propri\u00e9t\u00e9s culinaires et m\u00e9dicinales. Id\u00e9al pour ceux qui souhaitent apporter une touche m\u00e9diterran\u00e9enne \u00e0 leur jardin et \u00e0 leurs plats.  <\/p>\n<ul>\n<li><strong>Ar\u00f4me intense :<\/strong> Le thym Almoradux se caract\u00e9rise par son parfum puissant, qui en fait un ingr\u00e9dient essentiel de la cuisine m\u00e9diterran\u00e9enne. Son ar\u00f4me s&rsquo;intensifie lorsqu&rsquo;il est s\u00e9ch\u00e9, apportant une saveur unique et complexe \u00e0 vos recettes. <\/li>\n<li><strong>Polyvalence culinaire :<\/strong> Ce thym est id\u00e9al pour assaisonner les viandes, les poissons, les rago\u00fbts et les soupes, ainsi que pour la pr\u00e9paration d&rsquo;huiles et de vinaigres aromatiques. Il est \u00e9galement un ingr\u00e9dient cl\u00e9 dans de nombreux m\u00e9langes d&rsquo;herbes proven\u00e7ales. <\/li>\n<li><strong>Propri\u00e9t\u00e9s m\u00e9dicinales : Le<\/strong> thym almoradux est non seulement un excellent assaisonnement, mais il est \u00e9galement connu pour ses propri\u00e9t\u00e9s digestives, antiseptiques et apaisantes. Il s&rsquo;agit d&rsquo;une plante traditionnellement utilis\u00e9e dans les infusions et les rem\u00e8des naturels.<\/li>\n<li><strong>Facile \u00e0 cultiver :<\/strong> Cette plante vivace est rustique et facile \u00e0 cultiver, s&rsquo;adaptant bien aux climats secs et aux sols pauvres. Parfaite pour les jardiniers \u00e0 la recherche d&rsquo;une plante aromatique durable et n\u00e9cessitant peu d&rsquo;entretien. <\/li>\n<li><strong>Culture biologique :<\/strong> Nos graines de thym Almoradux sont 100% biologiques, cultiv\u00e9es sans pesticides ni engrais chimiques, ce qui garantit un produit naturel et respectueux de l&rsquo;environnement.<\/li>\n<\/ul>\n<p>Ajoutez une touche m\u00e9diterran\u00e9enne \u00e0 votre jardin et \u00e0 votre cuisine avec nos graines de thym bio Almoradux ! Profitez de son ar\u00f4me intense et de ses nombreuses utilisations culinaires et m\u00e9dicinales, commandez d\u00e8s aujourd&rsquo;hui et commencez \u00e0 cultiver cette merveilleuse herbe aromatique !  <\/p>\n","protected":false},"featured_media":31639,"comment_status":"open","ping_status":"closed","template":"","meta":{"_acf_changed":false},"product_brand":[],"product_cat":[747,424],"product_tag":[1579],"woo-feed-brand":[],"class_list":{"0":"post-31634","1":"product","2":"type-product","3":"status-publish","4":"has-post-thumbnail","6":"product_cat-graines-aromatiques-biologiques","7":"product_cat-semences-biologiques","8":"product_tag-eco","10":"first","11":"instock","12":"taxable","13":"shipping-taxable","14":"purchasable","15":"product-type-simple"},"acf":[],"_links":{"self":[{"href":"https:\/\/cultivers.es\/fr\/wp-json\/wp\/v2\/product\/31634","targetHints":{"allow":["GET"]}}],"collection":[{"href":"https:\/\/cultivers.es\/fr\/wp-json\/wp\/v2\/product"}],"about":[{"href":"https:\/\/cultivers.es\/fr\/wp-json\/wp\/v2\/types\/product"}],"replies":[{"embeddable":true,"href":"https:\/\/cultivers.es\/fr\/wp-json\/wp\/v2\/comments?post=31634"}],"wp:featuredmedia":[{"embeddable":true,"href":"https:\/\/cultivers.es\/fr\/wp-json\/wp\/v2\/media\/31639"}],"wp:attachment":[{"href":"https:\/\/cultivers.es\/fr\/wp-json\/wp\/v2\/media?parent=31634"}],"wp:term":[{"taxonomy":"product_brand","embeddable":true,"href":"https:\/\/cultivers.es\/fr\/wp-json\/wp\/v2\/product_brand?post=31634"},{"taxonomy":"product_cat","embeddable":true,"href":"https:\/\/cultivers.es\/fr\/wp-json\/wp\/v2\/product_cat?post=31634"},{"taxonomy":"product_tag","embeddable":true,"href":"https:\/\/cultivers.es\/fr\/wp-json\/wp\/v2\/product_tag?post=31634"},{"taxonomy":"woo-feed-brand","embeddable":true,"href":"https:\/\/cultivers.es\/fr\/wp-json\/wp\/v2\/woo-feed-brand?post=31634"}],"curies":[{"name":"wp","href":"https:\/\/api.w.org\/{rel}","templated":true}]}}