{"id":36357,"date":"2024-07-16T14:24:10","date_gmt":"2024-07-16T14:24:10","guid":{"rendered":"https:\/\/cultivers.es\/abonos\/vinaigre-dalcool-pret-a-lemploi\/"},"modified":"2025-09-22T05:13:49","modified_gmt":"2025-09-22T05:13:49","slug":"vinaigre-dalcool-pret-a-lemploi","status":"publish","type":"product","link":"https:\/\/cultivers.es\/fr\/abonnements\/vinaigre-dalcool-pret-a-lemploi\/","title":{"rendered":"Vinaigre d&rsquo;alcool pr\u00eat \u00e0 l&#8217;emploi"},"content":{"rendered":"","protected":false},"excerpt":{"rendered":"<ul>\n<li><strong>Application directe<\/strong>: Appliquer sur les mauvaises herbes pour les \u00e9liminer efficacement.<\/li>\n<li>\ud83e\udda0 <strong>Fongicide et bact\u00e9ricide naturels<\/strong>: pr\u00e9vient naturellement les maladies des plantes.<\/li>\n<li><strong>Nettoyage des syst\u00e8mes d&rsquo;irrigation<\/strong>: dissout les d\u00e9p\u00f4ts de calcaire et emp\u00eache le colmatage des \u00e9metteurs.<\/li>\n<li>\u2697\ufe0f <strong>Correction du pH de l&rsquo;eau<\/strong>: maintient le pH en dessous de 6,5, emp\u00eachant la formation de tartre.<\/li>\n<li><strong>Fertigation am\u00e9lior\u00e9e<\/strong>: optimise l&rsquo;absorption des nutriments pour une croissance saine des plantes.<\/li>\n<\/ul>\n","protected":false},"featured_media":27798,"comment_status":"open","ping_status":"closed","template":"","meta":{"_acf_changed":false},"product_brand":[],"product_cat":[1281],"product_tag":[],"class_list":{"0":"post-36357","1":"product","2":"type-product","3":"status-publish","4":"has-post-thumbnail","6":"product_cat-plantes-dinterieur-et-balcon","8":"first","9":"instock","10":"taxable","11":"shipping-taxable","12":"purchasable","13":"product-type-variable"},"acf":[],"_links":{"self":[{"href":"https:\/\/cultivers.es\/fr\/wp-json\/wp\/v2\/product\/36357","targetHints":{"allow":["GET"]}}],"collection":[{"href":"https:\/\/cultivers.es\/fr\/wp-json\/wp\/v2\/product"}],"about":[{"href":"https:\/\/cultivers.es\/fr\/wp-json\/wp\/v2\/types\/product"}],"replies":[{"embeddable":true,"href":"https:\/\/cultivers.es\/fr\/wp-json\/wp\/v2\/comments?post=36357"}],"wp:featuredmedia":[{"embeddable":true,"href":"https:\/\/cultivers.es\/fr\/wp-json\/wp\/v2\/media\/27798"}],"wp:attachment":[{"href":"https:\/\/cultivers.es\/fr\/wp-json\/wp\/v2\/media?parent=36357"}],"wp:term":[{"taxonomy":"product_brand","embeddable":true,"href":"https:\/\/cultivers.es\/fr\/wp-json\/wp\/v2\/product_brand?post=36357"},{"taxonomy":"product_cat","embeddable":true,"href":"https:\/\/cultivers.es\/fr\/wp-json\/wp\/v2\/product_cat?post=36357"},{"taxonomy":"product_tag","embeddable":true,"href":"https:\/\/cultivers.es\/fr\/wp-json\/wp\/v2\/product_tag?post=36357"}],"curies":[{"name":"wp","href":"https:\/\/api.w.org\/{rel}","templated":true}]}}