{"id":36369,"date":"2023-10-25T09:18:16","date_gmt":"2023-10-25T09:18:16","guid":{"rendered":"https:\/\/cultivers.es\/abonos\/graines-de-luffa-bio\/"},"modified":"2025-10-31T10:00:30","modified_gmt":"2025-10-31T10:00:30","slug":"graines-de-luffa-bio","status":"publish","type":"product","link":"https:\/\/cultivers.es\/fr\/abonnements\/graines-de-luffa-bio\/","title":{"rendered":"Graines de luffa"},"content":{"rendered":"","protected":false},"excerpt":{"rendered":"<p><strong>La luffa<\/strong><em>(Luffa cylindrica<\/em>), \u00e9galement connue sous le nom d&rsquo;<strong>\u00e9ponge v\u00e9g\u00e9tale<\/strong>, est une plante grimpante tr\u00e8s polyvalente, appr\u00e9ci\u00e9e \u00e0 la fois pour son utilisation <strong>culinaire lorsqu&rsquo;elle est jeune<\/strong> et pour son application en tant qu&rsquo;<strong>\u00e9ponge naturelle<\/strong> lorsqu&rsquo;elle est m\u00fbre. Ses fruits cylindriques et allong\u00e9s peuvent \u00eatre consomm\u00e9s lorsqu&rsquo;ils sont tendres, comme les courgettes, tandis qu&rsquo;\u00e0 l&rsquo;\u00e9tat sec, ils sont utilis\u00e9s comme exfoliants naturels et \u00e9cologiques. Il s&rsquo;agit d&rsquo;une option id\u00e9ale pour la culture <strong>dans les jardins<\/strong>, alliant fonctionnalit\u00e9 et durabilit\u00e9.  <\/p>\n<p><strong>Des fruits polyvalents :<\/strong> lorsqu&rsquo;ils sont jeunes, ils sont comestibles et parfaits pour les saut\u00e9s et les rago\u00fbts. Une fois m\u00fbrs et s\u00e9ch\u00e9s, ils deviennent des \u00e9ponges v\u00e9g\u00e9tales biod\u00e9gradables, id\u00e9ales pour les soins personnels et le nettoyage domestique. <\/p>\n<p><strong>Plante grimpante et productive :<\/strong> sa croissance vigoureuse et rapide lui permet d&rsquo;\u00eatre utilis\u00e9e pour couvrir des pergolas, des cl\u00f4tures ou des structures verticales, ce qui permet d&rsquo;exploiter au maximum l&rsquo;espace du verger.<\/p>\n<p><strong>Durables et \u00e9cologiques :<\/strong> les \u00e9ponges naturelles obtenues \u00e0 partir du luffa sont biod\u00e9gradables, r\u00e9utilisables et sans plastique, ce qui en fait une alternative \u00e9cologique aux \u00e9ponges synth\u00e9tiques.<\/p>\n<p><strong>Riche en nutriments (lorsqu&rsquo;il est jeune) :<\/strong> En tant que l\u00e9gume, le luffa est pauvre en calories et riche en fibres, en vitamines et en antioxydants, ce qui contribue \u00e0 une alimentation \u00e9quilibr\u00e9e.<\/p>\n<p><strong>Facile \u00e0 cultiver :<\/strong> Adapt\u00e9e aux climats chauds et aux sols bien drain\u00e9s, c&rsquo;est une plante rustique et facile \u00e0 entretenir, id\u00e9ale pour les d\u00e9butants et les jardiniers confirm\u00e9s.<\/p>\n<p><strong>Culture biologique :<\/strong> Nos semences sont <strong>100% biologiques<\/strong>, sans pesticides ni engrais chimiques, ce qui garantit une culture durable et respectueuse de l&rsquo;environnement.<\/p>\n<p>Ajoutez <strong>Organic Luffa<\/strong> \u00e0 votre <strong>jardin<\/strong> et profitez d&rsquo;une plante multifonctionnelle qui combine nourriture et durabilit\u00e9 en une seule culture. Commandez aujourd&rsquo;hui et cultivez une option naturelle et \u00e9cologique pour votre maison ! <\/p>\n","protected":false},"featured_media":50234,"comment_status":"open","ping_status":"closed","template":"","meta":{"_acf_changed":false},"product_brand":[],"product_cat":[424,430],"product_tag":[1579],"class_list":{"0":"post-36369","1":"product","2":"type-product","3":"status-publish","4":"has-post-thumbnail","6":"product_cat-semences-biologiques","7":"product_cat-semences-de-fruits-et-legumes-biologiques","8":"product_tag-eco","10":"first","11":"instock","12":"taxable","13":"shipping-taxable","14":"purchasable","15":"product-type-simple"},"acf":[],"_links":{"self":[{"href":"https:\/\/cultivers.es\/fr\/wp-json\/wp\/v2\/product\/36369","targetHints":{"allow":["GET"]}}],"collection":[{"href":"https:\/\/cultivers.es\/fr\/wp-json\/wp\/v2\/product"}],"about":[{"href":"https:\/\/cultivers.es\/fr\/wp-json\/wp\/v2\/types\/product"}],"replies":[{"embeddable":true,"href":"https:\/\/cultivers.es\/fr\/wp-json\/wp\/v2\/comments?post=36369"}],"wp:featuredmedia":[{"embeddable":true,"href":"https:\/\/cultivers.es\/fr\/wp-json\/wp\/v2\/media\/50234"}],"wp:attachment":[{"href":"https:\/\/cultivers.es\/fr\/wp-json\/wp\/v2\/media?parent=36369"}],"wp:term":[{"taxonomy":"product_brand","embeddable":true,"href":"https:\/\/cultivers.es\/fr\/wp-json\/wp\/v2\/product_brand?post=36369"},{"taxonomy":"product_cat","embeddable":true,"href":"https:\/\/cultivers.es\/fr\/wp-json\/wp\/v2\/product_cat?post=36369"},{"taxonomy":"product_tag","embeddable":true,"href":"https:\/\/cultivers.es\/fr\/wp-json\/wp\/v2\/product_tag?post=36369"}],"curies":[{"name":"wp","href":"https:\/\/api.w.org\/{rel}","templated":true}]}}