{"id":36370,"date":"2024-05-02T13:11:51","date_gmt":"2024-05-02T13:11:51","guid":{"rendered":"https:\/\/cultivers.es\/abonos\/engrais-vert-semences-de-feves-biologiques\/"},"modified":"2025-09-22T05:25:41","modified_gmt":"2025-09-22T05:25:41","slug":"engrais-vert-semences-de-feves-biologiques","status":"publish","type":"product","link":"https:\/\/cultivers.es\/fr\/abonnements\/engrais-vert-semences-de-feves-biologiques\/","title":{"rendered":"Engrais vert Graines de haricots"},"content":{"rendered":"<p>[et_pb_section fb_built=\u00a0\u00bb1&Prime; _builder_version=\u00a0\u00bb4.16&Prime; custom_padding=\u00a0\u00bb0px||||false|false\u00a0\u00bb global_colors_info=\u00a0\u00bb{}\u00a0\u00bb][et_pb_row _builder_version=\u00a0\u00bb4.16&Prime; background_size=\u00a0\u00bbinitial\u00a0\u00bb background_position=\u00a0\u00bbtop_left\u00a0\u00bb background_repeat=\u00a0\u00bbrepeat\u00a0\u00bb width=\u00a0\u00bb100%\u00a0\u00bb custom_padding=\u00a0\u00bb0px||0px||false|false\u00a0\u00bb global_colors_info=\u00a0\u00bb{}\u00a0\u00bb][et_pb_column type=\u00a0\u00bb4_4&Prime; _builder_version=\u00a0\u00bb4.16&Prime; custom_padding=\u00a0\u00bb|||\u00a0\u00bb global_colors_info=\u00a0\u00bb{}\u00a0\u00bb custom_padding__hover=\u00a0\u00bb|||\u00a0\u00bb][et_pb_wc_breadcrumb _builder_version=\u00a0\u00bb4.16&Prime; global_colors_info=\u00a0\u00bb{}\u00a0\u00bb][\/et_pb_wc_breadcrumb][et_pb_wc_cart_notice _builder_version=\u00a0\u00bb4.16&Prime; global_colors_info=\u00a0\u00bb{}\u00a0\u00bb][\/et_pb_wc_cart_notice][\/et_pb_column][\/et_pb_row][et_pb_row _builder_version=\u00a0\u00bb4.16&Prime; background_size=\u00a0\u00bbinitial\u00a0\u00bb background_position=\u00a0\u00bbtop_left\u00a0\u00bb background_repeat=\u00a0\u00bbrepeat\u00a0\u00bb width=\u00a0\u00bb100%\u00a0\u00bb custom_padding=\u00a0\u00bb0px||||false|false\u00a0\u00bb global_colors_info=\u00a0\u00bb{}\u00a0\u00bb column_structure=\u00a0\u00bb1_2,1_2&Prime;][et_pb_column type=\u00a0\u00bb1_2&Prime; _builder_version=\u00a0\u00bb4.16&Prime; custom_padding=\u00a0\u00bb|||\u00a0\u00bb global_colors_info=\u00a0\u00bb{}\u00a0\u00bb custom_padding__hover=\u00a0\u00bb|||\u00a0\u00bb][et_pb_wc_images _builder_version=\u00a0\u00bb4.16&Prime; global_colors_info=\u00a0\u00bb{}\u00a0\u00bb][\/et_pb_wc_images][\/et_pb_column][et_pb_column type=\u00a0\u00bb1_2&Prime; _builder_version=\u00a0\u00bb4.16&Prime; custom_padding=\u00a0\u00bb|||\u00a0\u00bb global_colors_info=\u00a0\u00bb{}\u00a0\u00bb custom_padding__hover=\u00a0\u00bb|||\u00a0\u00bb][et_pb_wc_title _builder_version=\u00a0\u00bb4.16&Prime; global_colors_info=\u00a0\u00bb{}\u00a0\u00bb][\/et_pb_wc_title][et_pb_wc_rating _builder_version=\u00a0\u00bb4.16&Prime; global_colors_info=\u00a0\u00bb{}\u00a0\u00bb][\/et_pb_wc_rating][et_pb_wc_price _builder_version=\u00a0\u00bb4.16&Prime; global_colors_info=\u00a0\u00bb{}\u00a0\u00bb][\/et_pb_wc_price][et_pb_wc_description _builder_version=\u00a0\u00bb4.16&Prime; global_colors_info=\u00a0\u00bb{}\u00a0\u00bb][\/et_pb_wc_description][et_pb_wc_add_to_cart _builder_version=\u00a0\u00bb4.16&Prime; global_colors_info=\u00a0\u00bb{}\u00a0\u00bb][\/et_pb_wc_add_to_cart][et_pb_wc_meta _builder_version=\u00a0\u00bb4.16&Prime; global_colors_info=\u00a0\u00bb{}\u00a0\u00bb][\/et_pb_wc_meta][\/et_pb_column][\/et_pb_row][et_pb_row _builder_version=\u00a0\u00bb4.16&Prime; background_size=\u00a0\u00bbinitial\u00a0\u00bb background_position=\u00a0\u00bbtop_left\u00a0\u00bb background_repeat=\u00a0\u00bbrepeat\u00a0\u00bb width=\u00a0\u00bb100%\u00a0\u00bb global_colors_info=\u00a0\u00bb{}\u00a0\u00bb][et_pb_column type=\u00a0\u00bb4_4&Prime; _builder_version=\u00a0\u00bb4.16&Prime; custom_padding=\u00a0\u00bb|||\u00a0\u00bb global_colors_info=\u00a0\u00bb{}\u00a0\u00bb custom_padding__hover=\u00a0\u00bb|||\u00a0\u00bb][et_pb_wc_tabs _builder_version=\u00a0\u00bb4.16&Prime; global_colors_info=\u00a0\u00bb{}\u00a0\u00bb]\t\t\t\t\t[\/et_pb_wc_tabs][et_pb_wc_upsells _builder_version=\u00a0\u00bb4.16&Prime; global_colors_info=\u00a0\u00bb{}\u00a0\u00bb][\/et_pb_wc_upsells][et_pb_wc_related_products _builder_version=\u00a0\u00bb4.16&Prime; global_colors_info=\u00a0\u00bb{}\u00a0\u00bb][\/et_pb_wc_related_products][\/et_pb_column][\/et_pb_row][\/et_pb_section]<\/p>\n","protected":false},"excerpt":{"rendered":"<p>Nos graines de f\u00e8ves biologiques sont une excellente option pour am\u00e9liorer la qualit\u00e9 et la fertilit\u00e9 du sol de mani\u00e8re naturelle et durable dans votre potager. Les haricots, en plus d&rsquo;\u00eatre un aliment nutritif, sont une l\u00e9gumineuse b\u00e9n\u00e9fique qui offre une s\u00e9rie d&rsquo;avantages sp\u00e9cifiques qui favorisent le d\u00e9veloppement sain de vos cultures et la sant\u00e9 du sol d&rsquo;une mani\u00e8re \u00e9cologique. <\/p>\n<ul>\n<li><strong>Propri\u00e9t\u00e9s de l&rsquo;engrais vert : Les<\/strong> f\u00e8ves appartiennent \u00e0 la famille des l\u00e9gumineuses, ce qui leur permet de fixer l&rsquo;azote atmosph\u00e9rique dans le sol et de l&rsquo;enrichir naturellement de cet \u00e9l\u00e9ment nutritif essentiel \u00e0 la croissance des plantes.<\/li>\n<li><strong>Am\u00e9lioration de la structure du sol :<\/strong> En cultivant des f\u00e8ves comme engrais vert, vous contribuerez \u00e0 l&rsquo;am\u00e9lioration de la structure du sol, \u00e0 l&rsquo;augmentation de la mati\u00e8re organique et \u00e0 l&rsquo;activit\u00e9 microbienne b\u00e9n\u00e9fique dans le sol.<\/li>\n<li><strong>Lutte contre les mauvaises herbes :<\/strong> la croissance vigoureuse des haricots permet d&#8217;emp\u00eacher le d\u00e9veloppement des mauvaises herbes en leur disputant les ressources du sol, ce qui r\u00e9duit la n\u00e9cessit\u00e9 d&rsquo;utiliser des herbicides chimiques.<\/li>\n<li><strong>Protection du sol :<\/strong> la couverture v\u00e9g\u00e9tale fournie par les haricots aide \u00e0 prot\u00e9ger le sol contre l&rsquo;\u00e9rosion caus\u00e9e par le vent et la pluie, ce qui maintient la structure et la sant\u00e9 du sol \u00e0 long terme.<\/li>\n<li><strong>Culture biologique :<\/strong> Ces graines de f\u00e8ves sont produites de mani\u00e8re biologique, sans utilisation de produits chimiques nocifs, ce qui garantit un approvisionnement naturel et s\u00fbr pour votre jardin.<\/li>\n<\/ul>\n<p>Profitez des avantages naturels et de la durabilit\u00e9 des f\u00e8ves en tant qu&rsquo;engrais vert dans votre potager. Cultivez un sol plus fertile, plus \u00e9quilibr\u00e9 et plus sain de mani\u00e8re durable et contribuez \u00e0 la protection de l&rsquo;environnement tout en am\u00e9liorant la productivit\u00e9 de vos cultures. <\/p>\n","protected":false},"featured_media":25044,"comment_status":"open","ping_status":"closed","template":"","meta":{"_acf_changed":false},"product_brand":[],"product_cat":[1290,424],"product_tag":[1579],"woo-feed-brand":[],"class_list":{"0":"post-36370","1":"product","2":"type-product","3":"status-publish","4":"has-post-thumbnail","6":"product_cat-couvertures-vegetales-dengrais-verts","7":"product_cat-semences-biologiques","8":"product_tag-eco","10":"first","11":"instock","12":"taxable","13":"shipping-taxable","14":"purchasable","15":"product-type-simple"},"acf":[],"_links":{"self":[{"href":"https:\/\/cultivers.es\/fr\/wp-json\/wp\/v2\/product\/36370","targetHints":{"allow":["GET"]}}],"collection":[{"href":"https:\/\/cultivers.es\/fr\/wp-json\/wp\/v2\/product"}],"about":[{"href":"https:\/\/cultivers.es\/fr\/wp-json\/wp\/v2\/types\/product"}],"replies":[{"embeddable":true,"href":"https:\/\/cultivers.es\/fr\/wp-json\/wp\/v2\/comments?post=36370"}],"wp:featuredmedia":[{"embeddable":true,"href":"https:\/\/cultivers.es\/fr\/wp-json\/wp\/v2\/media\/25044"}],"wp:attachment":[{"href":"https:\/\/cultivers.es\/fr\/wp-json\/wp\/v2\/media?parent=36370"}],"wp:term":[{"taxonomy":"product_brand","embeddable":true,"href":"https:\/\/cultivers.es\/fr\/wp-json\/wp\/v2\/product_brand?post=36370"},{"taxonomy":"product_cat","embeddable":true,"href":"https:\/\/cultivers.es\/fr\/wp-json\/wp\/v2\/product_cat?post=36370"},{"taxonomy":"product_tag","embeddable":true,"href":"https:\/\/cultivers.es\/fr\/wp-json\/wp\/v2\/product_tag?post=36370"},{"taxonomy":"woo-feed-brand","embeddable":true,"href":"https:\/\/cultivers.es\/fr\/wp-json\/wp\/v2\/woo-feed-brand?post=36370"}],"curies":[{"name":"wp","href":"https:\/\/api.w.org\/{rel}","templated":true}]}}