{"id":36372,"date":"2024-10-24T05:49:54","date_gmt":"2024-10-24T05:49:54","guid":{"rendered":"https:\/\/cultivers.es\/abonos\/engrais-vert-semences-de-pois-biologiques\/"},"modified":"2026-03-14T10:06:31","modified_gmt":"2026-03-14T10:06:31","slug":"engrais-vert-semences-de-pois-biologiques","status":"publish","type":"product","link":"https:\/\/cultivers.es\/fr\/abonnements\/engrais-vert-semences-de-pois-biologiques\/","title":{"rendered":"Engrais vert Graines de pois Eco"},"content":{"rendered":"","protected":false},"excerpt":{"rendered":"<p>Am\u00e9liorez la sant\u00e9 et la fertilit\u00e9 de votre sol avec nos graines de pois biologiques pour compost vert. Non seulement les pois sont un excellent choix pour la culture d&rsquo;engrais verts, mais ils contribuent \u00e9galement \u00e0 fixer l&rsquo;azote dans le sol, l&rsquo;enrichissant ainsi naturellement. Cela favorise une croissance plus saine de vos cultures principales sans avoir besoin d&rsquo;engrais chimiques. Id\u00e9al pour les rotations de cultures, le pois est une plante rustique et facile \u00e0 cultiver qui profite \u00e0 votre jardin de multiples fa\u00e7ons.   <\/p>\n<ul>\n<li><strong>Fixation naturelle de l&rsquo;azote :<\/strong> les pois, en tant que l\u00e9gumineuses, ont la capacit\u00e9 de fixer l&rsquo;azote dans le sol, am\u00e9liorant ainsi sa fertilit\u00e9 de mani\u00e8re naturelle. Cela profite aux cultures futures, contribuant \u00e0 r\u00e9duire le besoin d&rsquo;engrais suppl\u00e9mentaires. <\/li>\n<li><strong>Am\u00e9liore la structure du sol :<\/strong> Le syst\u00e8me racinaire des pois am\u00e9liore la structure du sol, augmentant sa capacit\u00e9 \u00e0 retenir l&rsquo;eau et l&rsquo;air, ce qui permet d&rsquo;obtenir un sol plus sain, propice \u00e0 diverses cultures.<\/li>\n<li><strong>Pr\u00e9vention de l&rsquo;\u00e9rosion :<\/strong> la culture des pois en tant qu&rsquo;engrais vert contribue \u00e0 prot\u00e9ger le sol contre l&rsquo;\u00e9rosion et la perte d&rsquo;\u00e9l\u00e9ments nutritifs, en particulier pendant les p\u00e9riodes o\u00f9 le jardin n&rsquo;est pas en production active.<\/li>\n<li><strong>Facile \u00e0 cultiver :<\/strong> les pois sont des plantes rustiques qui s&rsquo;adaptent bien \u00e0 diff\u00e9rentes conditions climatiques et \u00e0 diff\u00e9rents sols. Ils sont faciles \u00e0 planter et \u00e0 entretenir, ce qui en fait un excellent choix pour tout jardinier d\u00e9sireux d&rsquo;am\u00e9liorer la sant\u00e9 de son sol. <\/li>\n<li><strong>Culture biologique :<\/strong> nos graines de pois sont 100 % biologiques, sans pesticides ni produits chimiques, ce qui garantit une culture s\u00fbre et respectueuse de l&rsquo;environnement. Ainsi, votre engrais vert est v\u00e9ritablement naturel et b\u00e9n\u00e9fique pour l&rsquo;\u00e9cosyst\u00e8me de votre jardin. <\/li>\n<\/ul>\n<p>Am\u00e9liorez la sant\u00e9 de votre sol naturellement avec nos graines de pois biologiques pour compost vert. Faciles \u00e0 cultiver et pleines d&rsquo;avantages pour le sol, ces graines vous aideront \u00e0 cr\u00e9er un jardin plus sain et plus productif. Commandez d\u00e8s aujourd&rsquo;hui et commencez \u00e0 transformer votre sol avec l&rsquo;aide des pois !  <\/p>\n","protected":false},"featured_media":35895,"comment_status":"open","ping_status":"closed","template":"","meta":{"_acf_changed":false},"product_brand":[],"product_cat":[1290,424],"product_tag":[1579],"class_list":{"0":"post-36372","1":"product","2":"type-product","3":"status-publish","4":"has-post-thumbnail","6":"product_cat-couvertures-vegetales-dengrais-verts","7":"product_cat-semences-biologiques","8":"product_tag-eco","10":"first","11":"instock","12":"taxable","13":"shipping-taxable","14":"purchasable","15":"product-type-simple"},"acf":[],"_links":{"self":[{"href":"https:\/\/cultivers.es\/fr\/wp-json\/wp\/v2\/product\/36372","targetHints":{"allow":["GET"]}}],"collection":[{"href":"https:\/\/cultivers.es\/fr\/wp-json\/wp\/v2\/product"}],"about":[{"href":"https:\/\/cultivers.es\/fr\/wp-json\/wp\/v2\/types\/product"}],"replies":[{"embeddable":true,"href":"https:\/\/cultivers.es\/fr\/wp-json\/wp\/v2\/comments?post=36372"}],"wp:featuredmedia":[{"embeddable":true,"href":"https:\/\/cultivers.es\/fr\/wp-json\/wp\/v2\/media\/35895"}],"wp:attachment":[{"href":"https:\/\/cultivers.es\/fr\/wp-json\/wp\/v2\/media?parent=36372"}],"wp:term":[{"taxonomy":"product_brand","embeddable":true,"href":"https:\/\/cultivers.es\/fr\/wp-json\/wp\/v2\/product_brand?post=36372"},{"taxonomy":"product_cat","embeddable":true,"href":"https:\/\/cultivers.es\/fr\/wp-json\/wp\/v2\/product_cat?post=36372"},{"taxonomy":"product_tag","embeddable":true,"href":"https:\/\/cultivers.es\/fr\/wp-json\/wp\/v2\/product_tag?post=36372"}],"curies":[{"name":"wp","href":"https:\/\/api.w.org\/{rel}","templated":true}]}}