{"id":37950,"date":"2024-08-23T13:11:31","date_gmt":"2024-08-23T13:11:31","guid":{"rendered":"https:\/\/cultivers.es\/abonos\/cressida-garden-cress-seed-organic\/"},"modified":"2025-09-22T04:50:09","modified_gmt":"2025-09-22T04:50:09","slug":"cressida-garden-cress-seed-organic","status":"publish","type":"product","link":"https:\/\/cultivers.es\/fr\/abonnements\/cressida-garden-cress-seed-organic\/","title":{"rendered":"Cressida Garden Cress graines"},"content":{"rendered":"","protected":false},"excerpt":{"rendered":"<p>Les semences biologiques de Cressida Garden Cress vous offrent la possibilit\u00e9 de cultiver une plante populaire et polyvalente dans la cuisine, connue pour son go\u00fbt frais, \u00e9pic\u00e9 et l\u00e9g\u00e8rement amer. Le Cressida Garden Cress est id\u00e9al pour les salades, les sandwichs et comme garniture dans une vari\u00e9t\u00e9 de plats, ajoutant une touche distinctive et saine. <\/p>\n<ul>\n<li><strong>Saveur intense et fra\u00eeche :<\/strong> Cressida Garden Cress est appr\u00e9ci\u00e9 pour sa saveur rafra\u00eechissante et acidul\u00e9e, avec une pointe d&rsquo;amertume qui rehausse n&rsquo;importe quelle salade ou n&rsquo;importe quel plat. C&rsquo;est un excellent choix pour ceux qui cherchent \u00e0 ajouter une saveur vibrante et une texture croquante \u00e0 leurs repas. <\/li>\n<li><strong>Croissance rapide :<\/strong> Cette vari\u00e9t\u00e9 de cresson de fontaine se distingue par son cycle de croissance rapide, vous permettant de profiter de ses feuilles en quelques semaines seulement. Elle est parfaite pour ceux qui souhaitent obtenir des r\u00e9sultats rapides dans leur jardin. <\/li>\n<li><strong>Facile \u00e0 cultiver : le<\/strong> Cressida Garden Cress est une plante qui demande peu d&rsquo;entretien et qui peut pousser dans presque n&rsquo;importe quel type de sol, \u00e0 condition qu&rsquo;il soit suffisamment humide. Il est id\u00e9al pour les jardins urbains et ruraux, et convient bien aux pots et aux jardini\u00e8res. <\/li>\n<li><strong>Bienfaits pour la sant\u00e9 :<\/strong> Riche en vitamines A, C et K, ainsi qu&rsquo;en min\u00e9raux essentiels, le cresson de fontaine est connu pour ses propri\u00e9t\u00e9s antioxydantes et anti-inflammatoires. L&rsquo;ajouter \u00e0 votre alimentation quotidienne peut contribuer \u00e0 une meilleure sant\u00e9 g\u00e9n\u00e9rale. <\/li>\n<li><strong>Culture biologique :<\/strong> nos semences sont 100 % biologiques, ce qui vous permet de cultiver de mani\u00e8re durable et sans utiliser de pesticides ni d&rsquo;engrais chimiques. Profitez d&rsquo;une alimentation saine et respectueuse de l&rsquo;environnement. <\/li>\n<\/ul>\n<p>Cultivez la fra\u00eecheur et la sant\u00e9 dans votre jardin avec les graines de cresson de jardin biologique Cressida. Sa croissance rapide et sa saveur distinctive en font un ajout essentiel \u00e0 tout jardin. Commandez d\u00e8s maintenant et ajoutez une touche vibrante et saine \u00e0 vos repas quotidiens !  <\/p>\n","protected":false},"featured_media":50127,"comment_status":"open","ping_status":"closed","template":"","meta":{"_acf_changed":false},"product_brand":[],"product_cat":[424,459],"product_tag":[1579],"class_list":{"0":"post-37950","1":"product","2":"type-product","3":"status-publish","4":"has-post-thumbnail","6":"product_cat-semences-biologiques","7":"product_cat-semences-de-legumes-feuilles-biologiques","8":"product_tag-eco","10":"first","11":"instock","12":"taxable","13":"shipping-taxable","14":"purchasable","15":"product-type-simple"},"acf":[],"_links":{"self":[{"href":"https:\/\/cultivers.es\/fr\/wp-json\/wp\/v2\/product\/37950","targetHints":{"allow":["GET"]}}],"collection":[{"href":"https:\/\/cultivers.es\/fr\/wp-json\/wp\/v2\/product"}],"about":[{"href":"https:\/\/cultivers.es\/fr\/wp-json\/wp\/v2\/types\/product"}],"replies":[{"embeddable":true,"href":"https:\/\/cultivers.es\/fr\/wp-json\/wp\/v2\/comments?post=37950"}],"wp:featuredmedia":[{"embeddable":true,"href":"https:\/\/cultivers.es\/fr\/wp-json\/wp\/v2\/media\/50127"}],"wp:attachment":[{"href":"https:\/\/cultivers.es\/fr\/wp-json\/wp\/v2\/media?parent=37950"}],"wp:term":[{"taxonomy":"product_brand","embeddable":true,"href":"https:\/\/cultivers.es\/fr\/wp-json\/wp\/v2\/product_brand?post=37950"},{"taxonomy":"product_cat","embeddable":true,"href":"https:\/\/cultivers.es\/fr\/wp-json\/wp\/v2\/product_cat?post=37950"},{"taxonomy":"product_tag","embeddable":true,"href":"https:\/\/cultivers.es\/fr\/wp-json\/wp\/v2\/product_tag?post=37950"}],"curies":[{"name":"wp","href":"https:\/\/api.w.org\/{rel}","templated":true}]}}