{"id":37952,"date":"2024-08-23T13:21:05","date_gmt":"2024-08-23T13:21:05","guid":{"rendered":"https:\/\/cultivers.es\/abonos\/brocoli-calinaro-organic-seeds\/"},"modified":"2026-02-03T14:20:50","modified_gmt":"2026-02-03T14:20:50","slug":"brocoli-calinaro-organic-seeds","status":"publish","type":"product","link":"https:\/\/cultivers.es\/fr\/abonnements\/brocoli-calinaro-organic-seeds\/","title":{"rendered":"Brocoli Calinaro Semences"},"content":{"rendered":"","protected":false},"excerpt":{"rendered":"<p>Les graines de brocoli Calinaro biologique vous permettent de cultiver l&rsquo;un des l\u00e9gumes les plus nutritifs et les plus polyvalents de la cuisine. Cette vari\u00e9t\u00e9 de brocoli se distingue par ses t\u00eates compactes, denses et d&rsquo;un vert profond, parfaites pour un large \u00e9ventail de recettes, des salades aux plats cuits \u00e0 la vapeur ou au four. <\/p>\n<ul>\n<li><strong>Vari\u00e9t\u00e9 de haute qualit\u00e9 :<\/strong> Le brocoli Calinaro est connu pour son excellente qualit\u00e9, avec de grandes t\u00eates serr\u00e9es qui offrent une saveur douce et d\u00e9licieuse. Il est id\u00e9al pour ceux qui souhaitent ajouter \u00e0 leurs repas un brocoli \u00e0 la texture parfaite et au go\u00fbt frais. <\/li>\n<li><strong>Riche en nutriments :<\/strong> Ce brocoli est une puissante source de vitamines C et K, de fibres et d&rsquo;antioxydants. Il constitue un compl\u00e9ment essentiel \u00e0 un r\u00e9gime alimentaire \u00e9quilibr\u00e9, contribuant \u00e0 renforcer le syst\u00e8me immunitaire et \u00e0 promouvoir la sant\u00e9 des os. <\/li>\n<li><strong>Croissance rapide et rustique :<\/strong> Les plants de brocolis Calinaro sont vigoureux et r\u00e9sistants, et s&rsquo;adaptent bien aux diff\u00e9rentes conditions climatiques. Leur cycle de croissance relativement court vous permettra de b\u00e9n\u00e9ficier de r\u00e9coltes abondantes en peu de temps. <\/li>\n<li><strong>Facile \u00e0 cultiver :<\/strong> Ces graines sont id\u00e9ales pour les d\u00e9butants et les jardiniers exp\u00e9riment\u00e9s. Le Brocoli Calinaro se pla\u00eet dans les sols fertiles et bien drain\u00e9s, avec une exposition suffisante au soleil. Il convient aux jardins d&rsquo;amateurs, aussi bien en pleine terre qu&rsquo;en grands pots.  <\/li>\n<li><strong>Culture biologique :<\/strong> Nos graines de brocoli Calinaro sont 100% biologiques, ce qui garantit une culture durable et sans utilisation de produits chimiques nocifs. Vous pouvez ainsi d\u00e9guster des brocolis frais et sains provenant directement de votre jardin. <\/li>\n<\/ul>\n<p>Ajoutez de la valeur nutritionnelle et de la saveur \u00e0 votre jardin avec les graines de brocoli biologique Calinaro. Parfaites pour une grande vari\u00e9t\u00e9 de plats et faciles \u00e0 cultiver, ces graines sont un excellent choix pour tout jardinier soucieux de sa sant\u00e9. Commandez d\u00e8s maintenant et profitez de brocolis frais et biologiques sur votre table !  <\/p>\n","protected":false},"featured_media":32362,"comment_status":"open","ping_status":"closed","template":"","meta":{"_acf_changed":false},"product_brand":[],"product_cat":[424,431],"product_tag":[1579],"class_list":{"0":"post-37952","1":"product","2":"type-product","3":"status-publish","4":"has-post-thumbnail","6":"product_cat-semences-biologiques","7":"product_cat-semences-de-brassica-biologiques","8":"product_tag-eco","10":"first","11":"instock","12":"taxable","13":"shipping-taxable","14":"purchasable","15":"product-type-simple"},"acf":[],"_links":{"self":[{"href":"https:\/\/cultivers.es\/fr\/wp-json\/wp\/v2\/product\/37952","targetHints":{"allow":["GET"]}}],"collection":[{"href":"https:\/\/cultivers.es\/fr\/wp-json\/wp\/v2\/product"}],"about":[{"href":"https:\/\/cultivers.es\/fr\/wp-json\/wp\/v2\/types\/product"}],"replies":[{"embeddable":true,"href":"https:\/\/cultivers.es\/fr\/wp-json\/wp\/v2\/comments?post=37952"}],"wp:featuredmedia":[{"embeddable":true,"href":"https:\/\/cultivers.es\/fr\/wp-json\/wp\/v2\/media\/32362"}],"wp:attachment":[{"href":"https:\/\/cultivers.es\/fr\/wp-json\/wp\/v2\/media?parent=37952"}],"wp:term":[{"taxonomy":"product_brand","embeddable":true,"href":"https:\/\/cultivers.es\/fr\/wp-json\/wp\/v2\/product_brand?post=37952"},{"taxonomy":"product_cat","embeddable":true,"href":"https:\/\/cultivers.es\/fr\/wp-json\/wp\/v2\/product_cat?post=37952"},{"taxonomy":"product_tag","embeddable":true,"href":"https:\/\/cultivers.es\/fr\/wp-json\/wp\/v2\/product_tag?post=37952"}],"curies":[{"name":"wp","href":"https:\/\/api.w.org\/{rel}","templated":true}]}}