{"id":37960,"date":"2024-09-10T07:37:08","date_gmt":"2024-09-10T07:37:08","guid":{"rendered":"https:\/\/cultivers.es\/abonos\/graines-de-pavot-rouge-biologique\/"},"modified":"2025-09-22T05:18:27","modified_gmt":"2025-09-22T05:18:27","slug":"graines-de-pavot-rouge-biologique","status":"publish","type":"product","link":"https:\/\/cultivers.es\/fr\/abonnements\/graines-de-pavot-rouge-biologique\/","title":{"rendered":"Graines de pavot rouge"},"content":{"rendered":"","protected":false},"excerpt":{"rendered":"<p>Ajoutez une touche de couleur vibrante \u00e0 votre jardin avec nos graines de pavot rouge biologique. Cette vari\u00e9t\u00e9 se distingue par ses fleurs spectaculaires d&rsquo;un rouge profond qui non seulement embellissent tout espace vert, mais attirent \u00e9galement une grande vari\u00e9t\u00e9 de pollinisateurs. Cultivez ces jolies fleurs durables pour un jardin plein de vie et de couleurs.  <\/p>\n<ul>\n<li><strong>Impact visuel \u00e9tonnant :<\/strong> les fleurs de pavot rouge sont c\u00e9l\u00e8bres pour leur couleur rouge vif et leurs p\u00e9tales d\u00e9licats, qui attirent l&rsquo;attention de tous ceux qui les voient. Leur floraison vibrante transforme n&rsquo;importe quel jardin en un spectacle color\u00e9. <\/li>\n<li><strong>Attraction des pollinisateurs :<\/strong> planter des coquelicots rouges dans votre jardin permet d&rsquo;attirer les abeilles, les papillons et d&rsquo;autres pollinisateurs essentiels, contribuant ainsi \u00e0 la sant\u00e9 et \u00e0 la biodiversit\u00e9 de votre environnement.<\/li>\n<li><strong>Facile \u00e0 cultiver :<\/strong> Ces pavots sont extr\u00eamement faciles \u00e0 cultiver et s&rsquo;adaptent bien \u00e0 un large \u00e9ventail de conditions climatiques et de types de sol. Ils sont parfaits pour les jardiniers d\u00e9butants et experts. <\/li>\n<li><strong>Culture biologique :<\/strong> nos semences sont 100 % biologiques, ce qui garantit que votre jardin est exempt de produits chimiques et de pesticides. Cette approche durable prot\u00e8ge non seulement l&rsquo;environnement, mais garantit \u00e9galement que les fleurs sont sans danger pour les pollinisateurs qui visitent votre jardin. <\/li>\n<li><strong>Utilisation polyvalente :<\/strong> Outre leur beaut\u00e9 ornementale, les coquelicots rouges peuvent \u00eatre utilis\u00e9s pour la cr\u00e9ation de bordures, comme couverture florale ou simplement pour remplir des espaces vides d&rsquo;une explosion de couleurs.<\/li>\n<\/ul>\n<p>Embellissez votre jardin de mani\u00e8re durable avec nos graines de pavot rouge biologiques. Profitez de la beaut\u00e9 naturelle de ces fleurs, tout en soutenant la biodiversit\u00e9 et en respectant l&rsquo;environnement. Commandez d\u00e8s maintenant et donnez vie \u00e0 votre jardin avec ces fleurs \u00e9tonnantes !  <\/p>\n","protected":false},"featured_media":33805,"comment_status":"open","ping_status":"closed","template":"","meta":{"_acf_changed":false},"product_brand":[],"product_cat":[424,464],"product_tag":[1579],"woo-feed-brand":[],"class_list":{"0":"post-37960","1":"product","2":"type-product","3":"status-publish","4":"has-post-thumbnail","6":"product_cat-semences-biologiques","7":"product_cat-semences-de-fleurs-biologiques","8":"product_tag-eco","10":"first","11":"instock","12":"taxable","13":"shipping-taxable","14":"purchasable","15":"product-type-simple"},"acf":[],"_links":{"self":[{"href":"https:\/\/cultivers.es\/fr\/wp-json\/wp\/v2\/product\/37960","targetHints":{"allow":["GET"]}}],"collection":[{"href":"https:\/\/cultivers.es\/fr\/wp-json\/wp\/v2\/product"}],"about":[{"href":"https:\/\/cultivers.es\/fr\/wp-json\/wp\/v2\/types\/product"}],"replies":[{"embeddable":true,"href":"https:\/\/cultivers.es\/fr\/wp-json\/wp\/v2\/comments?post=37960"}],"wp:featuredmedia":[{"embeddable":true,"href":"https:\/\/cultivers.es\/fr\/wp-json\/wp\/v2\/media\/33805"}],"wp:attachment":[{"href":"https:\/\/cultivers.es\/fr\/wp-json\/wp\/v2\/media?parent=37960"}],"wp:term":[{"taxonomy":"product_brand","embeddable":true,"href":"https:\/\/cultivers.es\/fr\/wp-json\/wp\/v2\/product_brand?post=37960"},{"taxonomy":"product_cat","embeddable":true,"href":"https:\/\/cultivers.es\/fr\/wp-json\/wp\/v2\/product_cat?post=37960"},{"taxonomy":"product_tag","embeddable":true,"href":"https:\/\/cultivers.es\/fr\/wp-json\/wp\/v2\/product_tag?post=37960"},{"taxonomy":"woo-feed-brand","embeddable":true,"href":"https:\/\/cultivers.es\/fr\/wp-json\/wp\/v2\/woo-feed-brand?post=37960"}],"curies":[{"name":"wp","href":"https:\/\/api.w.org\/{rel}","templated":true}]}}