{"id":37961,"date":"2024-09-10T07:30:53","date_gmt":"2024-09-10T07:30:53","guid":{"rendered":"https:\/\/cultivers.es\/abonos\/semences-de-concombre-organic-marketmore-demeter\/"},"modified":"2025-10-11T14:22:19","modified_gmt":"2025-10-11T14:22:19","slug":"semences-de-concombre-organic-marketmore-demeter","status":"publish","type":"product","link":"https:\/\/cultivers.es\/fr\/abonnements\/semences-de-concombre-organic-marketmore-demeter\/","title":{"rendered":"Marketmore Graines de concombre Biodynamique Demeter"},"content":{"rendered":"","protected":false},"excerpt":{"rendered":"<p>Cultivez des concombres frais et croquants avec nos graines de concombre Demeter Organic Marketmore. Cette vari\u00e9t\u00e9 est appr\u00e9ci\u00e9e pour sa capacit\u00e9 \u00e0 produire des fruits uniformes et savoureux, id\u00e9aux pour les salades, les cornichons et les jus. Certifi\u00e9es Demeter, ces graines garantissent une culture conforme aux normes les plus strictes de l&rsquo;agriculture biodynamique et biologique.  <\/p>\n<ul>\n<li><strong>Fruits uniformes et savoureux :<\/strong> Le concombre Marketmore produit des concombres \u00e0 peau vert fonc\u00e9, de forme cylindrique, connus pour leur texture ferme et leur saveur douce et rafra\u00eechissante. Leur taille et leur qualit\u00e9 les rendent parfaits pour une vari\u00e9t\u00e9 d&rsquo;utilisations culinaires. <\/li>\n<li><strong>Productivit\u00e9 \u00e9lev\u00e9e :<\/strong> Cette vari\u00e9t\u00e9 est connue pour sa robustesse et sa capacit\u00e9 \u00e0 produire un rendement \u00e9lev\u00e9 de fruits tout au long de la saison, ce qui la rend id\u00e9ale pour les vergers domestiques et commerciaux.<\/li>\n<li><strong>R\u00e9sistance aux maladies :<\/strong> Le concombre Marketmore est r\u00e9sistant \u00e0 plusieurs maladies courantes affectant les concombres, ce qui facilite la culture et minimise le besoin d&rsquo;interventions chimiques.<\/li>\n<li><strong>Certifi\u00e9es Demeter :<\/strong> Cultiv\u00e9es selon les principes de l&rsquo;agriculture biodynamique, ces graines garantissent non seulement un produit sans pesticides ni produits chimiques, mais favorisent \u00e9galement la sant\u00e9 du sol et de l&rsquo;\u00e9cosyst\u00e8me environnant.<\/li>\n<li><strong>Facile \u00e0 cultiver :<\/strong> Adapt\u00e9 \u00e0 la culture en plein champ et en serre, le concombre Marketmore est un excellent choix pour les jardiniers de tous niveaux, offrant des r\u00e9sultats gratifiants avec des soins de base.<\/li>\n<\/ul>\n<p>D\u00e9couvrez la diff\u00e9rence Demeter dans votre jardin avec les graines de concombre Marketmore Organic. Cultivez vos propres concombres de la plus haute qualit\u00e9 et profitez de la fra\u00eecheur et de la saveur que seule l&rsquo;agriculture biologique et biodynamique peut offrir. Commandez d\u00e8s aujourd&rsquo;hui et apportez l&rsquo;excellence \u00e0 votre jardin et \u00e0 votre cuisine !  <\/p>\n","protected":false},"featured_media":33798,"comment_status":"open","ping_status":"closed","template":"","meta":{"_acf_changed":false},"product_brand":[],"product_cat":[1303,424],"product_tag":[1385],"class_list":{"0":"post-37961","1":"product","2":"type-product","3":"status-publish","4":"has-post-thumbnail","6":"product_cat-graines-de-demeter","7":"product_cat-semences-biologiques","8":"product_tag-demeter-fr","10":"first","11":"instock","12":"sale","13":"taxable","14":"shipping-taxable","15":"purchasable","16":"product-type-simple"},"acf":[],"_links":{"self":[{"href":"https:\/\/cultivers.es\/fr\/wp-json\/wp\/v2\/product\/37961","targetHints":{"allow":["GET"]}}],"collection":[{"href":"https:\/\/cultivers.es\/fr\/wp-json\/wp\/v2\/product"}],"about":[{"href":"https:\/\/cultivers.es\/fr\/wp-json\/wp\/v2\/types\/product"}],"replies":[{"embeddable":true,"href":"https:\/\/cultivers.es\/fr\/wp-json\/wp\/v2\/comments?post=37961"}],"wp:featuredmedia":[{"embeddable":true,"href":"https:\/\/cultivers.es\/fr\/wp-json\/wp\/v2\/media\/33798"}],"wp:attachment":[{"href":"https:\/\/cultivers.es\/fr\/wp-json\/wp\/v2\/media?parent=37961"}],"wp:term":[{"taxonomy":"product_brand","embeddable":true,"href":"https:\/\/cultivers.es\/fr\/wp-json\/wp\/v2\/product_brand?post=37961"},{"taxonomy":"product_cat","embeddable":true,"href":"https:\/\/cultivers.es\/fr\/wp-json\/wp\/v2\/product_cat?post=37961"},{"taxonomy":"product_tag","embeddable":true,"href":"https:\/\/cultivers.es\/fr\/wp-json\/wp\/v2\/product_tag?post=37961"}],"curies":[{"name":"wp","href":"https:\/\/api.w.org\/{rel}","templated":true}]}}